{"id":8222,"date":"2025-02-14T12:59:57","date_gmt":"2025-02-14T11:59:57","guid":{"rendered":"https:\/\/lfs.cz\/?page_id=8222"},"modified":"2025-02-14T13:01:25","modified_gmt":"2025-02-14T12:01:25","slug":"vizualni-styl-2024","status":"publish","type":"page","link":"https:\/\/lfs.cz\/en\/vizualni-styl-2024\/","title":{"rendered":"Vizu\u00e1ln\u00ed styl 2024"},"content":{"rendered":"<div data-elementor-type=\"wp-page\" data-elementor-id=\"8222\" class=\"elementor elementor-8222\" data-elementor-post-type=\"page\">\n\t\t\t\t<div class=\"elementor-element elementor-element-2ffdec7 e-flex e-con-boxed e-con e-parent\" data-id=\"2ffdec7\" data-element_type=\"container\" data-e-type=\"container\">\n\t\t\t\t\t<div class=\"e-con-inner\">\n\t\t\t\t<div class=\"elementor-element elementor-element-b1a8dab elementor-widget elementor-widget-heading\" data-id=\"b1a8dab\" data-element_type=\"widget\" data-e-type=\"widget\" data-widget_type=\"heading.default\">\n\t\t\t\t<div class=\"elementor-widget-container\">\n\t\t\t\t\t<h1 class=\"elementor-heading-title elementor-size-default\">Vizu\u00e1ln\u00ed styl 2024<\/h1>\t\t\t\t<\/div>\n\t\t\t\t<\/div>\n\t\t\t\t\t<\/div>\n\t\t\t\t<\/div>\n\t\t<div class=\"elementor-element elementor-element-4bd7a1f e-flex e-con-boxed e-con e-parent\" data-id=\"4bd7a1f\" data-element_type=\"container\" data-e-type=\"container\">\n\t\t\t\t\t<div class=\"e-con-inner\">\n\t\t\t\t<div class=\"elementor-element elementor-element-df5c3f2 elementor-widget elementor-widget-gallery\" data-id=\"df5c3f2\" data-element_type=\"widget\" data-e-type=\"widget\" data-settings=\"{&quot;gallery_layout&quot;:&quot;masonry&quot;,&quot;columns&quot;:2,&quot;columns_mobile&quot;:2,&quot;columns_tablet&quot;:2,&quot;gap&quot;:{&quot;unit&quot;:&quot;px&quot;,&quot;size&quot;:10,&quot;sizes&quot;:[]},&quot;gap_widescreen&quot;:{&quot;unit&quot;:&quot;px&quot;,&quot;size&quot;:&quot;&quot;,&quot;sizes&quot;:[]},&quot;gap_laptop&quot;:{&quot;unit&quot;:&quot;px&quot;,&quot;size&quot;:10,&quot;sizes&quot;:[]},&quot;gap_tablet_extra&quot;:{&quot;unit&quot;:&quot;px&quot;,&quot;size&quot;:10,&quot;sizes&quot;:[]},&quot;gap_tablet&quot;:{&quot;unit&quot;:&quot;px&quot;,&quot;size&quot;:10,&quot;sizes&quot;:[]},&quot;gap_mobile&quot;:{&quot;unit&quot;:&quot;px&quot;,&quot;size&quot;:10,&quot;sizes&quot;:[]},&quot;link_to&quot;:&quot;file&quot;,&quot;overlay_background&quot;:&quot;yes&quot;,&quot;content_hover_animation&quot;:&quot;fade-in&quot;}\" data-widget_type=\"gallery.default\">\n\t\t\t\t<div class=\"elementor-widget-container\">\n\t\t\t\t\t\t\t<div class=\"elementor-gallery__container\">\n\t\t\t\t\t\t\t<a class=\"e-gallery-item elementor-gallery-item elementor-animated-content\" href=\"https:\/\/lfs.cz\/wp-content\/uploads\/2024\/03\/LFS24_marketa_steinert_vizual_nadrazi-web.jpg\" data-elementor-open-lightbox=\"yes\" data-elementor-lightbox-slideshow=\"df5c3f2\" data-e-action-hash=\"#elementor-action%3Aaction%3Dlightbox%26settings%3DeyJpZCI6MTIxNSwidXJsIjoiaHR0cHM6XC9cL2xmcy5jelwvd3AtY29udGVudFwvdXBsb2Fkc1wvMjAyNFwvMDNcL0xGUzI0X21hcmtldGFfc3RlaW5lcnRfdml6dWFsX25hZHJhemktd2ViLmpwZyIsInNsaWRlc2hvdyI6ImRmNWMzZjIifQ%3D%3D\">\n\t\t\t\t\t<div class=\"e-gallery-image elementor-gallery-item__image\" data-thumbnail=\"https:\/\/lfs.cz\/wp-content\/uploads\/2024\/03\/LFS24_marketa_steinert_vizual_nadrazi-web-1024x768.jpg\" data-width=\"800\" data-height=\"600\" aria-label=\"\" role=\"img\" ><\/div>\n\t\t\t\t\t\t\t\t\t\t\t<div class=\"elementor-gallery-item__overlay\"><\/div>\n\t\t\t\t\t\t\t\t\t\t\t\t\t\t<\/a>\n\t\t\t\t\t\t\t<a class=\"e-gallery-item elementor-gallery-item elementor-animated-content\" href=\"https:\/\/lfs.cz\/wp-content\/uploads\/2024\/03\/LFS24_marketa_steinert_vizual_stickers2-web.jpg\" data-elementor-open-lightbox=\"yes\" data-elementor-lightbox-slideshow=\"df5c3f2\" data-e-action-hash=\"#elementor-action%3Aaction%3Dlightbox%26settings%3DeyJpZCI6MTIxMywidXJsIjoiaHR0cHM6XC9cL2xmcy5jelwvd3AtY29udGVudFwvdXBsb2Fkc1wvMjAyNFwvMDNcL0xGUzI0X21hcmtldGFfc3RlaW5lcnRfdml6dWFsX3N0aWNrZXJzMi13ZWIuanBnIiwic2xpZGVzaG93IjoiZGY1YzNmMiJ9\">\n\t\t\t\t\t<div class=\"e-gallery-image elementor-gallery-item__image\" data-thumbnail=\"https:\/\/lfs.cz\/wp-content\/uploads\/2024\/03\/LFS24_marketa_steinert_vizual_stickers2-web-1024x683.jpg\" data-width=\"800\" data-height=\"534\" aria-label=\"\" role=\"img\" ><\/div>\n\t\t\t\t\t\t\t\t\t\t\t<div class=\"elementor-gallery-item__overlay\"><\/div>\n\t\t\t\t\t\t\t\t\t\t\t\t\t\t<\/a>\n\t\t\t\t\t\t\t<a class=\"e-gallery-item elementor-gallery-item elementor-animated-content\" href=\"https:\/\/lfs.cz\/wp-content\/uploads\/2024\/03\/LFS24_marketa_steinert_vizual_poster-web.jpg\" data-elementor-open-lightbox=\"yes\" data-elementor-lightbox-slideshow=\"df5c3f2\" data-e-action-hash=\"#elementor-action%3Aaction%3Dlightbox%26settings%3DeyJpZCI6MTIyMSwidXJsIjoiaHR0cHM6XC9cL2xmcy5jelwvd3AtY29udGVudFwvdXBsb2Fkc1wvMjAyNFwvMDNcL0xGUzI0X21hcmtldGFfc3RlaW5lcnRfdml6dWFsX3Bvc3Rlci13ZWIuanBnIiwic2xpZGVzaG93IjoiZGY1YzNmMiJ9\">\n\t\t\t\t\t<div class=\"e-gallery-image elementor-gallery-item__image\" data-thumbnail=\"https:\/\/lfs.cz\/wp-content\/uploads\/2024\/03\/LFS24_marketa_steinert_vizual_poster-web-1024x683.jpg\" data-width=\"800\" data-height=\"534\" aria-label=\"\" role=\"img\" ><\/div>\n\t\t\t\t\t\t\t\t\t\t\t<div class=\"elementor-gallery-item__overlay\"><\/div>\n\t\t\t\t\t\t\t\t\t\t\t\t\t\t<\/a>\n\t\t\t\t\t\t\t<a class=\"e-gallery-item elementor-gallery-item elementor-animated-content\" href=\"https:\/\/lfs.cz\/wp-content\/uploads\/2024\/03\/LFS24_marketa_steinert_vizual_socks2-web.jpg\" data-elementor-open-lightbox=\"yes\" data-elementor-lightbox-slideshow=\"df5c3f2\" data-e-action-hash=\"#elementor-action%3Aaction%3Dlightbox%26settings%3DeyJpZCI6MTIxNywidXJsIjoiaHR0cHM6XC9cL2xmcy5jelwvd3AtY29udGVudFwvdXBsb2Fkc1wvMjAyNFwvMDNcL0xGUzI0X21hcmtldGFfc3RlaW5lcnRfdml6dWFsX3NvY2tzMi13ZWIuanBnIiwic2xpZGVzaG93IjoiZGY1YzNmMiJ9\">\n\t\t\t\t\t<div class=\"e-gallery-image elementor-gallery-item__image\" data-thumbnail=\"https:\/\/lfs.cz\/wp-content\/uploads\/2024\/03\/LFS24_marketa_steinert_vizual_socks2-web-1024x683.jpg\" data-width=\"800\" data-height=\"534\" aria-label=\"\" role=\"img\" ><\/div>\n\t\t\t\t\t\t\t\t\t\t\t<div class=\"elementor-gallery-item__overlay\"><\/div>\n\t\t\t\t\t\t\t\t\t\t\t\t\t\t<\/a>\n\t\t\t\t\t\t\t<a class=\"e-gallery-item elementor-gallery-item elementor-animated-content\" href=\"https:\/\/lfs.cz\/wp-content\/uploads\/2024\/03\/LFS24_marketa_steinert_vizual_stan-2-web.jpg\" data-elementor-open-lightbox=\"yes\" data-elementor-lightbox-slideshow=\"df5c3f2\" data-e-action-hash=\"#elementor-action%3Aaction%3Dlightbox%26settings%3DeyJpZCI6MTIyMCwidXJsIjoiaHR0cHM6XC9cL2xmcy5jelwvd3AtY29udGVudFwvdXBsb2Fkc1wvMjAyNFwvMDNcL0xGUzI0X21hcmtldGFfc3RlaW5lcnRfdml6dWFsX3N0YW4tMi13ZWIuanBnIiwic2xpZGVzaG93IjoiZGY1YzNmMiJ9\">\n\t\t\t\t\t<div class=\"e-gallery-image elementor-gallery-item__image\" data-thumbnail=\"https:\/\/lfs.cz\/wp-content\/uploads\/2024\/03\/LFS24_marketa_steinert_vizual_stan-2-web-1024x768.jpg\" data-width=\"800\" data-height=\"600\" aria-label=\"\" role=\"img\" ><\/div>\n\t\t\t\t\t\t\t\t\t\t\t<div class=\"elementor-gallery-item__overlay\"><\/div>\n\t\t\t\t\t\t\t\t\t\t\t\t\t\t<\/a>\n\t\t\t\t\t\t\t<a class=\"e-gallery-item elementor-gallery-item elementor-animated-content\" href=\"https:\/\/lfs.cz\/wp-content\/uploads\/2024\/03\/LFS24_marketa_steinert_vizual_tshirt2-web.jpg\" data-elementor-open-lightbox=\"yes\" data-elementor-lightbox-slideshow=\"df5c3f2\" data-e-action-hash=\"#elementor-action%3Aaction%3Dlightbox%26settings%3DeyJpZCI6MTIxOSwidXJsIjoiaHR0cHM6XC9cL2xmcy5jelwvd3AtY29udGVudFwvdXBsb2Fkc1wvMjAyNFwvMDNcL0xGUzI0X21hcmtldGFfc3RlaW5lcnRfdml6dWFsX3RzaGlydDItd2ViLmpwZyIsInNsaWRlc2hvdyI6ImRmNWMzZjIifQ%3D%3D\">\n\t\t\t\t\t<div class=\"e-gallery-image elementor-gallery-item__image\" data-thumbnail=\"https:\/\/lfs.cz\/wp-content\/uploads\/2024\/03\/LFS24_marketa_steinert_vizual_tshirt2-web-1024x683.jpg\" data-width=\"800\" data-height=\"534\" aria-label=\"\" role=\"img\" ><\/div>\n\t\t\t\t\t\t\t\t\t\t\t<div class=\"elementor-gallery-item__overlay\"><\/div>\n\t\t\t\t\t\t\t\t\t\t\t\t\t\t<\/a>\n\t\t\t\t\t\t\t<a class=\"e-gallery-item elementor-gallery-item elementor-animated-content\" href=\"https:\/\/lfs.cz\/wp-content\/uploads\/2024\/03\/LFS24_marketa_steinert_vizual_hoodie-web.jpg\" data-elementor-open-lightbox=\"yes\" data-elementor-lightbox-slideshow=\"df5c3f2\" data-e-action-hash=\"#elementor-action%3Aaction%3Dlightbox%26settings%3DeyJpZCI6MTIyMiwidXJsIjoiaHR0cHM6XC9cL2xmcy5jelwvd3AtY29udGVudFwvdXBsb2Fkc1wvMjAyNFwvMDNcL0xGUzI0X21hcmtldGFfc3RlaW5lcnRfdml6dWFsX2hvb2RpZS13ZWIuanBnIiwic2xpZGVzaG93IjoiZGY1YzNmMiJ9\">\n\t\t\t\t\t<div class=\"e-gallery-image elementor-gallery-item__image\" data-thumbnail=\"https:\/\/lfs.cz\/wp-content\/uploads\/2024\/03\/LFS24_marketa_steinert_vizual_hoodie-web-1024x683.jpg\" data-width=\"800\" data-height=\"534\" aria-label=\"\" role=\"img\" ><\/div>\n\t\t\t\t\t\t\t\t\t\t\t<div class=\"elementor-gallery-item__overlay\"><\/div>\n\t\t\t\t\t\t\t\t\t\t\t\t\t\t<\/a>\n\t\t\t\t\t\t\t<a class=\"e-gallery-item elementor-gallery-item elementor-animated-content\" href=\"https:\/\/lfs.cz\/wp-content\/uploads\/2024\/03\/LFS24_marketa_steinert_vizual_bag2-web.jpg\" data-elementor-open-lightbox=\"yes\" data-elementor-lightbox-slideshow=\"df5c3f2\" data-e-action-hash=\"#elementor-action%3Aaction%3Dlightbox%26settings%3DeyJpZCI6MTIxOCwidXJsIjoiaHR0cHM6XC9cL2xmcy5jelwvd3AtY29udGVudFwvdXBsb2Fkc1wvMjAyNFwvMDNcL0xGUzI0X21hcmtldGFfc3RlaW5lcnRfdml6dWFsX2JhZzItd2ViLmpwZyIsInNsaWRlc2hvdyI6ImRmNWMzZjIifQ%3D%3D\">\n\t\t\t\t\t<div class=\"e-gallery-image elementor-gallery-item__image\" data-thumbnail=\"https:\/\/lfs.cz\/wp-content\/uploads\/2024\/03\/LFS24_marketa_steinert_vizual_bag2-web-1024x683.jpg\" data-width=\"800\" data-height=\"534\" aria-label=\"\" role=\"img\" ><\/div>\n\t\t\t\t\t\t\t\t\t\t\t<div class=\"elementor-gallery-item__overlay\"><\/div>\n\t\t\t\t\t\t\t\t\t\t\t\t\t\t<\/a>\n\t\t\t\t\t\t\t<a class=\"e-gallery-item elementor-gallery-item elementor-animated-content\" href=\"https:\/\/lfs.cz\/wp-content\/uploads\/2024\/03\/LFS24_marketa_steinert_vizual_odznak-web.jpg\" data-elementor-open-lightbox=\"yes\" data-elementor-lightbox-slideshow=\"df5c3f2\" data-e-action-hash=\"#elementor-action%3Aaction%3Dlightbox%26settings%3DeyJpZCI6MTIxNCwidXJsIjoiaHR0cHM6XC9cL2xmcy5jelwvd3AtY29udGVudFwvdXBsb2Fkc1wvMjAyNFwvMDNcL0xGUzI0X21hcmtldGFfc3RlaW5lcnRfdml6dWFsX29kem5hay13ZWIuanBnIiwic2xpZGVzaG93IjoiZGY1YzNmMiJ9\">\n\t\t\t\t\t<div class=\"e-gallery-image elementor-gallery-item__image\" data-thumbnail=\"https:\/\/lfs.cz\/wp-content\/uploads\/2024\/03\/LFS24_marketa_steinert_vizual_odznak-web-1024x683.jpg\" data-width=\"800\" data-height=\"534\" aria-label=\"\" role=\"img\" ><\/div>\n\t\t\t\t\t\t\t\t\t\t\t<div class=\"elementor-gallery-item__overlay\"><\/div>\n\t\t\t\t\t\t\t\t\t\t\t\t\t\t<\/a>\n\t\t\t\t\t\t\t<a class=\"e-gallery-item elementor-gallery-item elementor-animated-content\" href=\"https:\/\/lfs.cz\/wp-content\/uploads\/2024\/03\/LFS24_marketa_steinert_vizual_ID-web.jpg\" data-elementor-open-lightbox=\"yes\" data-elementor-lightbox-slideshow=\"df5c3f2\" data-e-action-hash=\"#elementor-action%3Aaction%3Dlightbox%26settings%3DeyJpZCI6MTIxNiwidXJsIjoiaHR0cHM6XC9cL2xmcy5jelwvd3AtY29udGVudFwvdXBsb2Fkc1wvMjAyNFwvMDNcL0xGUzI0X21hcmtldGFfc3RlaW5lcnRfdml6dWFsX0lELXdlYi5qcGciLCJzbGlkZXNob3ciOiJkZjVjM2YyIn0%3D\">\n\t\t\t\t\t<div class=\"e-gallery-image elementor-gallery-item__image\" data-thumbnail=\"https:\/\/lfs.cz\/wp-content\/uploads\/2024\/03\/LFS24_marketa_steinert_vizual_ID-web-1024x728.jpg\" data-width=\"800\" data-height=\"569\" aria-label=\"\" role=\"img\" ><\/div>\n\t\t\t\t\t\t\t\t\t\t\t<div class=\"elementor-gallery-item__overlay\"><\/div>\n\t\t\t\t\t\t\t\t\t\t\t\t\t\t<\/a>\n\t\t\t\t\t<\/div>\n\t\t\t\t\t<\/div>\n\t\t\t\t<\/div>\n\t\t\t\t\t<\/div>\n\t\t\t\t<\/div>\n\t\t<div class=\"elementor-element elementor-element-5fc3ce2 e-flex e-con-boxed e-con e-parent\" data-id=\"5fc3ce2\" data-element_type=\"container\" data-e-type=\"container\">\n\t\t\t\t\t<div class=\"e-con-inner\">\n\t\t\t\t<div class=\"elementor-element elementor-element-5d3fcb2 elementor-widget-divider--view-line elementor-widget elementor-widget-divider\" data-id=\"5d3fcb2\" data-element_type=\"widget\" data-e-type=\"widget\" data-widget_type=\"divider.default\">\n\t\t\t\t<div class=\"elementor-widget-container\">\n\t\t\t\t\t\t\t<div class=\"elementor-divider\">\n\t\t\t<span class=\"elementor-divider-separator\">\n\t\t\t\t\t\t<\/span>\n\t\t<\/div>\n\t\t\t\t\t\t<\/div>\n\t\t\t\t<\/div>\n\t\t\t\t\t<\/div>\n\t\t\t\t<\/div>\n\t\t<div class=\"elementor-element elementor-element-36c8dac e-flex e-con-boxed e-con e-parent\" data-id=\"36c8dac\" data-element_type=\"container\" data-e-type=\"container\">\n\t\t\t\t\t<div class=\"e-con-inner\">\n\t\t<div class=\"elementor-element elementor-element-edd8e9a e-flex e-con-boxed e-con e-child\" data-id=\"edd8e9a\" data-element_type=\"container\" data-e-type=\"container\">\n\t\t\t\t\t<div class=\"e-con-inner\">\n\t\t\t\t<div class=\"elementor-element elementor-element-c4fba03 elementor-widget__width-initial elementor-widget-widescreen__width-initial elementor-widget elementor-widget-heading\" data-id=\"c4fba03\" data-element_type=\"widget\" data-e-type=\"widget\" data-widget_type=\"heading.default\">\n\t\t\t\t<div class=\"elementor-widget-container\">\n\t\t\t\t\t<h2 class=\"elementor-heading-title elementor-size-default\">Vizu\u00e1ln\u00ed styl LF\u0160 2024<\/h2>\t\t\t\t<\/div>\n\t\t\t\t<\/div>\n\t\t\t\t\t<\/div>\n\t\t\t\t<\/div>\n\t\t<div class=\"elementor-element elementor-element-e2c4279 e-flex e-con-boxed e-con e-child\" data-id=\"e2c4279\" data-element_type=\"container\" data-e-type=\"container\">\n\t\t\t\t\t<div class=\"e-con-inner\">\n\t\t\t\t<div class=\"elementor-element elementor-element-d2eb77e elementor-widget__width-initial elementor-widget-widescreen__width-initial elementor-widget elementor-widget-heading\" data-id=\"d2eb77e\" data-element_type=\"widget\" data-e-type=\"widget\" data-widget_type=\"heading.default\">\n\t\t\t\t<div class=\"elementor-widget-container\">\n\t\t\t\t\t<h3 class=\"elementor-heading-title elementor-size-default\">\u201eLeto\u0161n\u00ed vizu\u00e1l je odrazem toho, co n\u00e1s spojuje \u2013 v\u00e1\u0161e\u0148 pro filmy, kouzlo jedine\u010dn\u00e9 festivalov\u00e9 atmosf\u00e9ry a 50. v\u00fdro\u010d\u00ed Filmovky. N\u00e1v\u0161t\u011bvn\u00edky bude prov\u00e1zet jisk\u0159iv\u00e1 \u010derven\u00e1 barva a slavnostn\u00ed typografie, kter\u00e9 se propojuj\u00ed se vzpom\u00ednkami na Filmovku a s texty, kter\u00e9 speci\u00e1ln\u011b pro festival p\u0159ipravili z\u00e1stupci \u010desk\u00e9 slam poetry Anatol Svahilec, Ellen Makumbirofa, Honza Dibitanzl, Jan J\u00edlek a Ond\u0159ej Hrabal. Z\u00e1rove\u0148 jsme pro v\u00e1s do vizu\u00e1lu ukryli spoustu mal\u00fdch odkaz\u016f na Uhersk\u00e9 Hradi\u0161t\u011b a minul\u00e9 ro\u010dn\u00edky. Te\u010f u\u017e jen zb\u00fdv\u00e1 vydat se do tohoto filmov\u00e9ho sv\u011bta, kter\u00fd jsme pro v\u00e1s s l\u00e1skou vytvo\u0159ili. Nech\u0165 slavnost zapo\u010dne!\u201c<\/h3>\t\t\t\t<\/div>\n\t\t\t\t<\/div>\n\t\t\t\t<div class=\"elementor-element elementor-element-2ca5683 elementor-widget__width-initial elementor-widget-widescreen__width-initial elementor-widget elementor-widget-heading\" data-id=\"2ca5683\" data-element_type=\"widget\" data-e-type=\"widget\" data-widget_type=\"heading.default\">\n\t\t\t\t<div class=\"elementor-widget-container\">\n\t\t\t\t\t<h3 class=\"elementor-heading-title elementor-size-default\"><a href=\"http:\/\/www.marketasteinert.com\/\" target=\"_blank\" rel=\"nofollow\">Mark\u00e9ta Steinert<\/a><\/h3>\t\t\t\t<\/div>\n\t\t\t\t<\/div>\n\t\t\t\t<div class=\"elementor-element elementor-element-164a31d elementor-widget__width-initial elementor-widget-widescreen__width-initial elementor-widget elementor-widget-heading\" data-id=\"164a31d\" data-element_type=\"widget\" data-e-type=\"widget\" data-widget_type=\"heading.default\">\n\t\t\t\t<div class=\"elementor-widget-container\">\n\t\t\t\t\t<h3 class=\"elementor-heading-title elementor-size-default\">Autorka vizu\u00e1ln\u00edho stylu LF\u0160<\/h3>\t\t\t\t<\/div>\n\t\t\t\t<\/div>\n\t\t\t\t\t<\/div>\n\t\t\t\t<\/div>\n\t\t\t\t\t<\/div>\n\t\t\t\t<\/div>\n\t\t\t\t<\/div>","protected":false},"excerpt":{"rendered":"<p>Vizu\u00e1ln\u00ed styl 2024 Vizu\u00e1ln\u00ed styl LF\u0160 2024 \u201eLeto\u0161n\u00ed vizu\u00e1l je odrazem toho, co n\u00e1s spojuje \u2013 v\u00e1\u0161e\u0148 pro filmy, kouzlo jedine\u010dn\u00e9 festivalov\u00e9 atmosf\u00e9ry a 50. v\u00fdro\u010d\u00ed Filmovky. N\u00e1v\u0161t\u011bvn\u00edky bude prov\u00e1zet jisk\u0159iv\u00e1 \u010derven\u00e1 barva a slavnostn\u00ed typografie, kter\u00e9 se propojuj\u00ed se vzpom\u00ednkami na Filmovku a s texty, kter\u00e9 speci\u00e1ln\u011b pro festival p\u0159ipravili z\u00e1stupci \u010desk\u00e9 slam poetry [&hellip;]<\/p>\n","protected":false},"author":1,"featured_media":0,"parent":0,"menu_order":0,"comment_status":"closed","ping_status":"closed","template":"","meta":{"_seopress_robots_primary_cat":"","_seopress_titles_title":"","_seopress_titles_desc":"","_seopress_robots_index":"","footnotes":""},"class_list":["post-8222","page","type-page","status-publish","hentry"],"_links":{"self":[{"href":"https:\/\/lfs.cz\/en\/wp-json\/wp\/v2\/pages\/8222","targetHints":{"allow":["GET"]}}],"collection":[{"href":"https:\/\/lfs.cz\/en\/wp-json\/wp\/v2\/pages"}],"about":[{"href":"https:\/\/lfs.cz\/en\/wp-json\/wp\/v2\/types\/page"}],"author":[{"embeddable":true,"href":"https:\/\/lfs.cz\/en\/wp-json\/wp\/v2\/users\/1"}],"replies":[{"embeddable":true,"href":"https:\/\/lfs.cz\/en\/wp-json\/wp\/v2\/comments?post=8222"}],"version-history":[{"count":10,"href":"https:\/\/lfs.cz\/en\/wp-json\/wp\/v2\/pages\/8222\/revisions"}],"predecessor-version":[{"id":8234,"href":"https:\/\/lfs.cz\/en\/wp-json\/wp\/v2\/pages\/8222\/revisions\/8234"}],"wp:attachment":[{"href":"https:\/\/lfs.cz\/en\/wp-json\/wp\/v2\/media?parent=8222"}],"curies":[{"name":"wp","href":"https:\/\/api.w.org\/{rel}","templated":true}]}}