{"id":7352,"date":"2024-10-30T13:44:24","date_gmt":"2024-10-30T12:44:24","guid":{"rendered":"https:\/\/lfs.cz\/?page_id=7352"},"modified":"2024-10-30T13:46:29","modified_gmt":"2024-10-30T12:46:29","slug":"zona-inspirace-2021-nova-realita","status":"publish","type":"page","link":"https:\/\/lfs.cz\/en\/zona-inspirace-2021-nova-realita\/","title":{"rendered":"Z\u00f3na inspirace 2021 (Nov\u00e1 realita)"},"content":{"rendered":"\t\t<div data-elementor-type=\"wp-page\" data-elementor-id=\"7352\" class=\"elementor elementor-7352\" data-elementor-post-type=\"page\">\n\t\t\t\t<div class=\"elementor-element elementor-element-b9b8508 e-flex e-con-boxed e-con e-parent\" data-id=\"b9b8508\" data-element_type=\"container\" data-e-type=\"container\">\n\t\t\t\t\t<div class=\"e-con-inner\">\n\t\t\t\t<div class=\"elementor-element elementor-element-d1f6604 elementor-widget elementor-widget-heading\" data-id=\"d1f6604\" data-element_type=\"widget\" data-e-type=\"widget\" data-widget_type=\"heading.default\">\n\t\t\t\t<div class=\"elementor-widget-container\">\n\t\t\t\t\t<h1 class=\"elementor-heading-title elementor-size-default\">Z\u00f3na inspirace 2021 (<span style=\"color: var( --e-global-color-primary );text-align: var(--text-align);background-color: var( --e-global-color-secondary )\">Nov\u00e1 realita)<\/span><span style=\"color: var( --e-global-color-primary );text-align: var(--text-align);background-color: var( --e-global-color-secondary )\"><\/span><br><\/h1>\t\t\t\t<\/div>\n\t\t\t\t<\/div>\n\t\t\t\t<div class=\"elementor-element elementor-element-f08e073 elementor-widget__width-initial elementor-widget-widescreen__width-initial elementor-widget elementor-widget-text-editor\" data-id=\"f08e073\" data-element_type=\"widget\" data-e-type=\"widget\" data-widget_type=\"text-editor.default\">\n\t\t\t\t<div class=\"elementor-widget-container\">\n\t\t\t\t\t\t\t\t\t<h5>D\u00edky Covidu p\u0159in\u00e1\u0161\u00edme Z\u00f3nu inspirace ve zkr\u00e1cen\u00e9 t\u0159\u00eddenn\u00ed verzi, ale i tak si ji v\u0161ichni u\u017eijeme. Op\u011bt n\u00e1s \u010dekaj\u00ed t\u0159i bloky d\u016fle\u017eit\u00fdch spole\u010densk\u00fdch t\u00e9mat, u kter\u00fdch je d\u016fle\u017eit\u00e9 se zastavit a v\u011bnovat jim pozornost. Pov\u00eddat si budeme o kultu\u0159e za \u010das\u016f Covidu, o \u017eivot\u011b v p\u0159\u00edtomnosti i o d\u016fsledc\u00edch vyt\u011bsn\u011bn\u00ed smrti z na\u0161ich \u017eivot\u016f a na\u0161e pozv\u00e1n\u00ed p\u0159ijala nap\u0159. spisovatelka Karin Lednick\u00e1, \u0159editel festivalu Slunovrat Va\u0161ek M\u00fcller, vojensk\u00fd kaplan Kamil V\u00edcha, \u010di profesorka Anna Hogenov\u00e1.<\/h5>\t\t\t\t\t\t\t\t<\/div>\n\t\t\t\t<\/div>\n\t\t\t\t\t<\/div>\n\t\t\t\t<\/div>\n\t\t<div class=\"elementor-element elementor-element-03c09e8 e-con-full e-flex e-con e-parent\" data-id=\"03c09e8\" data-element_type=\"container\" data-e-type=\"container\">\n\t\t\t\t<div class=\"elementor-element elementor-element-8c8a6c2 elementor-grid-3 elementor-grid-tablet-2 elementor-grid-mobile-1 elementor-widget elementor-widget-loop-grid\" data-id=\"8c8a6c2\" data-element_type=\"widget\" data-e-type=\"widget\" data-settings=\"{&quot;template_id&quot;:&quot;5526&quot;,&quot;columns&quot;:3,&quot;row_gap&quot;:{&quot;unit&quot;:&quot;px&quot;,&quot;size&quot;:25,&quot;sizes&quot;:[]},&quot;row_gap_widescreen&quot;:{&quot;unit&quot;:&quot;px&quot;,&quot;size&quot;:25,&quot;sizes&quot;:[]},&quot;_skin&quot;:&quot;post&quot;,&quot;columns_tablet&quot;:&quot;2&quot;,&quot;columns_mobile&quot;:&quot;1&quot;,&quot;edit_handle_selector&quot;:&quot;[data-elementor-type=\\&quot;loop-item\\&quot;]&quot;,&quot;row_gap_laptop&quot;:{&quot;unit&quot;:&quot;px&quot;,&quot;size&quot;:&quot;&quot;,&quot;sizes&quot;:[]},&quot;row_gap_tablet_extra&quot;:{&quot;unit&quot;:&quot;px&quot;,&quot;size&quot;:&quot;&quot;,&quot;sizes&quot;:[]},&quot;row_gap_tablet&quot;:{&quot;unit&quot;:&quot;px&quot;,&quot;size&quot;:&quot;&quot;,&quot;sizes&quot;:[]},&quot;row_gap_mobile&quot;:{&quot;unit&quot;:&quot;px&quot;,&quot;size&quot;:&quot;&quot;,&quot;sizes&quot;:[]}}\" data-widget_type=\"loop-grid.post\">\n\t\t\t\t<div class=\"elementor-widget-container\">\n\t\t\t\t\t\t\t<div class=\"elementor-loop-container elementor-grid\" role=\"list\">\n\t\t<style id=\"loop-5526\">.elementor-5526 .elementor-element.elementor-element-2e4bd7fd{--display:flex;--flex-direction:column;--container-widget-width:calc( ( 1 - var( --container-widget-flex-grow ) ) * 100% );--container-widget-height:initial;--container-widget-flex-grow:0;--container-widget-align-self:initial;--flex-wrap-mobile:wrap;--justify-content:flex-start;--align-items:flex-start;--gap:0px 0px;--row-gap:0px;--column-gap:0px;--padding-top:0px;--padding-bottom:10px;--padding-left:0px;--padding-right:0px;}.elementor-widget-theme-post-featured-image .widget-image-caption{color:var( --e-global-color-text );font-family:var( --e-global-typography-text-font-family ), Sans-serif;}.elementor-5526 .elementor-element.elementor-element-4b546c44:hover img{opacity:0.8;}.elementor-5526 .elementor-element.elementor-element-4b546c44 img{transition-duration:0.3s;border-radius:0px 0px 0px 0px;}.elementor-5526 .elementor-element.elementor-element-c1aeb23 .jet-listing-dynamic-field__content{color:var( --e-global-color-primary );font-size:26px;font-weight:500;line-height:1.1em;text-align:left;}.elementor-5526 .elementor-element.elementor-element-c1aeb23 .jet-listing-dynamic-field .jet-listing-dynamic-field__inline-wrap{width:auto;}.elementor-5526 .elementor-element.elementor-element-c1aeb23 .jet-listing-dynamic-field .jet-listing-dynamic-field__content{width:auto;}.elementor-5526 .elementor-element.elementor-element-c1aeb23 .jet-listing-dynamic-field{justify-content:flex-start;}.elementor-5526 .elementor-element.elementor-element-c1aeb23 > .elementor-widget-container{margin:15px 0px 0px 0px;padding:0px 0px 0px 0px;}.elementor-5526 .elementor-element.elementor-element-fac523 .jet-listing-dynamic-field__content{color:var( --e-global-color-63bc38a );font-size:14px;line-height:1.1em;text-align:left;}.elementor-5526 .elementor-element.elementor-element-fac523 .jet-listing-dynamic-field .jet-listing-dynamic-field__inline-wrap{width:auto;}.elementor-5526 .elementor-element.elementor-element-fac523 .jet-listing-dynamic-field .jet-listing-dynamic-field__content{width:auto;}.elementor-5526 .elementor-element.elementor-element-fac523 .jet-listing-dynamic-field{justify-content:flex-start;}.elementor-5526 .elementor-element.elementor-element-fac523 > .elementor-widget-container{margin:7px 0px -3px 0px;padding:0px 0px 0px 0px;}.elementor-5526 .elementor-element.elementor-element-fac523{width:100%;max-width:100%;}@media(max-width:1366px){.elementor-5526 .elementor-element.elementor-element-c1aeb23 .jet-listing-dynamic-field__content{font-size:26px;}}@media(max-width:1200px){.elementor-5526 .elementor-element.elementor-element-c1aeb23 .jet-listing-dynamic-field__content{font-size:22px;}}@media(max-width:1024px){.elementor-5526 .elementor-element.elementor-element-c1aeb23 .jet-listing-dynamic-field__content{font-size:20px;}}@media(max-width:767px){.elementor-5526 .elementor-element.elementor-element-2e4bd7fd{--padding-top:0px;--padding-bottom:0px;--padding-left:0px;--padding-right:0px;}.elementor-5526 .elementor-element.elementor-element-c1aeb23 .jet-listing-dynamic-field__content{font-size:22px;letter-spacing:0px;}.elementor-5526 .elementor-element.elementor-element-fac523 > .elementor-widget-container{margin:4px 0px 0px 0px;}}@media(min-width:768px){.elementor-5526 .elementor-element.elementor-element-2e4bd7fd{--width:100%;}}@media(min-width:1500px){.elementor-5526 .elementor-element.elementor-element-2e4bd7fd{--gap:0px 0px;--row-gap:0px;--column-gap:0px;}.elementor-5526 .elementor-element.elementor-element-2e4bd7fd.e-con{--align-self:flex-start;}.elementor-5526 .elementor-element.elementor-element-c1aeb23 .jet-listing-dynamic-field__content{font-size:32px;line-height:1.1em;}.elementor-5526 .elementor-element.elementor-element-c1aeb23 > .elementor-widget-container{margin:15px 0px 0px 0px;}}<\/style>\t\t<div data-elementor-type=\"loop-item\" data-elementor-id=\"5526\" class=\"elementor elementor-5526 e-loop-item e-loop-item-7381 post-7381 nova-realita type-nova-realita status-publish has-post-thumbnail hentry rocnik-37\" data-elementor-post-type=\"elementor_library\" data-custom-edit-handle=\"1\">\n\t\t\t<a class=\"elementor-element elementor-element-2e4bd7fd e-con-full e-flex e-con e-parent\" data-id=\"2e4bd7fd\" data-element_type=\"container\" data-e-type=\"container\" href=\"https:\/\/lfs.cz\/en\/nova-realita\/o-dusledcich-vytesneni-smrti-z-nasich-zivotu\/\">\n\t\t\t\t<div class=\"elementor-element elementor-element-4b546c44 elementor-widget elementor-widget-theme-post-featured-image elementor-widget-image\" data-id=\"4b546c44\" data-element_type=\"widget\" data-e-type=\"widget\" data-widget_type=\"theme-post-featured-image.default\">\n\t\t\t\t<div class=\"elementor-widget-container\">\n\t\t\t\t\t\t\t\t\t\t\t\t\t\t\t<img fetchpriority=\"high\" decoding=\"async\" width=\"800\" height=\"450\" src=\"https:\/\/lfs.cz\/wp-content\/uploads\/2024\/10\/lfs21-nova-realita-1600x900-o-dusledcich-vytesneni-smrti-1024x576.jpg\" class=\"attachment-large size-large wp-image-7387\" alt=\"\" srcset=\"https:\/\/lfs.cz\/wp-content\/uploads\/2024\/10\/lfs21-nova-realita-1600x900-o-dusledcich-vytesneni-smrti-1024x576.jpg 1024w, https:\/\/lfs.cz\/wp-content\/uploads\/2024\/10\/lfs21-nova-realita-1600x900-o-dusledcich-vytesneni-smrti-300x169.jpg 300w, https:\/\/lfs.cz\/wp-content\/uploads\/2024\/10\/lfs21-nova-realita-1600x900-o-dusledcich-vytesneni-smrti-768x432.jpg 768w, https:\/\/lfs.cz\/wp-content\/uploads\/2024\/10\/lfs21-nova-realita-1600x900-o-dusledcich-vytesneni-smrti-1536x864.jpg 1536w, https:\/\/lfs.cz\/wp-content\/uploads\/2024\/10\/lfs21-nova-realita-1600x900-o-dusledcich-vytesneni-smrti-18x10.jpg 18w, https:\/\/lfs.cz\/wp-content\/uploads\/2024\/10\/lfs21-nova-realita-1600x900-o-dusledcich-vytesneni-smrti.jpg 1600w\" sizes=\"(max-width: 800px) 100vw, 800px\" \/>\t\t\t\t\t\t\t\t\t\t\t\t\t\t\t<\/div>\n\t\t\t\t<\/div>\n\t\t\t\t<div class=\"elementor-element elementor-element-c1aeb23 elementor-widget elementor-widget-jet-listing-dynamic-field\" data-id=\"c1aeb23\" data-element_type=\"widget\" data-e-type=\"widget\" data-widget_type=\"jet-listing-dynamic-field.default\">\n\t\t\t\t<div class=\"elementor-widget-container\">\n\t\t\t\t\t<div class=\"jet-listing jet-listing-dynamic-field display-inline\"><div class=\"jet-listing-dynamic-field__inline-wrap\"><div class=\"jet-listing-dynamic-field__content\" >O d\u016fsledc\u00edch vyt\u011bsn\u011bn\u00ed smrti z na\u0161ich \u017eivot\u016f<\/div><\/div><\/div>\t\t\t\t<\/div>\n\t\t\t\t<\/div>\n\t\t\t\t<div class=\"elementor-element elementor-element-fac523 elementor-widget__width-inherit elementor-widget elementor-widget-jet-listing-dynamic-field\" data-id=\"fac523\" data-element_type=\"widget\" data-e-type=\"widget\" data-widget_type=\"jet-listing-dynamic-field.default\">\n\t\t\t\t<div class=\"elementor-widget-container\">\n\t\t\t\t\t<div class=\"jet-listing jet-listing-dynamic-field display-inline\"><div class=\"jet-listing-dynamic-field__inline-wrap\"><div class=\"jet-listing-dynamic-field__content\" >Pond\u011bl\u00ed 9. 8. 2021<\/div><\/div><\/div>\t\t\t\t<\/div>\n\t\t\t\t<\/div>\n\t\t\t\t<\/a>\n\t\t\t\t<\/div>\n\t\t\t\t<div data-elementor-type=\"loop-item\" data-elementor-id=\"5526\" class=\"elementor elementor-5526 e-loop-item e-loop-item-7391 post-7391 nova-realita type-nova-realita status-publish has-post-thumbnail hentry rocnik-37\" data-elementor-post-type=\"elementor_library\" data-custom-edit-handle=\"1\">\n\t\t\t<a class=\"elementor-element elementor-element-2e4bd7fd e-con-full e-flex e-con e-parent\" data-id=\"2e4bd7fd\" data-element_type=\"container\" data-e-type=\"container\" href=\"https:\/\/lfs.cz\/en\/nova-realita\/kultura-za-casu-covidu\/\">\n\t\t\t\t<div class=\"elementor-element elementor-element-4b546c44 elementor-widget elementor-widget-theme-post-featured-image elementor-widget-image\" data-id=\"4b546c44\" data-element_type=\"widget\" data-e-type=\"widget\" data-widget_type=\"theme-post-featured-image.default\">\n\t\t\t\t<div class=\"elementor-widget-container\">\n\t\t\t\t\t\t\t\t\t\t\t\t\t\t\t<img decoding=\"async\" width=\"800\" height=\"450\" src=\"https:\/\/lfs.cz\/wp-content\/uploads\/2024\/10\/lfs21-nova-realita-1600x900-kultura-za-casu-covidu-1024x576.jpg\" class=\"attachment-large size-large wp-image-7394\" alt=\"\" srcset=\"https:\/\/lfs.cz\/wp-content\/uploads\/2024\/10\/lfs21-nova-realita-1600x900-kultura-za-casu-covidu-1024x576.jpg 1024w, https:\/\/lfs.cz\/wp-content\/uploads\/2024\/10\/lfs21-nova-realita-1600x900-kultura-za-casu-covidu-300x169.jpg 300w, https:\/\/lfs.cz\/wp-content\/uploads\/2024\/10\/lfs21-nova-realita-1600x900-kultura-za-casu-covidu-768x432.jpg 768w, https:\/\/lfs.cz\/wp-content\/uploads\/2024\/10\/lfs21-nova-realita-1600x900-kultura-za-casu-covidu-1536x864.jpg 1536w, https:\/\/lfs.cz\/wp-content\/uploads\/2024\/10\/lfs21-nova-realita-1600x900-kultura-za-casu-covidu-18x10.jpg 18w, https:\/\/lfs.cz\/wp-content\/uploads\/2024\/10\/lfs21-nova-realita-1600x900-kultura-za-casu-covidu.jpg 1600w\" sizes=\"(max-width: 800px) 100vw, 800px\" \/>\t\t\t\t\t\t\t\t\t\t\t\t\t\t\t<\/div>\n\t\t\t\t<\/div>\n\t\t\t\t<div class=\"elementor-element elementor-element-c1aeb23 elementor-widget elementor-widget-jet-listing-dynamic-field\" data-id=\"c1aeb23\" data-element_type=\"widget\" data-e-type=\"widget\" data-widget_type=\"jet-listing-dynamic-field.default\">\n\t\t\t\t<div class=\"elementor-widget-container\">\n\t\t\t\t\t<div class=\"jet-listing jet-listing-dynamic-field display-inline\"><div class=\"jet-listing-dynamic-field__inline-wrap\"><div class=\"jet-listing-dynamic-field__content\" >Kultura za \u010dasu Covidu<\/div><\/div><\/div>\t\t\t\t<\/div>\n\t\t\t\t<\/div>\n\t\t\t\t<div class=\"elementor-element elementor-element-fac523 elementor-widget__width-inherit elementor-widget elementor-widget-jet-listing-dynamic-field\" data-id=\"fac523\" data-element_type=\"widget\" data-e-type=\"widget\" data-widget_type=\"jet-listing-dynamic-field.default\">\n\t\t\t\t<div class=\"elementor-widget-container\">\n\t\t\t\t\t<div class=\"jet-listing jet-listing-dynamic-field display-inline\"><div class=\"jet-listing-dynamic-field__inline-wrap\"><div class=\"jet-listing-dynamic-field__content\" >\u00dater\u00fd 10.8.2021<\/div><\/div><\/div>\t\t\t\t<\/div>\n\t\t\t\t<\/div>\n\t\t\t\t<\/a>\n\t\t\t\t<\/div>\n\t\t\t\t<div data-elementor-type=\"loop-item\" data-elementor-id=\"5526\" class=\"elementor elementor-5526 e-loop-item e-loop-item-7395 post-7395 nova-realita type-nova-realita status-publish has-post-thumbnail hentry rocnik-37\" data-elementor-post-type=\"elementor_library\" data-custom-edit-handle=\"1\">\n\t\t\t<a class=\"elementor-element elementor-element-2e4bd7fd e-con-full e-flex e-con e-parent\" data-id=\"2e4bd7fd\" data-element_type=\"container\" data-e-type=\"container\" href=\"https:\/\/lfs.cz\/en\/nova-realita\/o-zivote-v-pritomnosti\/\">\n\t\t\t\t<div class=\"elementor-element elementor-element-4b546c44 elementor-widget elementor-widget-theme-post-featured-image elementor-widget-image\" data-id=\"4b546c44\" data-element_type=\"widget\" data-e-type=\"widget\" data-widget_type=\"theme-post-featured-image.default\">\n\t\t\t\t<div class=\"elementor-widget-container\">\n\t\t\t\t\t\t\t\t\t\t\t\t\t\t\t<img decoding=\"async\" width=\"800\" height=\"450\" src=\"https:\/\/lfs.cz\/wp-content\/uploads\/2024\/10\/lfs21-nova-realita-1600x900-o-zivote-v-pritomnosti-1024x576.jpg\" class=\"attachment-large size-large wp-image-7398\" alt=\"\" srcset=\"https:\/\/lfs.cz\/wp-content\/uploads\/2024\/10\/lfs21-nova-realita-1600x900-o-zivote-v-pritomnosti-1024x576.jpg 1024w, https:\/\/lfs.cz\/wp-content\/uploads\/2024\/10\/lfs21-nova-realita-1600x900-o-zivote-v-pritomnosti-300x169.jpg 300w, https:\/\/lfs.cz\/wp-content\/uploads\/2024\/10\/lfs21-nova-realita-1600x900-o-zivote-v-pritomnosti-768x432.jpg 768w, https:\/\/lfs.cz\/wp-content\/uploads\/2024\/10\/lfs21-nova-realita-1600x900-o-zivote-v-pritomnosti-1536x864.jpg 1536w, https:\/\/lfs.cz\/wp-content\/uploads\/2024\/10\/lfs21-nova-realita-1600x900-o-zivote-v-pritomnosti-18x10.jpg 18w, https:\/\/lfs.cz\/wp-content\/uploads\/2024\/10\/lfs21-nova-realita-1600x900-o-zivote-v-pritomnosti.jpg 1600w\" sizes=\"(max-width: 800px) 100vw, 800px\" \/>\t\t\t\t\t\t\t\t\t\t\t\t\t\t\t<\/div>\n\t\t\t\t<\/div>\n\t\t\t\t<div class=\"elementor-element elementor-element-c1aeb23 elementor-widget elementor-widget-jet-listing-dynamic-field\" data-id=\"c1aeb23\" data-element_type=\"widget\" data-e-type=\"widget\" data-widget_type=\"jet-listing-dynamic-field.default\">\n\t\t\t\t<div class=\"elementor-widget-container\">\n\t\t\t\t\t<div class=\"jet-listing jet-listing-dynamic-field display-inline\"><div class=\"jet-listing-dynamic-field__inline-wrap\"><div class=\"jet-listing-dynamic-field__content\" >O \u017eivot\u011b v p\u0159\u00edtomnosti<\/div><\/div><\/div>\t\t\t\t<\/div>\n\t\t\t\t<\/div>\n\t\t\t\t<div class=\"elementor-element elementor-element-fac523 elementor-widget__width-inherit elementor-widget elementor-widget-jet-listing-dynamic-field\" data-id=\"fac523\" data-element_type=\"widget\" data-e-type=\"widget\" data-widget_type=\"jet-listing-dynamic-field.default\">\n\t\t\t\t<div class=\"elementor-widget-container\">\n\t\t\t\t\t<div class=\"jet-listing jet-listing-dynamic-field display-inline\"><div class=\"jet-listing-dynamic-field__inline-wrap\"><div class=\"jet-listing-dynamic-field__content\" >St\u0159eda 11. 8. 2021<\/div><\/div><\/div>\t\t\t\t<\/div>\n\t\t\t\t<\/div>\n\t\t\t\t<\/a>\n\t\t\t\t<\/div>\n\t\t\t\t<\/div>\n\t\t\n\t\t\t\t\t\t<\/div>\n\t\t\t\t<\/div>\n\t\t<div class=\"elementor-element elementor-element-bbb0646 e-con-full e-flex e-con e-child\" data-id=\"bbb0646\" data-element_type=\"container\" data-e-type=\"container\">\n\t\t\t\t<\/div>\n\t\t\t\t<\/div>\n\t\t\t\t<\/div>\n\t\t","protected":false},"excerpt":{"rendered":"<p>Z\u00f3na inspirace 2021 (Nov\u00e1 realita) D\u00edky Covidu p\u0159in\u00e1\u0161\u00edme Z\u00f3nu inspirace ve zkr\u00e1cen\u00e9 t\u0159\u00eddenn\u00ed verzi, ale i tak si ji v\u0161ichni u\u017eijeme. Op\u011bt n\u00e1s \u010dekaj\u00ed t\u0159i bloky d\u016fle\u017eit\u00fdch spole\u010densk\u00fdch t\u00e9mat, u kter\u00fdch je d\u016fle\u017eit\u00e9 se zastavit a v\u011bnovat jim pozornost. Pov\u00eddat si budeme o kultu\u0159e za \u010das\u016f Covidu, o \u017eivot\u011b v p\u0159\u00edtomnosti i o d\u016fsledc\u00edch vyt\u011bsn\u011bn\u00ed [&hellip;]<\/p>\n","protected":false},"author":1,"featured_media":0,"parent":0,"menu_order":0,"comment_status":"closed","ping_status":"closed","template":"","meta":{"_seopress_robots_primary_cat":"","_seopress_titles_title":"","_seopress_titles_desc":"","_seopress_robots_index":"","footnotes":""},"class_list":["post-7352","page","type-page","status-publish","hentry"],"_links":{"self":[{"href":"https:\/\/lfs.cz\/en\/wp-json\/wp\/v2\/pages\/7352","targetHints":{"allow":["GET"]}}],"collection":[{"href":"https:\/\/lfs.cz\/en\/wp-json\/wp\/v2\/pages"}],"about":[{"href":"https:\/\/lfs.cz\/en\/wp-json\/wp\/v2\/types\/page"}],"author":[{"embeddable":true,"href":"https:\/\/lfs.cz\/en\/wp-json\/wp\/v2\/users\/1"}],"replies":[{"embeddable":true,"href":"https:\/\/lfs.cz\/en\/wp-json\/wp\/v2\/comments?post=7352"}],"version-history":[{"count":10,"href":"https:\/\/lfs.cz\/en\/wp-json\/wp\/v2\/pages\/7352\/revisions"}],"predecessor-version":[{"id":7364,"href":"https:\/\/lfs.cz\/en\/wp-json\/wp\/v2\/pages\/7352\/revisions\/7364"}],"wp:attachment":[{"href":"https:\/\/lfs.cz\/en\/wp-json\/wp\/v2\/media?parent=7352"}],"curies":[{"name":"wp","href":"https:\/\/api.w.org\/{rel}","templated":true}]}}