{"id":5541,"date":"2024-07-12T10:05:27","date_gmt":"2024-07-12T08:05:27","guid":{"rendered":"https:\/\/lfs.cz\/?page_id=5541"},"modified":"2025-07-20T10:18:58","modified_gmt":"2025-07-20T08:18:58","slug":"odborny-program-2024","status":"publish","type":"page","link":"https:\/\/lfs.cz\/en\/odborny-program-2024\/","title":{"rendered":"Odborn\u00fd program"},"content":{"rendered":"<div data-elementor-type=\"wp-page\" data-elementor-id=\"5541\" class=\"elementor elementor-5541\" data-elementor-post-type=\"page\">\n\t\t\t\t<div class=\"elementor-element elementor-element-0bc639f e-flex e-con-boxed e-con e-parent\" data-id=\"0bc639f\" data-element_type=\"container\" data-e-type=\"container\">\n\t\t\t\t\t<div class=\"e-con-inner\">\n\t\t\t\t<div class=\"elementor-element elementor-element-0579ac9 elementor-widget elementor-widget-heading\" data-id=\"0579ac9\" data-element_type=\"widget\" data-e-type=\"widget\" data-widget_type=\"heading.default\">\n\t\t\t\t<div class=\"elementor-widget-container\">\n\t\t\t\t\t<h1 class=\"elementor-heading-title elementor-size-default\">Odborn\u00fd program 2024<\/h1>\t\t\t\t<\/div>\n\t\t\t\t<\/div>\n\t\t\t\t<div class=\"elementor-element elementor-element-509d7cb elementor-widget__width-initial elementor-widget-widescreen__width-initial elementor-widget elementor-widget-text-editor\" data-id=\"509d7cb\" data-element_type=\"widget\" data-e-type=\"widget\" data-widget_type=\"text-editor.default\">\n\t\t\t\t<div class=\"elementor-widget-container\">\n\t\t\t\t\t\t\t\t\t<h5>Odborn\u00fd program v Mal\u00e9m s\u00e1le Klubu kultury  je p\u0159\u00edstupn\u00fd pouze s platnou akreditac\u00ed. Program ve stanech ve Smetanov\u00fdch sadech (LF\u0160 stan \/ Respekt stan, Stan \u010cesk\u00e9 televize a Stan \u010cesk\u00e9ho rozhlasu) je p\u0159\u00edstupn\u00fd zdarma i bez akreditace.<\/h5>\t\t\t\t\t\t\t\t<\/div>\n\t\t\t\t<\/div>\n\t\t\t\t\t<\/div>\n\t\t\t\t<\/div>\n\t\t<div class=\"elementor-element elementor-element-5b045d1 e-grid e-con-boxed e-con e-parent\" data-id=\"5b045d1\" data-element_type=\"container\" data-e-type=\"container\">\n\t\t\t\t\t<div class=\"e-con-inner\">\n\t\t<div class=\"elementor-element elementor-element-3da1779 e-flex e-con-boxed e-con e-child\" data-id=\"3da1779\" data-element_type=\"container\" data-e-type=\"container\">\n\t\t\t\t\t<div class=\"e-con-inner\">\n\t\t\t\t<div class=\"elementor-element elementor-element-b797d9a pointer elementor-widget elementor-widget-image\" data-id=\"b797d9a\" data-element_type=\"widget\" data-e-type=\"widget\" data-widget_type=\"image.default\">\n\t\t\t\t<div class=\"elementor-widget-container\">\n\t\t\t\t\t\t\t\t\t\t\t\t\t\t\t<img fetchpriority=\"high\" decoding=\"async\" width=\"650\" height=\"870\" src=\"https:\/\/lfs.cz\/wp-content\/uploads\/2024\/06\/lfs24-sekce-vyska-650x870-comeback-new.jpg\" class=\"attachment-medium_large size-medium_large wp-image-5480\" alt=\"\" srcset=\"https:\/\/lfs.cz\/wp-content\/uploads\/2024\/06\/lfs24-sekce-vyska-650x870-comeback-new.jpg 650w, https:\/\/lfs.cz\/wp-content\/uploads\/2024\/06\/lfs24-sekce-vyska-650x870-comeback-new-224x300.jpg 224w, https:\/\/lfs.cz\/wp-content\/uploads\/2024\/06\/lfs24-sekce-vyska-650x870-comeback-new-9x12.jpg 9w\" sizes=\"(max-width: 650px) 100vw, 650px\" \/>\t\t\t\t\t\t\t\t\t\t\t\t\t\t\t<\/div>\n\t\t\t\t<\/div>\n\t\t\t\t<div class=\"elementor-element elementor-element-8f180c0 elementor-absolute elementor-widget elementor-widget-heading\" data-id=\"8f180c0\" data-element_type=\"widget\" data-e-type=\"widget\" data-settings=\"{&quot;_position&quot;:&quot;absolute&quot;}\" data-widget_type=\"heading.default\">\n\t\t\t\t<div class=\"elementor-widget-container\">\n\t\t\t\t\t<h3 class=\"elementor-heading-title elementor-size-default\">Odborn\u00fd program<\/h3>\t\t\t\t<\/div>\n\t\t\t\t<\/div>\n\t\t\t\t<div class=\"elementor-element elementor-element-21e59c3 elementor-absolute elementor-widget elementor-widget-button\" data-id=\"21e59c3\" data-element_type=\"widget\" data-e-type=\"widget\" data-settings=\"{&quot;_position&quot;:&quot;absolute&quot;}\" data-widget_type=\"button.default\">\n\t\t\t\t<div class=\"elementor-widget-container\">\n\t\t\t\t\t\t\t\t\t<div class=\"elementor-button-wrapper\">\n\t\t\t\t\t<a class=\"elementor-button elementor-button-link elementor-size-sm\" href=\"https:\/\/program.lfs.cz\/?&#038;alldates=1&#038;section=314\">\n\t\t\t\t\t\t<span class=\"elementor-button-content-wrapper\">\n\t\t\t\t\t\t\t\t\t<span class=\"elementor-button-text\">More<\/span>\n\t\t\t\t\t<\/span>\n\t\t\t\t\t<\/a>\n\t\t\t\t<\/div>\n\t\t\t\t\t\t\t\t<\/div>\n\t\t\t\t<\/div>\n\t\t\t\t\t<\/div>\n\t\t\t\t<\/div>\n\t\t<div class=\"elementor-element elementor-element-758195b e-flex e-con-boxed e-con e-child\" data-id=\"758195b\" data-element_type=\"container\" data-e-type=\"container\">\n\t\t\t\t\t<div class=\"e-con-inner\">\n\t\t\t\t<div class=\"elementor-element elementor-element-32003cc pointer elementor-widget elementor-widget-image\" data-id=\"32003cc\" data-element_type=\"widget\" data-e-type=\"widget\" data-widget_type=\"image.default\">\n\t\t\t\t<div class=\"elementor-widget-container\">\n\t\t\t\t\t\t\t\t\t\t\t\t\t\t\t<img decoding=\"async\" width=\"650\" height=\"870\" src=\"https:\/\/lfs.cz\/wp-content\/uploads\/2024\/07\/lfs24-program-ct-vyska-650x870-1.jpg\" class=\"attachment-medium_large size-medium_large wp-image-5558\" alt=\"\" srcset=\"https:\/\/lfs.cz\/wp-content\/uploads\/2024\/07\/lfs24-program-ct-vyska-650x870-1.jpg 650w, https:\/\/lfs.cz\/wp-content\/uploads\/2024\/07\/lfs24-program-ct-vyska-650x870-1-224x300.jpg 224w, https:\/\/lfs.cz\/wp-content\/uploads\/2024\/07\/lfs24-program-ct-vyska-650x870-1-9x12.jpg 9w\" sizes=\"(max-width: 650px) 100vw, 650px\" \/>\t\t\t\t\t\t\t\t\t\t\t\t\t\t\t<\/div>\n\t\t\t\t<\/div>\n\t\t\t\t<div class=\"elementor-element elementor-element-d1716d2 elementor-absolute elementor-widget elementor-widget-heading\" data-id=\"d1716d2\" data-element_type=\"widget\" data-e-type=\"widget\" data-settings=\"{&quot;_position&quot;:&quot;absolute&quot;}\" data-widget_type=\"heading.default\">\n\t\t\t\t<div class=\"elementor-widget-container\">\n\t\t\t\t\t<h3 class=\"elementor-heading-title elementor-size-default\">Program \u010cesk\u00e9 televize<\/h3>\t\t\t\t<\/div>\n\t\t\t\t<\/div>\n\t\t\t\t<div class=\"elementor-element elementor-element-c5eeae4 elementor-absolute elementor-widget elementor-widget-button\" data-id=\"c5eeae4\" data-element_type=\"widget\" data-e-type=\"widget\" data-settings=\"{&quot;_position&quot;:&quot;absolute&quot;}\" data-widget_type=\"button.default\">\n\t\t\t\t<div class=\"elementor-widget-container\">\n\t\t\t\t\t\t\t\t\t<div class=\"elementor-button-wrapper\">\n\t\t\t\t\t<a class=\"elementor-button elementor-button-link elementor-size-sm\" href=\"https:\/\/program.lfs.cz\/?&#038;alldates=1&#038;section=324\">\n\t\t\t\t\t\t<span class=\"elementor-button-content-wrapper\">\n\t\t\t\t\t\t\t\t\t<span class=\"elementor-button-text\">More<\/span>\n\t\t\t\t\t<\/span>\n\t\t\t\t\t<\/a>\n\t\t\t\t<\/div>\n\t\t\t\t\t\t\t\t<\/div>\n\t\t\t\t<\/div>\n\t\t\t\t\t<\/div>\n\t\t\t\t<\/div>\n\t\t<div class=\"elementor-element elementor-element-6af572f e-flex e-con-boxed e-con e-child\" data-id=\"6af572f\" data-element_type=\"container\" data-e-type=\"container\">\n\t\t\t\t\t<div class=\"e-con-inner\">\n\t\t\t\t<div class=\"elementor-element elementor-element-20ec191 pointer elementor-widget elementor-widget-image\" data-id=\"20ec191\" data-element_type=\"widget\" data-e-type=\"widget\" data-widget_type=\"image.default\">\n\t\t\t\t<div class=\"elementor-widget-container\">\n\t\t\t\t\t\t\t\t\t\t\t\t\t\t\t<img decoding=\"async\" width=\"650\" height=\"870\" src=\"https:\/\/lfs.cz\/wp-content\/uploads\/2024\/07\/lfs24-program-cro-650x870-1.jpg\" class=\"attachment-medium_large size-medium_large wp-image-5559\" alt=\"\" srcset=\"https:\/\/lfs.cz\/wp-content\/uploads\/2024\/07\/lfs24-program-cro-650x870-1.jpg 650w, https:\/\/lfs.cz\/wp-content\/uploads\/2024\/07\/lfs24-program-cro-650x870-1-224x300.jpg 224w, https:\/\/lfs.cz\/wp-content\/uploads\/2024\/07\/lfs24-program-cro-650x870-1-9x12.jpg 9w\" sizes=\"(max-width: 650px) 100vw, 650px\" \/>\t\t\t\t\t\t\t\t\t\t\t\t\t\t\t<\/div>\n\t\t\t\t<\/div>\n\t\t\t\t<div class=\"elementor-element elementor-element-b104ddf elementor-absolute elementor-widget elementor-widget-heading\" data-id=\"b104ddf\" data-element_type=\"widget\" data-e-type=\"widget\" data-settings=\"{&quot;_position&quot;:&quot;absolute&quot;}\" data-widget_type=\"heading.default\">\n\t\t\t\t<div class=\"elementor-widget-container\">\n\t\t\t\t\t<h3 class=\"elementor-heading-title elementor-size-default\">Program \u010cesk\u00e9ho rozhlasu<\/h3>\t\t\t\t<\/div>\n\t\t\t\t<\/div>\n\t\t\t\t<div class=\"elementor-element elementor-element-f8775ad elementor-absolute elementor-widget elementor-widget-button\" data-id=\"f8775ad\" data-element_type=\"widget\" data-e-type=\"widget\" data-settings=\"{&quot;_position&quot;:&quot;absolute&quot;}\" data-widget_type=\"button.default\">\n\t\t\t\t<div class=\"elementor-widget-container\">\n\t\t\t\t\t\t\t\t\t<div class=\"elementor-button-wrapper\">\n\t\t\t\t\t<a class=\"elementor-button elementor-button-link elementor-size-sm\" href=\"https:\/\/program.lfs.cz\/?&#038;alldates=1&#038;section=325\">\n\t\t\t\t\t\t<span class=\"elementor-button-content-wrapper\">\n\t\t\t\t\t\t\t\t\t<span class=\"elementor-button-text\">More<\/span>\n\t\t\t\t\t<\/span>\n\t\t\t\t\t<\/a>\n\t\t\t\t<\/div>\n\t\t\t\t\t\t\t\t<\/div>\n\t\t\t\t<\/div>\n\t\t\t\t\t<\/div>\n\t\t\t\t<\/div>\n\t\t<div class=\"elementor-element elementor-element-958d65b e-flex e-con-boxed e-con e-child\" data-id=\"958d65b\" data-element_type=\"container\" data-e-type=\"container\">\n\t\t\t\t\t<div class=\"e-con-inner\">\n\t\t\t\t<div class=\"elementor-element elementor-element-c76fd95 pointer elementor-widget elementor-widget-image\" data-id=\"c76fd95\" data-element_type=\"widget\" data-e-type=\"widget\" data-widget_type=\"image.default\">\n\t\t\t\t<div class=\"elementor-widget-container\">\n\t\t\t\t\t\t\t\t\t\t\t\t\t\t\t<img loading=\"lazy\" decoding=\"async\" width=\"650\" height=\"870\" src=\"https:\/\/lfs.cz\/wp-content\/uploads\/2024\/07\/lfs24-program-respekt-650x870-1.jpg\" class=\"attachment-medium_large size-medium_large wp-image-5557\" alt=\"\" srcset=\"https:\/\/lfs.cz\/wp-content\/uploads\/2024\/07\/lfs24-program-respekt-650x870-1.jpg 650w, https:\/\/lfs.cz\/wp-content\/uploads\/2024\/07\/lfs24-program-respekt-650x870-1-224x300.jpg 224w, https:\/\/lfs.cz\/wp-content\/uploads\/2024\/07\/lfs24-program-respekt-650x870-1-9x12.jpg 9w\" sizes=\"(max-width: 650px) 100vw, 650px\" \/>\t\t\t\t\t\t\t\t\t\t\t\t\t\t\t<\/div>\n\t\t\t\t<\/div>\n\t\t\t\t<div class=\"elementor-element elementor-element-e72f936 elementor-absolute elementor-widget elementor-widget-heading\" data-id=\"e72f936\" data-element_type=\"widget\" data-e-type=\"widget\" data-settings=\"{&quot;_position&quot;:&quot;absolute&quot;}\" data-widget_type=\"heading.default\">\n\t\t\t\t<div class=\"elementor-widget-container\">\n\t\t\t\t\t<h3 class=\"elementor-heading-title elementor-size-default\">Program Respektu<\/h3>\t\t\t\t<\/div>\n\t\t\t\t<\/div>\n\t\t\t\t<div class=\"elementor-element elementor-element-ff90b7b elementor-absolute elementor-widget elementor-widget-button\" data-id=\"ff90b7b\" data-element_type=\"widget\" data-e-type=\"widget\" data-settings=\"{&quot;_position&quot;:&quot;absolute&quot;}\" data-widget_type=\"button.default\">\n\t\t\t\t<div class=\"elementor-widget-container\">\n\t\t\t\t\t\t\t\t\t<div class=\"elementor-button-wrapper\">\n\t\t\t\t\t<a class=\"elementor-button elementor-button-link elementor-size-sm\" href=\"https:\/\/program.lfs.cz\/?&#038;alldates=1&#038;section=326\">\n\t\t\t\t\t\t<span class=\"elementor-button-content-wrapper\">\n\t\t\t\t\t\t\t\t\t<span class=\"elementor-button-text\">More<\/span>\n\t\t\t\t\t<\/span>\n\t\t\t\t\t<\/a>\n\t\t\t\t<\/div>\n\t\t\t\t\t\t\t\t<\/div>\n\t\t\t\t<\/div>\n\t\t\t\t\t<\/div>\n\t\t\t\t<\/div>\n\t\t\t\t\t<\/div>\n\t\t\t\t<\/div>\n\t\t\t\t<\/div>","protected":false},"excerpt":{"rendered":"<p>Odborn\u00fd program 2024 Odborn\u00fd program v Mal\u00e9m s\u00e1le Klubu kultury je p\u0159\u00edstupn\u00fd pouze s platnou akreditac\u00ed. Program ve stanech ve Smetanov\u00fdch sadech (LF\u0160 stan \/ Respekt stan, Stan \u010cesk\u00e9 televize a Stan \u010cesk\u00e9ho rozhlasu) je p\u0159\u00edstupn\u00fd zdarma i bez akreditace. Odborn\u00fd program V\u00edce Program \u010cesk\u00e9 televize V\u00edce Program \u010cesk\u00e9ho rozhlasu V\u00edce Program Respektu V\u00edce<\/p>","protected":false},"author":1,"featured_media":0,"parent":0,"menu_order":0,"comment_status":"closed","ping_status":"closed","template":"","meta":{"_seopress_robots_primary_cat":"","_seopress_titles_title":"","_seopress_titles_desc":"","_seopress_robots_index":"","footnotes":""},"class_list":["post-5541","page","type-page","status-publish","hentry"],"_links":{"self":[{"href":"https:\/\/lfs.cz\/en\/wp-json\/wp\/v2\/pages\/5541","targetHints":{"allow":["GET"]}}],"collection":[{"href":"https:\/\/lfs.cz\/en\/wp-json\/wp\/v2\/pages"}],"about":[{"href":"https:\/\/lfs.cz\/en\/wp-json\/wp\/v2\/types\/page"}],"author":[{"embeddable":true,"href":"https:\/\/lfs.cz\/en\/wp-json\/wp\/v2\/users\/1"}],"replies":[{"embeddable":true,"href":"https:\/\/lfs.cz\/en\/wp-json\/wp\/v2\/comments?post=5541"}],"version-history":[{"count":34,"href":"https:\/\/lfs.cz\/en\/wp-json\/wp\/v2\/pages\/5541\/revisions"}],"predecessor-version":[{"id":11842,"href":"https:\/\/lfs.cz\/en\/wp-json\/wp\/v2\/pages\/5541\/revisions\/11842"}],"wp:attachment":[{"href":"https:\/\/lfs.cz\/en\/wp-json\/wp\/v2\/media?parent=5541"}],"curies":[{"name":"wp","href":"https:\/\/api.w.org\/{rel}","templated":true}]}}