{"id":5471,"date":"2024-07-10T20:56:39","date_gmt":"2024-07-10T18:56:39","guid":{"rendered":"https:\/\/lfs.cz\/?page_id=5471"},"modified":"2024-10-30T13:36:35","modified_gmt":"2024-10-30T12:36:35","slug":"nova-realita-2024","status":"publish","type":"page","link":"https:\/\/lfs.cz\/en\/nova-realita-2024\/","title":{"rendered":"Nov\u00e1 realita 2024"},"content":{"rendered":"\t\t<div data-elementor-type=\"wp-page\" data-elementor-id=\"5471\" class=\"elementor elementor-5471\" data-elementor-post-type=\"page\">\n\t\t\t\t<div class=\"elementor-element elementor-element-b03faea e-flex e-con-boxed e-con e-parent\" data-id=\"b03faea\" data-element_type=\"container\" data-e-type=\"container\">\n\t\t\t\t\t<div class=\"e-con-inner\">\n\t\t\t\t<div class=\"elementor-element elementor-element-320b471 elementor-widget elementor-widget-heading\" data-id=\"320b471\" data-element_type=\"widget\" data-e-type=\"widget\" data-widget_type=\"heading.default\">\n\t\t\t\t<div class=\"elementor-widget-container\">\n\t\t\t\t\t<h1 class=\"elementor-heading-title elementor-size-default\">Nov\u00e1 realita 2024<\/h1>\t\t\t\t<\/div>\n\t\t\t\t<\/div>\n\t\t\t\t<div class=\"elementor-element elementor-element-51ac4fa elementor-widget__width-initial elementor-widget-widescreen__width-initial elementor-widget elementor-widget-text-editor\" data-id=\"51ac4fa\" data-element_type=\"widget\" data-e-type=\"widget\" data-widget_type=\"text-editor.default\">\n\t\t\t\t<div class=\"elementor-widget-container\">\n\t\t\t\t\t\t\t\t\t<h5>V leto\u0161n\u00edm roce n\u00e1s \u010dek\u00e1 hodn\u011b \u017eensk\u00fdch t\u00e9mat, pov\u00eddat si budeme o roz\u0161i\u0159ov\u00e1n\u00ed a pozic\u00edch rol\u00ed \u017een ve ve\u0159ejn\u00e9 slu\u017eb\u011b, o upgradeu porodnictv\u00ed v \u010cR a n\u00e1vratu k p\u0159irozenosti a \u00fact\u011b ke zrozen\u00ed, o sklouben\u00ed mate\u0159stv\u00ed a seberealizace v hudebn\u00ed oblasti, jak pe\u010dovat o sv\u00e9 du\u0161evn\u00ed zdrav\u00ed ale tak\u00e9 o tom, jak z\u016fstat pozorn\u00fd v\u016f\u010di medi\u00e1ln\u00ed tyranii a udr\u017eet si otev\u0159enou mysl pro rozd\u00edlnou pestrobarevnost na\u0161eho sv\u011bta.<\/h5>\t\t\t\t\t\t\t\t<\/div>\n\t\t\t\t<\/div>\n\t\t\t\t\t<\/div>\n\t\t\t\t<\/div>\n\t\t<div class=\"elementor-element elementor-element-e360053 e-con-full e-flex e-con e-parent\" data-id=\"e360053\" data-element_type=\"container\" data-e-type=\"container\">\n\t\t\t\t<div class=\"elementor-element elementor-element-a4e048d elementor-grid-3 elementor-grid-tablet-2 elementor-grid-mobile-1 elementor-widget elementor-widget-loop-grid\" data-id=\"a4e048d\" data-element_type=\"widget\" data-e-type=\"widget\" data-settings=\"{&quot;template_id&quot;:&quot;5526&quot;,&quot;columns&quot;:3,&quot;row_gap&quot;:{&quot;unit&quot;:&quot;px&quot;,&quot;size&quot;:25,&quot;sizes&quot;:[]},&quot;row_gap_widescreen&quot;:{&quot;unit&quot;:&quot;px&quot;,&quot;size&quot;:25,&quot;sizes&quot;:[]},&quot;_skin&quot;:&quot;post&quot;,&quot;columns_tablet&quot;:&quot;2&quot;,&quot;columns_mobile&quot;:&quot;1&quot;,&quot;edit_handle_selector&quot;:&quot;[data-elementor-type=\\&quot;loop-item\\&quot;]&quot;,&quot;row_gap_laptop&quot;:{&quot;unit&quot;:&quot;px&quot;,&quot;size&quot;:&quot;&quot;,&quot;sizes&quot;:[]},&quot;row_gap_tablet_extra&quot;:{&quot;unit&quot;:&quot;px&quot;,&quot;size&quot;:&quot;&quot;,&quot;sizes&quot;:[]},&quot;row_gap_tablet&quot;:{&quot;unit&quot;:&quot;px&quot;,&quot;size&quot;:&quot;&quot;,&quot;sizes&quot;:[]},&quot;row_gap_mobile&quot;:{&quot;unit&quot;:&quot;px&quot;,&quot;size&quot;:&quot;&quot;,&quot;sizes&quot;:[]}}\" data-widget_type=\"loop-grid.post\">\n\t\t\t\t<div class=\"elementor-widget-container\">\n\t\t\t\t\t\t\t<div class=\"elementor-loop-container elementor-grid\" role=\"list\">\n\t\t<style id=\"loop-5526\">.elementor-5526 .elementor-element.elementor-element-2e4bd7fd{--display:flex;--flex-direction:column;--container-widget-width:calc( ( 1 - var( --container-widget-flex-grow ) ) * 100% );--container-widget-height:initial;--container-widget-flex-grow:0;--container-widget-align-self:initial;--flex-wrap-mobile:wrap;--justify-content:flex-start;--align-items:flex-start;--gap:0px 0px;--row-gap:0px;--column-gap:0px;--padding-top:0px;--padding-bottom:10px;--padding-left:0px;--padding-right:0px;}.elementor-widget-theme-post-featured-image .widget-image-caption{color:var( --e-global-color-text );font-family:var( --e-global-typography-text-font-family ), Sans-serif;}.elementor-5526 .elementor-element.elementor-element-4b546c44:hover img{opacity:0.8;}.elementor-5526 .elementor-element.elementor-element-4b546c44 img{transition-duration:0.3s;border-radius:0px 0px 0px 0px;}.elementor-5526 .elementor-element.elementor-element-c1aeb23 .jet-listing-dynamic-field__content{color:var( --e-global-color-primary );font-size:26px;font-weight:500;line-height:1.1em;text-align:left;}.elementor-5526 .elementor-element.elementor-element-c1aeb23 .jet-listing-dynamic-field .jet-listing-dynamic-field__inline-wrap{width:auto;}.elementor-5526 .elementor-element.elementor-element-c1aeb23 .jet-listing-dynamic-field .jet-listing-dynamic-field__content{width:auto;}.elementor-5526 .elementor-element.elementor-element-c1aeb23 .jet-listing-dynamic-field{justify-content:flex-start;}.elementor-5526 .elementor-element.elementor-element-c1aeb23 > .elementor-widget-container{margin:15px 0px 0px 0px;padding:0px 0px 0px 0px;}.elementor-5526 .elementor-element.elementor-element-fac523 .jet-listing-dynamic-field__content{color:var( --e-global-color-63bc38a );font-size:14px;line-height:1.1em;text-align:left;}.elementor-5526 .elementor-element.elementor-element-fac523 .jet-listing-dynamic-field .jet-listing-dynamic-field__inline-wrap{width:auto;}.elementor-5526 .elementor-element.elementor-element-fac523 .jet-listing-dynamic-field .jet-listing-dynamic-field__content{width:auto;}.elementor-5526 .elementor-element.elementor-element-fac523 .jet-listing-dynamic-field{justify-content:flex-start;}.elementor-5526 .elementor-element.elementor-element-fac523 > .elementor-widget-container{margin:7px 0px -3px 0px;padding:0px 0px 0px 0px;}.elementor-5526 .elementor-element.elementor-element-fac523{width:100%;max-width:100%;}@media(max-width:1366px){.elementor-5526 .elementor-element.elementor-element-c1aeb23 .jet-listing-dynamic-field__content{font-size:26px;}}@media(max-width:1200px){.elementor-5526 .elementor-element.elementor-element-c1aeb23 .jet-listing-dynamic-field__content{font-size:22px;}}@media(max-width:1024px){.elementor-5526 .elementor-element.elementor-element-c1aeb23 .jet-listing-dynamic-field__content{font-size:20px;}}@media(max-width:767px){.elementor-5526 .elementor-element.elementor-element-2e4bd7fd{--padding-top:0px;--padding-bottom:0px;--padding-left:0px;--padding-right:0px;}.elementor-5526 .elementor-element.elementor-element-c1aeb23 .jet-listing-dynamic-field__content{font-size:22px;letter-spacing:0px;}.elementor-5526 .elementor-element.elementor-element-fac523 > .elementor-widget-container{margin:4px 0px 0px 0px;}}@media(min-width:768px){.elementor-5526 .elementor-element.elementor-element-2e4bd7fd{--width:100%;}}@media(min-width:1500px){.elementor-5526 .elementor-element.elementor-element-2e4bd7fd{--gap:0px 0px;--row-gap:0px;--column-gap:0px;}.elementor-5526 .elementor-element.elementor-element-2e4bd7fd.e-con{--align-self:flex-start;}.elementor-5526 .elementor-element.elementor-element-c1aeb23 .jet-listing-dynamic-field__content{font-size:32px;line-height:1.1em;}.elementor-5526 .elementor-element.elementor-element-c1aeb23 > .elementor-widget-container{margin:15px 0px 0px 0px;}}<\/style>\t\t<div data-elementor-type=\"loop-item\" data-elementor-id=\"5526\" class=\"elementor elementor-5526 e-loop-item e-loop-item-5483 post-5483 nova-realita type-nova-realita status-publish has-post-thumbnail hentry rocnik-15\" data-elementor-post-type=\"elementor_library\" data-custom-edit-handle=\"1\">\n\t\t\t<a class=\"elementor-element elementor-element-2e4bd7fd e-con-full e-flex e-con e-parent\" data-id=\"2e4bd7fd\" data-element_type=\"container\" data-e-type=\"container\" href=\"https:\/\/lfs.cz\/en\/nova-realita\/zeny-ve-verejne-sluzbe\/\">\n\t\t\t\t<div class=\"elementor-element elementor-element-4b546c44 elementor-widget elementor-widget-theme-post-featured-image elementor-widget-image\" data-id=\"4b546c44\" data-element_type=\"widget\" data-e-type=\"widget\" data-widget_type=\"theme-post-featured-image.default\">\n\t\t\t\t<div class=\"elementor-widget-container\">\n\t\t\t\t\t\t\t\t\t\t\t\t\t\t\t<img fetchpriority=\"high\" decoding=\"async\" width=\"800\" height=\"450\" src=\"https:\/\/lfs.cz\/wp-content\/uploads\/2024\/07\/lfs24-nova-realita-1600x900-zeny-ve-verejne-sprave-1024x576.jpg\" class=\"attachment-large size-large wp-image-5486\" alt=\"\" srcset=\"https:\/\/lfs.cz\/wp-content\/uploads\/2024\/07\/lfs24-nova-realita-1600x900-zeny-ve-verejne-sprave-1024x576.jpg 1024w, https:\/\/lfs.cz\/wp-content\/uploads\/2024\/07\/lfs24-nova-realita-1600x900-zeny-ve-verejne-sprave-300x169.jpg 300w, https:\/\/lfs.cz\/wp-content\/uploads\/2024\/07\/lfs24-nova-realita-1600x900-zeny-ve-verejne-sprave-768x432.jpg 768w, https:\/\/lfs.cz\/wp-content\/uploads\/2024\/07\/lfs24-nova-realita-1600x900-zeny-ve-verejne-sprave-1536x864.jpg 1536w, https:\/\/lfs.cz\/wp-content\/uploads\/2024\/07\/lfs24-nova-realita-1600x900-zeny-ve-verejne-sprave-18x10.jpg 18w, https:\/\/lfs.cz\/wp-content\/uploads\/2024\/07\/lfs24-nova-realita-1600x900-zeny-ve-verejne-sprave.jpg 1600w\" sizes=\"(max-width: 800px) 100vw, 800px\" \/>\t\t\t\t\t\t\t\t\t\t\t\t\t\t\t<\/div>\n\t\t\t\t<\/div>\n\t\t\t\t<div class=\"elementor-element elementor-element-c1aeb23 elementor-widget elementor-widget-jet-listing-dynamic-field\" data-id=\"c1aeb23\" data-element_type=\"widget\" data-e-type=\"widget\" data-widget_type=\"jet-listing-dynamic-field.default\">\n\t\t\t\t<div class=\"elementor-widget-container\">\n\t\t\t\t\t<div class=\"jet-listing jet-listing-dynamic-field display-inline\"><div class=\"jet-listing-dynamic-field__inline-wrap\"><div class=\"jet-listing-dynamic-field__content\" >\u017deny ve ve\u0159ejn\u00e9 slu\u017eb\u011b<\/div><\/div><\/div>\t\t\t\t<\/div>\n\t\t\t\t<\/div>\n\t\t\t\t<div class=\"elementor-element elementor-element-fac523 elementor-widget__width-inherit elementor-widget elementor-widget-jet-listing-dynamic-field\" data-id=\"fac523\" data-element_type=\"widget\" data-e-type=\"widget\" data-widget_type=\"jet-listing-dynamic-field.default\">\n\t\t\t\t<div class=\"elementor-widget-container\">\n\t\t\t\t\t<div class=\"jet-listing jet-listing-dynamic-field display-inline\"><div class=\"jet-listing-dynamic-field__inline-wrap\"><div class=\"jet-listing-dynamic-field__content\" >So 27. 7. \/ 10:30 \/ Stan literatury\/Nov\u00e9 reality<\/div><\/div><\/div>\t\t\t\t<\/div>\n\t\t\t\t<\/div>\n\t\t\t\t<\/a>\n\t\t\t\t<\/div>\n\t\t\t\t<div data-elementor-type=\"loop-item\" data-elementor-id=\"5526\" class=\"elementor elementor-5526 e-loop-item e-loop-item-5487 post-5487 nova-realita type-nova-realita status-publish has-post-thumbnail hentry rocnik-15\" data-elementor-post-type=\"elementor_library\" data-custom-edit-handle=\"1\">\n\t\t\t<a class=\"elementor-element elementor-element-2e4bd7fd e-con-full e-flex e-con e-parent\" data-id=\"2e4bd7fd\" data-element_type=\"container\" data-e-type=\"container\" href=\"https:\/\/lfs.cz\/en\/nova-realita\/navrat-k-prirozenemu-porodnictvi\/\">\n\t\t\t\t<div class=\"elementor-element elementor-element-4b546c44 elementor-widget elementor-widget-theme-post-featured-image elementor-widget-image\" data-id=\"4b546c44\" data-element_type=\"widget\" data-e-type=\"widget\" data-widget_type=\"theme-post-featured-image.default\">\n\t\t\t\t<div class=\"elementor-widget-container\">\n\t\t\t\t\t\t\t\t\t\t\t\t\t\t\t<img decoding=\"async\" width=\"800\" height=\"450\" src=\"https:\/\/lfs.cz\/wp-content\/uploads\/2024\/07\/lfs24-nova-realita-1600x900-navrat-k-prirozenemu-porodnictvi-1024x576.jpg\" class=\"attachment-large size-large wp-image-5490\" alt=\"\" srcset=\"https:\/\/lfs.cz\/wp-content\/uploads\/2024\/07\/lfs24-nova-realita-1600x900-navrat-k-prirozenemu-porodnictvi-1024x576.jpg 1024w, https:\/\/lfs.cz\/wp-content\/uploads\/2024\/07\/lfs24-nova-realita-1600x900-navrat-k-prirozenemu-porodnictvi-300x169.jpg 300w, https:\/\/lfs.cz\/wp-content\/uploads\/2024\/07\/lfs24-nova-realita-1600x900-navrat-k-prirozenemu-porodnictvi-768x432.jpg 768w, https:\/\/lfs.cz\/wp-content\/uploads\/2024\/07\/lfs24-nova-realita-1600x900-navrat-k-prirozenemu-porodnictvi-1536x864.jpg 1536w, https:\/\/lfs.cz\/wp-content\/uploads\/2024\/07\/lfs24-nova-realita-1600x900-navrat-k-prirozenemu-porodnictvi-18x10.jpg 18w, https:\/\/lfs.cz\/wp-content\/uploads\/2024\/07\/lfs24-nova-realita-1600x900-navrat-k-prirozenemu-porodnictvi.jpg 1600w\" sizes=\"(max-width: 800px) 100vw, 800px\" \/>\t\t\t\t\t\t\t\t\t\t\t\t\t\t\t<\/div>\n\t\t\t\t<\/div>\n\t\t\t\t<div class=\"elementor-element elementor-element-c1aeb23 elementor-widget elementor-widget-jet-listing-dynamic-field\" data-id=\"c1aeb23\" data-element_type=\"widget\" data-e-type=\"widget\" data-widget_type=\"jet-listing-dynamic-field.default\">\n\t\t\t\t<div class=\"elementor-widget-container\">\n\t\t\t\t\t<div class=\"jet-listing jet-listing-dynamic-field display-inline\"><div class=\"jet-listing-dynamic-field__inline-wrap\"><div class=\"jet-listing-dynamic-field__content\" >N\u00e1vrat k p\u0159irozen\u00e9mu porodnictv\u00ed<\/div><\/div><\/div>\t\t\t\t<\/div>\n\t\t\t\t<\/div>\n\t\t\t\t<div class=\"elementor-element elementor-element-fac523 elementor-widget__width-inherit elementor-widget elementor-widget-jet-listing-dynamic-field\" data-id=\"fac523\" data-element_type=\"widget\" data-e-type=\"widget\" data-widget_type=\"jet-listing-dynamic-field.default\">\n\t\t\t\t<div class=\"elementor-widget-container\">\n\t\t\t\t\t<div class=\"jet-listing jet-listing-dynamic-field display-inline\"><div class=\"jet-listing-dynamic-field__inline-wrap\"><div class=\"jet-listing-dynamic-field__content\" >Ne 28. 7. \/ 10:30 \/ Stan literatury\/Nov\u00e9 reality<\/div><\/div><\/div>\t\t\t\t<\/div>\n\t\t\t\t<\/div>\n\t\t\t\t<\/a>\n\t\t\t\t<\/div>\n\t\t\t\t<div data-elementor-type=\"loop-item\" data-elementor-id=\"5526\" class=\"elementor elementor-5526 e-loop-item e-loop-item-5491 post-5491 nova-realita type-nova-realita status-publish has-post-thumbnail hentry rocnik-15\" data-elementor-post-type=\"elementor_library\" data-custom-edit-handle=\"1\">\n\t\t\t<a class=\"elementor-element elementor-element-2e4bd7fd e-con-full e-flex e-con e-parent\" data-id=\"2e4bd7fd\" data-element_type=\"container\" data-e-type=\"container\" href=\"https:\/\/lfs.cz\/en\/nova-realita\/tyranie-mainstreamu-a-jak-ji-nepodlehnout\/\">\n\t\t\t\t<div class=\"elementor-element elementor-element-4b546c44 elementor-widget elementor-widget-theme-post-featured-image elementor-widget-image\" data-id=\"4b546c44\" data-element_type=\"widget\" data-e-type=\"widget\" data-widget_type=\"theme-post-featured-image.default\">\n\t\t\t\t<div class=\"elementor-widget-container\">\n\t\t\t\t\t\t\t\t\t\t\t\t\t\t\t<img decoding=\"async\" width=\"800\" height=\"450\" src=\"https:\/\/lfs.cz\/wp-content\/uploads\/2024\/07\/lfs24-nova-realita-1600x900-tyranie-mainstreamu-new-1024x576.jpg\" class=\"attachment-large size-large wp-image-5494\" alt=\"\" srcset=\"https:\/\/lfs.cz\/wp-content\/uploads\/2024\/07\/lfs24-nova-realita-1600x900-tyranie-mainstreamu-new-1024x576.jpg 1024w, https:\/\/lfs.cz\/wp-content\/uploads\/2024\/07\/lfs24-nova-realita-1600x900-tyranie-mainstreamu-new-300x169.jpg 300w, https:\/\/lfs.cz\/wp-content\/uploads\/2024\/07\/lfs24-nova-realita-1600x900-tyranie-mainstreamu-new-768x432.jpg 768w, https:\/\/lfs.cz\/wp-content\/uploads\/2024\/07\/lfs24-nova-realita-1600x900-tyranie-mainstreamu-new-1536x864.jpg 1536w, https:\/\/lfs.cz\/wp-content\/uploads\/2024\/07\/lfs24-nova-realita-1600x900-tyranie-mainstreamu-new-18x10.jpg 18w, https:\/\/lfs.cz\/wp-content\/uploads\/2024\/07\/lfs24-nova-realita-1600x900-tyranie-mainstreamu-new.jpg 1600w\" sizes=\"(max-width: 800px) 100vw, 800px\" \/>\t\t\t\t\t\t\t\t\t\t\t\t\t\t\t<\/div>\n\t\t\t\t<\/div>\n\t\t\t\t<div class=\"elementor-element elementor-element-c1aeb23 elementor-widget elementor-widget-jet-listing-dynamic-field\" data-id=\"c1aeb23\" data-element_type=\"widget\" data-e-type=\"widget\" data-widget_type=\"jet-listing-dynamic-field.default\">\n\t\t\t\t<div class=\"elementor-widget-container\">\n\t\t\t\t\t<div class=\"jet-listing jet-listing-dynamic-field display-inline\"><div class=\"jet-listing-dynamic-field__inline-wrap\"><div class=\"jet-listing-dynamic-field__content\" >Tyranie mainstreamu\u2026 a jak j\u00ed nepodlehnout?<\/div><\/div><\/div>\t\t\t\t<\/div>\n\t\t\t\t<\/div>\n\t\t\t\t<div class=\"elementor-element elementor-element-fac523 elementor-widget__width-inherit elementor-widget elementor-widget-jet-listing-dynamic-field\" data-id=\"fac523\" data-element_type=\"widget\" data-e-type=\"widget\" data-widget_type=\"jet-listing-dynamic-field.default\">\n\t\t\t\t<div class=\"elementor-widget-container\">\n\t\t\t\t\t<div class=\"jet-listing jet-listing-dynamic-field display-inline\"><div class=\"jet-listing-dynamic-field__inline-wrap\"><div class=\"jet-listing-dynamic-field__content\" >Po 29. 7. \/ 10:30 \/ Stan literatury\/Nov\u00e9 reality<\/div><\/div><\/div>\t\t\t\t<\/div>\n\t\t\t\t<\/div>\n\t\t\t\t<\/a>\n\t\t\t\t<\/div>\n\t\t\t\t<div data-elementor-type=\"loop-item\" data-elementor-id=\"5526\" class=\"elementor elementor-5526 e-loop-item e-loop-item-5495 post-5495 nova-realita type-nova-realita status-publish has-post-thumbnail hentry rocnik-15\" data-elementor-post-type=\"elementor_library\" data-custom-edit-handle=\"1\">\n\t\t\t<a class=\"elementor-element elementor-element-2e4bd7fd e-con-full e-flex e-con e-parent\" data-id=\"2e4bd7fd\" data-element_type=\"container\" data-e-type=\"container\" href=\"https:\/\/lfs.cz\/en\/nova-realita\/muzikantky-a-materstvi\/\">\n\t\t\t\t<div class=\"elementor-element elementor-element-4b546c44 elementor-widget elementor-widget-theme-post-featured-image elementor-widget-image\" data-id=\"4b546c44\" data-element_type=\"widget\" data-e-type=\"widget\" data-widget_type=\"theme-post-featured-image.default\">\n\t\t\t\t<div class=\"elementor-widget-container\">\n\t\t\t\t\t\t\t\t\t\t\t\t\t\t\t<img loading=\"lazy\" decoding=\"async\" width=\"800\" height=\"450\" src=\"https:\/\/lfs.cz\/wp-content\/uploads\/2024\/07\/lfs24-nova-realita-1600x900-muzikantky-a-materstvi-1024x576.jpg\" class=\"attachment-large size-large wp-image-5498\" alt=\"\" srcset=\"https:\/\/lfs.cz\/wp-content\/uploads\/2024\/07\/lfs24-nova-realita-1600x900-muzikantky-a-materstvi-1024x576.jpg 1024w, https:\/\/lfs.cz\/wp-content\/uploads\/2024\/07\/lfs24-nova-realita-1600x900-muzikantky-a-materstvi-300x169.jpg 300w, https:\/\/lfs.cz\/wp-content\/uploads\/2024\/07\/lfs24-nova-realita-1600x900-muzikantky-a-materstvi-768x432.jpg 768w, https:\/\/lfs.cz\/wp-content\/uploads\/2024\/07\/lfs24-nova-realita-1600x900-muzikantky-a-materstvi-1536x864.jpg 1536w, https:\/\/lfs.cz\/wp-content\/uploads\/2024\/07\/lfs24-nova-realita-1600x900-muzikantky-a-materstvi-18x10.jpg 18w, https:\/\/lfs.cz\/wp-content\/uploads\/2024\/07\/lfs24-nova-realita-1600x900-muzikantky-a-materstvi.jpg 1600w\" sizes=\"(max-width: 800px) 100vw, 800px\" \/>\t\t\t\t\t\t\t\t\t\t\t\t\t\t\t<\/div>\n\t\t\t\t<\/div>\n\t\t\t\t<div class=\"elementor-element elementor-element-c1aeb23 elementor-widget elementor-widget-jet-listing-dynamic-field\" data-id=\"c1aeb23\" data-element_type=\"widget\" data-e-type=\"widget\" data-widget_type=\"jet-listing-dynamic-field.default\">\n\t\t\t\t<div class=\"elementor-widget-container\">\n\t\t\t\t\t<div class=\"jet-listing jet-listing-dynamic-field display-inline\"><div class=\"jet-listing-dynamic-field__inline-wrap\"><div class=\"jet-listing-dynamic-field__content\" >Muzikantky a mate\u0159stv\u00ed<\/div><\/div><\/div>\t\t\t\t<\/div>\n\t\t\t\t<\/div>\n\t\t\t\t<div class=\"elementor-element elementor-element-fac523 elementor-widget__width-inherit elementor-widget elementor-widget-jet-listing-dynamic-field\" data-id=\"fac523\" data-element_type=\"widget\" data-e-type=\"widget\" data-widget_type=\"jet-listing-dynamic-field.default\">\n\t\t\t\t<div class=\"elementor-widget-container\">\n\t\t\t\t\t<div class=\"jet-listing jet-listing-dynamic-field display-inline\"><div class=\"jet-listing-dynamic-field__inline-wrap\"><div class=\"jet-listing-dynamic-field__content\" >\u00dat 30. 7. \/ 10:30 \/ Stan literatury\/Nov\u00e9 reality<\/div><\/div><\/div>\t\t\t\t<\/div>\n\t\t\t\t<\/div>\n\t\t\t\t<\/a>\n\t\t\t\t<\/div>\n\t\t\t\t<div data-elementor-type=\"loop-item\" data-elementor-id=\"5526\" class=\"elementor elementor-5526 e-loop-item e-loop-item-5499 post-5499 nova-realita type-nova-realita status-publish has-post-thumbnail hentry rocnik-15\" data-elementor-post-type=\"elementor_library\" data-custom-edit-handle=\"1\">\n\t\t\t<a class=\"elementor-element elementor-element-2e4bd7fd e-con-full e-flex e-con e-parent\" data-id=\"2e4bd7fd\" data-element_type=\"container\" data-e-type=\"container\" href=\"https:\/\/lfs.cz\/en\/nova-realita\/pece-o-dusevni-zdravi\/\">\n\t\t\t\t<div class=\"elementor-element elementor-element-4b546c44 elementor-widget elementor-widget-theme-post-featured-image elementor-widget-image\" data-id=\"4b546c44\" data-element_type=\"widget\" data-e-type=\"widget\" data-widget_type=\"theme-post-featured-image.default\">\n\t\t\t\t<div class=\"elementor-widget-container\">\n\t\t\t\t\t\t\t\t\t\t\t\t\t\t\t<img loading=\"lazy\" decoding=\"async\" width=\"800\" height=\"450\" src=\"https:\/\/lfs.cz\/wp-content\/uploads\/2024\/07\/lfs24-nova-realita-1600x900-jak-lepe-zvladat-stres-1024x576.jpg\" class=\"attachment-large size-large wp-image-5502\" alt=\"\" srcset=\"https:\/\/lfs.cz\/wp-content\/uploads\/2024\/07\/lfs24-nova-realita-1600x900-jak-lepe-zvladat-stres-1024x576.jpg 1024w, https:\/\/lfs.cz\/wp-content\/uploads\/2024\/07\/lfs24-nova-realita-1600x900-jak-lepe-zvladat-stres-300x169.jpg 300w, https:\/\/lfs.cz\/wp-content\/uploads\/2024\/07\/lfs24-nova-realita-1600x900-jak-lepe-zvladat-stres-768x432.jpg 768w, https:\/\/lfs.cz\/wp-content\/uploads\/2024\/07\/lfs24-nova-realita-1600x900-jak-lepe-zvladat-stres-1536x864.jpg 1536w, https:\/\/lfs.cz\/wp-content\/uploads\/2024\/07\/lfs24-nova-realita-1600x900-jak-lepe-zvladat-stres-18x10.jpg 18w, https:\/\/lfs.cz\/wp-content\/uploads\/2024\/07\/lfs24-nova-realita-1600x900-jak-lepe-zvladat-stres.jpg 1600w\" sizes=\"(max-width: 800px) 100vw, 800px\" \/>\t\t\t\t\t\t\t\t\t\t\t\t\t\t\t<\/div>\n\t\t\t\t<\/div>\n\t\t\t\t<div class=\"elementor-element elementor-element-c1aeb23 elementor-widget elementor-widget-jet-listing-dynamic-field\" data-id=\"c1aeb23\" data-element_type=\"widget\" data-e-type=\"widget\" data-widget_type=\"jet-listing-dynamic-field.default\">\n\t\t\t\t<div class=\"elementor-widget-container\">\n\t\t\t\t\t<div class=\"jet-listing jet-listing-dynamic-field display-inline\"><div class=\"jet-listing-dynamic-field__inline-wrap\"><div class=\"jet-listing-dynamic-field__content\" >P\u00e9\u010de o du\u0161evn\u00ed zdrav\u00ed<\/div><\/div><\/div>\t\t\t\t<\/div>\n\t\t\t\t<\/div>\n\t\t\t\t<div class=\"elementor-element elementor-element-fac523 elementor-widget__width-inherit elementor-widget elementor-widget-jet-listing-dynamic-field\" data-id=\"fac523\" data-element_type=\"widget\" data-e-type=\"widget\" data-widget_type=\"jet-listing-dynamic-field.default\">\n\t\t\t\t<div class=\"elementor-widget-container\">\n\t\t\t\t\t<div class=\"jet-listing jet-listing-dynamic-field display-inline\"><div class=\"jet-listing-dynamic-field__inline-wrap\"><div class=\"jet-listing-dynamic-field__content\" >St 31. 7. \/ 10:30 \/ Stan literatury\/Nov\u00e9 reality<\/div><\/div><\/div>\t\t\t\t<\/div>\n\t\t\t\t<\/div>\n\t\t\t\t<\/a>\n\t\t\t\t<\/div>\n\t\t\t\t<\/div>\n\t\t\n\t\t\t\t\t\t<\/div>\n\t\t\t\t<\/div>\n\t\t<div class=\"elementor-element elementor-element-d3b7092 e-con-full e-flex e-con e-child\" data-id=\"d3b7092\" data-element_type=\"container\" data-e-type=\"container\">\n\t\t\t\t<\/div>\n\t\t\t\t<\/div>\n\t\t\t\t<\/div>\n\t\t","protected":false},"excerpt":{"rendered":"<p>Nov\u00e1 realita 2024 V leto\u0161n\u00edm roce n\u00e1s \u010dek\u00e1 hodn\u011b \u017eensk\u00fdch t\u00e9mat, pov\u00eddat si budeme o roz\u0161i\u0159ov\u00e1n\u00ed a pozic\u00edch rol\u00ed \u017een ve ve\u0159ejn\u00e9 slu\u017eb\u011b, o upgradeu porodnictv\u00ed v \u010cR a n\u00e1vratu k p\u0159irozenosti a \u00fact\u011b ke zrozen\u00ed, o sklouben\u00ed mate\u0159stv\u00ed a seberealizace v hudebn\u00ed oblasti, jak pe\u010dovat o sv\u00e9 du\u0161evn\u00ed zdrav\u00ed ale tak\u00e9 o tom, jak [&hellip;]<\/p>\n","protected":false},"author":1,"featured_media":0,"parent":0,"menu_order":0,"comment_status":"closed","ping_status":"closed","template":"","meta":{"_seopress_robots_primary_cat":"","_seopress_titles_title":"","_seopress_titles_desc":"","_seopress_robots_index":"","footnotes":""},"class_list":["post-5471","page","type-page","status-publish","hentry"],"_links":{"self":[{"href":"https:\/\/lfs.cz\/en\/wp-json\/wp\/v2\/pages\/5471","targetHints":{"allow":["GET"]}}],"collection":[{"href":"https:\/\/lfs.cz\/en\/wp-json\/wp\/v2\/pages"}],"about":[{"href":"https:\/\/lfs.cz\/en\/wp-json\/wp\/v2\/types\/page"}],"author":[{"embeddable":true,"href":"https:\/\/lfs.cz\/en\/wp-json\/wp\/v2\/users\/1"}],"replies":[{"embeddable":true,"href":"https:\/\/lfs.cz\/en\/wp-json\/wp\/v2\/comments?post=5471"}],"version-history":[{"count":43,"href":"https:\/\/lfs.cz\/en\/wp-json\/wp\/v2\/pages\/5471\/revisions"}],"predecessor-version":[{"id":7325,"href":"https:\/\/lfs.cz\/en\/wp-json\/wp\/v2\/pages\/5471\/revisions\/7325"}],"wp:attachment":[{"href":"https:\/\/lfs.cz\/en\/wp-json\/wp\/v2\/media?parent=5471"}],"curies":[{"name":"wp","href":"https:\/\/api.w.org\/{rel}","templated":true}]}}