{"id":5197,"date":"2024-07-02T16:50:05","date_gmt":"2024-07-02T14:50:05","guid":{"rendered":"https:\/\/lfs.cz\/?page_id=5197"},"modified":"2024-07-02T17:25:53","modified_gmt":"2024-07-02T15:25:53","slug":"detsky-program-2024","status":"publish","type":"page","link":"https:\/\/lfs.cz\/en\/detsky-program-2024\/","title":{"rendered":"D\u011btsk\u00fd program 2024"},"content":{"rendered":"<div data-elementor-type=\"wp-page\" data-elementor-id=\"5197\" class=\"elementor elementor-5197\" data-elementor-post-type=\"page\">\n\t\t\t\t<div class=\"elementor-element elementor-element-8523e5b e-flex e-con-boxed e-con e-parent\" data-id=\"8523e5b\" data-element_type=\"container\" data-e-type=\"container\">\n\t\t\t\t\t<div class=\"e-con-inner\">\n\t\t\t\t<div class=\"elementor-element elementor-element-4d3bd55 elementor-widget elementor-widget-image\" data-id=\"4d3bd55\" data-element_type=\"widget\" data-e-type=\"widget\" data-widget_type=\"image.default\">\n\t\t\t\t<div class=\"elementor-widget-container\">\n\t\t\t\t\t\t\t\t\t\t\t\t\t\t\t<img loading=\"lazy\" decoding=\"async\" width=\"1536\" height=\"432\" src=\"https:\/\/lfs.cz\/wp-content\/uploads\/2024\/07\/lfs-24-doprovodny-program-uvod-wide-detsky-2-1536x432.jpg\" class=\"attachment-1536x1536 size-1536x1536 wp-image-5233\" alt=\"\" srcset=\"https:\/\/lfs.cz\/wp-content\/uploads\/2024\/07\/lfs-24-doprovodny-program-uvod-wide-detsky-2-1536x432.jpg 1536w, https:\/\/lfs.cz\/wp-content\/uploads\/2024\/07\/lfs-24-doprovodny-program-uvod-wide-detsky-2-300x84.jpg 300w, https:\/\/lfs.cz\/wp-content\/uploads\/2024\/07\/lfs-24-doprovodny-program-uvod-wide-detsky-2-1024x288.jpg 1024w, https:\/\/lfs.cz\/wp-content\/uploads\/2024\/07\/lfs-24-doprovodny-program-uvod-wide-detsky-2-768x216.jpg 768w, https:\/\/lfs.cz\/wp-content\/uploads\/2024\/07\/lfs-24-doprovodny-program-uvod-wide-detsky-2-18x5.jpg 18w, https:\/\/lfs.cz\/wp-content\/uploads\/2024\/07\/lfs-24-doprovodny-program-uvod-wide-detsky-2.jpg 1600w\" sizes=\"auto, (max-width: 1536px) 100vw, 1536px\" \/>\t\t\t\t\t\t\t\t\t\t\t\t\t\t\t<\/div>\n\t\t\t\t<\/div>\n\t\t\t\t\t<\/div>\n\t\t\t\t<\/div>\n\t\t<div class=\"elementor-element elementor-element-f8f3e61 e-flex e-con-boxed e-con e-parent\" data-id=\"f8f3e61\" data-element_type=\"container\" data-e-type=\"container\">\n\t\t\t\t\t<div class=\"e-con-inner\">\n\t\t\t\t<div class=\"elementor-element elementor-element-5090314 elementor-widget elementor-widget-heading\" data-id=\"5090314\" data-element_type=\"widget\" data-e-type=\"widget\" data-widget_type=\"heading.default\">\n\t\t\t\t<div class=\"elementor-widget-container\">\n\t\t\t\t\t<h1 class=\"elementor-heading-title elementor-size-default\">D\u011btsk\u00fd program 2024<\/h1>\t\t\t\t<\/div>\n\t\t\t\t<\/div>\n\t\t\t\t<div class=\"elementor-element elementor-element-21c7d31 elementor-widget__width-initial elementor-widget-widescreen__width-initial elementor-widget elementor-widget-text-editor\" data-id=\"21c7d31\" data-element_type=\"widget\" data-e-type=\"widget\" data-widget_type=\"text-editor.default\">\n\t\t\t\t<div class=\"elementor-widget-container\">\n\t\t\t\t\t\t\t\t\t<h5>Filmovka op\u011bt nab\u00eddne bohat\u00fd program i t\u011bm nejmen\u0161\u00edm div\u00e1k\u016fm. P\u0159ipraveny jsou hry, sf\u00e9rick\u00e9 kino, workshopy, kter\u00e9 d\u011bti uvedou do taj\u016f kinematografie, i pasivn\u011bj\u0161\u00ed program ve form\u011b divadeln\u00edch p\u0159edstaven\u00ed a filmov\u00fdch projekc\u00ed.<\/h5>\n<h5>Program pro d\u011bti prob\u00edh\u00e1 v\u00a0D\u011btsk\u00e9m\/hern\u00edm stanu ve Smetanov\u00fdch sadech a v\u00a0HUB123 jako sou\u010d\u00e1st\u00a0<u>Industry programu<\/u>\u00a0a je voln\u011b p\u0159\u00edstupn\u00fd i bez akreditace. Na vybran\u00e9 workshopy je pot\u0159eba se zaregistrovat, vstupenky na divadeln\u00ed p\u0159edstaven\u00ed se prod\u00e1vaj\u00ed na m\u00edst\u011b.<\/h5>\t\t\t\t\t\t\t\t<\/div>\n\t\t\t\t<\/div>\n\t\t\t\t\t<\/div>\n\t\t\t\t<\/div>\n\t\t\t\t<\/div>","protected":false},"excerpt":{"rendered":"<p>D\u011btsk\u00fd program 2024 Filmovka op\u011bt nab\u00eddne bohat\u00fd program i t\u011bm nejmen\u0161\u00edm div\u00e1k\u016fm. P\u0159ipraveny jsou hry, sf\u00e9rick\u00e9 kino, workshopy, kter\u00e9 d\u011bti uvedou do taj\u016f kinematografie, i pasivn\u011bj\u0161\u00ed program ve form\u011b divadeln\u00edch p\u0159edstaven\u00ed a filmov\u00fdch projekc\u00ed. Program pro d\u011bti prob\u00edh\u00e1 v\u00a0D\u011btsk\u00e9m\/hern\u00edm stanu ve Smetanov\u00fdch sadech a v\u00a0HUB123 jako sou\u010d\u00e1st\u00a0Industry programu\u00a0a je voln\u011b p\u0159\u00edstupn\u00fd i bez akreditace. Na [&hellip;]<\/p>\n","protected":false},"author":1,"featured_media":0,"parent":0,"menu_order":0,"comment_status":"closed","ping_status":"closed","template":"","meta":{"_seopress_robots_primary_cat":"","_seopress_titles_title":"","_seopress_titles_desc":"","_seopress_robots_index":"","footnotes":""},"class_list":["post-5197","page","type-page","status-publish","hentry"],"_links":{"self":[{"href":"https:\/\/lfs.cz\/en\/wp-json\/wp\/v2\/pages\/5197","targetHints":{"allow":["GET"]}}],"collection":[{"href":"https:\/\/lfs.cz\/en\/wp-json\/wp\/v2\/pages"}],"about":[{"href":"https:\/\/lfs.cz\/en\/wp-json\/wp\/v2\/types\/page"}],"author":[{"embeddable":true,"href":"https:\/\/lfs.cz\/en\/wp-json\/wp\/v2\/users\/1"}],"replies":[{"embeddable":true,"href":"https:\/\/lfs.cz\/en\/wp-json\/wp\/v2\/comments?post=5197"}],"version-history":[{"count":10,"href":"https:\/\/lfs.cz\/en\/wp-json\/wp\/v2\/pages\/5197\/revisions"}],"predecessor-version":[{"id":5236,"href":"https:\/\/lfs.cz\/en\/wp-json\/wp\/v2\/pages\/5197\/revisions\/5236"}],"wp:attachment":[{"href":"https:\/\/lfs.cz\/en\/wp-json\/wp\/v2\/media?parent=5197"}],"curies":[{"name":"wp","href":"https:\/\/api.w.org\/{rel}","templated":true}]}}