{"id":2084,"date":"2024-03-04T15:47:39","date_gmt":"2024-03-04T14:47:39","guid":{"rendered":"https:\/\/lfs.cz\/?page_id=2084"},"modified":"2026-03-10T14:28:26","modified_gmt":"2026-03-10T13:28:26","slug":"sluzby-pro-novinare","status":"publish","type":"page","link":"https:\/\/lfs.cz\/en\/sluzby-pro-novinare\/","title":{"rendered":"Slu\u017eby pro novin\u00e1\u0159e"},"content":{"rendered":"<div data-elementor-type=\"wp-page\" data-elementor-id=\"2084\" class=\"elementor elementor-2084\" data-elementor-post-type=\"page\">\n\t\t\t\t<div class=\"elementor-element elementor-element-f24ffda e-flex e-con-boxed e-con e-parent\" data-id=\"f24ffda\" data-element_type=\"container\" data-e-type=\"container\">\n\t\t\t\t\t<div class=\"e-con-inner\">\n\t\t<div class=\"elementor-element elementor-element-1df2044 e-flex e-con-boxed e-con e-child\" data-id=\"1df2044\" data-element_type=\"container\" data-e-type=\"container\" data-settings=\"{&quot;background_background&quot;:&quot;classic&quot;}\">\n\t\t\t\t\t<div class=\"e-con-inner\">\n\t\t\t\t\t<\/div>\n\t\t\t\t<\/div>\n\t\t\t\t\t<\/div>\n\t\t\t\t<\/div>\n\t\t<div class=\"elementor-element elementor-element-1f005d7 e-flex e-con-boxed e-con e-parent\" data-id=\"1f005d7\" data-element_type=\"container\" data-e-type=\"container\">\n\t\t\t\t\t<div class=\"e-con-inner\">\n\t\t<div class=\"elementor-element elementor-element-9251a18 e-flex e-con-boxed e-con e-child\" data-id=\"9251a18\" data-element_type=\"container\" data-e-type=\"container\">\n\t\t\t\t\t<div class=\"e-con-inner\">\n\t\t\t\t<div class=\"elementor-element elementor-element-09038e9 elementor-widget elementor-widget-heading\" data-id=\"09038e9\" data-element_type=\"widget\" data-e-type=\"widget\" data-widget_type=\"heading.default\">\n\t\t\t\t<div class=\"elementor-widget-container\">\n\t\t\t\t\t<h1 class=\"elementor-heading-title elementor-size-default\">Slu\u017eby pro novin\u00e1\u0159e<\/h1>\t\t\t\t<\/div>\n\t\t\t\t<\/div>\n\t\t\t\t\t<\/div>\n\t\t\t\t<\/div>\n\t\t\t\t\t<\/div>\n\t\t\t\t<\/div>\n\t\t<div class=\"elementor-element elementor-element-73f1462 e-flex e-con-boxed e-con e-parent\" data-id=\"73f1462\" data-element_type=\"container\" data-e-type=\"container\">\n\t\t\t\t\t<div class=\"e-con-inner\">\n\t\t<div class=\"elementor-element elementor-element-dd4555a e-con-full e-flex e-con e-child\" data-id=\"dd4555a\" data-element_type=\"container\" data-e-type=\"container\">\n\t\t\t\t<div class=\"elementor-element elementor-element-465b1ef elementor-widget elementor-widget-heading\" data-id=\"465b1ef\" data-element_type=\"widget\" data-e-type=\"widget\" data-widget_type=\"heading.default\">\n\t\t\t\t<div class=\"elementor-widget-container\">\n\t\t\t\t\t<h3 class=\"elementor-heading-title elementor-size-default\">Press akreditace<\/h3>\t\t\t\t<\/div>\n\t\t\t\t<\/div>\n\t\t\t\t<div class=\"elementor-element elementor-element-d10ace9 elementor-widget elementor-widget-text-editor\" data-id=\"d10ace9\" data-element_type=\"widget\" data-e-type=\"widget\" data-widget_type=\"text-editor.default\">\n\t\t\t\t<div class=\"elementor-widget-container\">\n\t\t\t\t\t\t\t\t\t<p style=\"font-weight: 400;\">Abyste na 52. Letn\u00ed filmovou \u0161kolu z\u00edskali novin\u00e1\u0159skou akreditaci, je nutn\u00e9, abyste byli zaregistrovan\u00ed v syst\u00e9mu <a href=\"http:\/\/moje.lfs.cz\"><u>my.lfs.cz<\/u><\/a>. O\u00a0<span class=\"il\">press<\/span>\u00a0<span class=\"il\">Passes<\/span> m\u016f\u017eete \u017e\u00e1dat prost\u0159ednictv\u00edm formul\u00e1\u0159e do 12. \u010dervence 2026. Doporu\u010dujeme za\u0159\u00eddit si co nejd\u0159\u00edve ubytov\u00e1n\u00ed, omezen\u00e9 festivalov\u00e9 kapacity za\u010dneme prod\u00e1vat na za\u010d\u00e1tku \u010dervna po p\u0159ihl\u00e1\u0161en\u00ed v syst\u00e9mu <span style=\"text-decoration: underline;\"><a href=\"https:\/\/my.lfs.cz\/\">my.lfs.cz<\/a><\/span>.<\/p>\t\t\t\t\t\t\t\t<\/div>\n\t\t\t\t<\/div>\n\t\t\t\t<\/div>\n\t\t<div class=\"elementor-element elementor-element-b29cac5 e-con-full e-flex e-con e-child\" data-id=\"b29cac5\" data-element_type=\"container\" data-e-type=\"container\">\n\t\t\t\t<div class=\"elementor-element elementor-element-9b9205b elementor-widget elementor-widget-heading\" data-id=\"9b9205b\" data-element_type=\"widget\" data-e-type=\"widget\" data-widget_type=\"heading.default\">\n\t\t\t\t<div class=\"elementor-widget-container\">\n\t\t\t\t\t<h3 class=\"elementor-heading-title elementor-size-default\">Rozhovory<\/h3>\t\t\t\t<\/div>\n\t\t\t\t<\/div>\n\t\t\t\t<div class=\"elementor-element elementor-element-f31badd elementor-widget elementor-widget-text-editor\" data-id=\"f31badd\" data-element_type=\"widget\" data-e-type=\"widget\" data-widget_type=\"text-editor.default\">\n\t\t\t\t<div class=\"elementor-widget-container\">\n\t\t\t\t\t\t\t\t\t<div class=\"vc_col-sm-6 wpb_column column_container vc_column_container col centered-text padding-2-percent inherit_tablet inherit_phone\" data-padding-pos=\"all\" data-has-bg-color=\"false\" data-bg-color=\"\" data-bg-opacity=\"1\" data-animation=\"\" data-delay=\"0\"><div class=\"vc_column-inner\"><div class=\"wpb_wrapper\"><div class=\"wpb_text_column wpb_content_element\"><div class=\"wpb_wrapper\"><p>Po\u017eadavky na rozhovory s hosty a veden\u00edm LF\u0160 sm\u011b\u0159ujte, pros\u00edm, do 19. \u010dervence na adresu <span style=\"text-decoration: underline;\"><a href=\"mailto:lenka.horakova@lfs.cz\">lenka.horakova@lfs.cz<\/a><\/span>, a to i v p\u0159\u00edpad\u011b, \u017ee m\u00e1te rozhovor s n\u011bkter\u00fdm z host\u016f poznamenan\u00fd v pl\u00e1nu pr\u00e1ce, kter\u00fd je sou\u010d\u00e1st\u00ed \u017e\u00e1dosti o novin\u00e1\u0159skou akreditaci.<\/p><\/div><\/div><\/div><\/div><\/div>\t\t\t\t\t\t\t\t<\/div>\n\t\t\t\t<\/div>\n\t\t\t\t<\/div>\n\t\t<div class=\"elementor-element elementor-element-deac689 e-con-full e-flex e-con e-child\" data-id=\"deac689\" data-element_type=\"container\" data-e-type=\"container\">\n\t\t\t\t<div class=\"elementor-element elementor-element-4eb1f17 elementor-widget elementor-widget-heading\" data-id=\"4eb1f17\" data-element_type=\"widget\" data-e-type=\"widget\" data-widget_type=\"heading.default\">\n\t\t\t\t<div class=\"elementor-widget-container\">\n\t\t\t\t\t<h3 class=\"elementor-heading-title elementor-size-default\">Press centrum<\/h3>\t\t\t\t<\/div>\n\t\t\t\t<\/div>\n\t\t\t\t<div class=\"elementor-element elementor-element-53d5bb8 elementor-widget elementor-widget-text-editor\" data-id=\"53d5bb8\" data-element_type=\"widget\" data-e-type=\"widget\" data-widget_type=\"text-editor.default\">\n\t\t\t\t<div class=\"elementor-widget-container\">\n\t\t\t\t\t\t\t\t\t<p style=\"font-weight: 400;\">Press centrum najdete ve Sportovn\u00ed hale pobl\u00ed\u017e kina Hv\u011bzda. Otev\u00edrac\u00ed doba je denn\u011b od 9 do 21 hodin. Press centrum je m\u00edstem, kde prob\u00edhaj\u00ed tiskov\u00e9 konference, kde jsou pro v\u00e1s k dispozici po\u010d\u00edta\u010de, tisk\u00e1rna i Wi-Fi, kde v\u00e1m poskytneme fotografie, informace o aktu\u00e1ln\u00edm d\u011bn\u00ed a kde se v\u00e1m pokus\u00edme splnit (t\u00e9m\u011b\u0159) v\u0161echna va\u0161e dal\u0161\u00ed p\u0159\u00e1n\u00ed.<\/p>\t\t\t\t\t\t\t\t<\/div>\n\t\t\t\t<\/div>\n\t\t\t\t<\/div>\n\t\t<div class=\"elementor-element elementor-element-998f939 e-con-full e-flex e-con e-child\" data-id=\"998f939\" data-element_type=\"container\" data-e-type=\"container\">\n\t\t\t\t<div class=\"elementor-element elementor-element-063a8a3 elementor-widget elementor-widget-heading\" data-id=\"063a8a3\" data-element_type=\"widget\" data-e-type=\"widget\" data-widget_type=\"heading.default\">\n\t\t\t\t<div class=\"elementor-widget-container\">\n\t\t\t\t\t<h3 class=\"elementor-heading-title elementor-size-default\">Po p\u0159\u00edjezdu<\/h3>\t\t\t\t<\/div>\n\t\t\t\t<\/div>\n\t\t\t\t<div class=\"elementor-element elementor-element-dab23a8 elementor-widget elementor-widget-text-editor\" data-id=\"dab23a8\" data-element_type=\"widget\" data-e-type=\"widget\" data-widget_type=\"text-editor.default\">\n\t\t\t\t<div class=\"elementor-widget-container\">\n\t\t\t\t\t\t\t\t\t<p style=\"font-weight: 400;\">Press akreditace v\u00e1m budou p\u0159ed\u00e1ny v Press centru. Otev\u00edrac\u00ed doba je denn\u011b od 9 do 21 hodin.<\/p>\t\t\t\t\t\t\t\t<\/div>\n\t\t\t\t<\/div>\n\t\t\t\t<\/div>\n\t\t<div class=\"elementor-element elementor-element-0a8d740 e-con-full e-flex e-con e-child\" data-id=\"0a8d740\" data-element_type=\"container\" data-e-type=\"container\">\n\t\t\t\t<div class=\"elementor-element elementor-element-088ea20 elementor-widget elementor-widget-heading\" data-id=\"088ea20\" data-element_type=\"widget\" data-e-type=\"widget\" data-widget_type=\"heading.default\">\n\t\t\t\t<div class=\"elementor-widget-container\">\n\t\t\t\t\t<h3 class=\"elementor-heading-title elementor-size-default\">Rezervace<\/h3>\t\t\t\t<\/div>\n\t\t\t\t<\/div>\n\t\t\t\t<div class=\"elementor-element elementor-element-97b0832 elementor-widget elementor-widget-text-editor\" data-id=\"97b0832\" data-element_type=\"widget\" data-e-type=\"widget\" data-widget_type=\"text-editor.default\">\n\t\t\t\t<div class=\"elementor-widget-container\">\n\t\t\t\t\t\t\t\t\t<div class=\"vc_col-sm-6 wpb_column column_container vc_column_container col centered-text padding-2-percent inherit_tablet inherit_phone\" data-padding-pos=\"all\" data-has-bg-color=\"false\" data-bg-color=\"\" data-bg-opacity=\"1\" data-animation=\"\" data-delay=\"0\"><div class=\"vc_column-inner\"><div class=\"wpb_wrapper\"><div class=\"wpb_text_column wpb_content_element\"><div class=\"wpb_wrapper\"><p>Na LF\u0160 nen\u00ed b\u011b\u017en\u00fd syst\u00e9m rezervac\u00ed, doporu\u010dujeme proto chodit na projekce s dostate\u010dn\u00fdm p\u0159edstihem. Pokud po\u017eadujete m\u00edstenkovou rezervaci, je ve v\u00fdjime\u010dn\u00fdch p\u0159\u00edpadech mo\u017en\u00e9 ji zajistit, av\u0161ak pouze do napln\u011bn\u00ed kapacity rezervac\u00ed na danou projekci. I na takto rezervovan\u00e1 m\u00edsta se, pros\u00edm, dostavte nejpozd\u011bji 10 minut p\u0159ed zah\u00e1jen\u00edm projekce, jinak ztrat\u00edte na m\u00edsto n\u00e1rok. Po\u017eadavky sm\u011b\u0159ujte nejd\u0159\u00edve den a nejpozd\u011bji 3 hodiny p\u0159ed projekc\u00ed osobn\u011b na Press centrum nebo na adresu <span style=\"text-decoration: underline;\"><a href=\"mailto:press@lfs.cz\">press@lfs.cz<\/a><\/span>. Rezervace jsou omezeny na 2 filmy denn\u011b.<\/p><\/div><\/div><\/div><\/div><\/div><div class=\"vc_col-sm-6 wpb_column column_container vc_column_container col centered-text padding-2-percent inherit_tablet inherit_phone\" data-padding-pos=\"all\" data-has-bg-color=\"false\" data-bg-color=\"\" data-bg-opacity=\"1\" data-animation=\"\" data-delay=\"0\"><div class=\"vc_column-inner\"><div class=\"wpb_wrapper\"><div class=\"divider-wrap\" data-alignment=\"default\">\u00a0<\/div><\/div><\/div><\/div>\t\t\t\t\t\t\t\t<\/div>\n\t\t\t\t<\/div>\n\t\t\t\t<\/div>\n\t\t\t\t\t<\/div>\n\t\t\t\t<\/div>\n\t\t\t\t<\/div>","protected":false},"excerpt":{"rendered":"<p>Slu\u017eby pro novin\u00e1\u0159e Press akreditace Abyste na 52. Letn\u00ed filmovou \u0161kolu z\u00edskali novin\u00e1\u0159skou akreditaci, je nutn\u00e9, abyste byli zaregistrovan\u00ed v syst\u00e9mu moje.lfs.cz. O\u00a0press\u00a0akreditace m\u016f\u017eete \u017e\u00e1dat prost\u0159ednictv\u00edm formul\u00e1\u0159e do 12. \u010dervence 2026. Doporu\u010dujeme za\u0159\u00eddit si co nejd\u0159\u00edve ubytov\u00e1n\u00ed, omezen\u00e9 festivalov\u00e9 kapacity za\u010dneme prod\u00e1vat na za\u010d\u00e1tku \u010dervna po p\u0159ihl\u00e1\u0161en\u00ed v syst\u00e9mu moje.lfs.cz. Rozhovory Po\u017eadavky na rozhovory s [&hellip;]<\/p>\n","protected":false},"author":1,"featured_media":0,"parent":0,"menu_order":0,"comment_status":"closed","ping_status":"closed","template":"","meta":{"_seopress_robots_primary_cat":"","_seopress_titles_title":"","_seopress_titles_desc":"","_seopress_robots_index":"","footnotes":""},"class_list":["post-2084","page","type-page","status-publish","hentry"],"_links":{"self":[{"href":"https:\/\/lfs.cz\/en\/wp-json\/wp\/v2\/pages\/2084","targetHints":{"allow":["GET"]}}],"collection":[{"href":"https:\/\/lfs.cz\/en\/wp-json\/wp\/v2\/pages"}],"about":[{"href":"https:\/\/lfs.cz\/en\/wp-json\/wp\/v2\/types\/page"}],"author":[{"embeddable":true,"href":"https:\/\/lfs.cz\/en\/wp-json\/wp\/v2\/users\/1"}],"replies":[{"embeddable":true,"href":"https:\/\/lfs.cz\/en\/wp-json\/wp\/v2\/comments?post=2084"}],"version-history":[{"count":70,"href":"https:\/\/lfs.cz\/en\/wp-json\/wp\/v2\/pages\/2084\/revisions"}],"predecessor-version":[{"id":13997,"href":"https:\/\/lfs.cz\/en\/wp-json\/wp\/v2\/pages\/2084\/revisions\/13997"}],"wp:attachment":[{"href":"https:\/\/lfs.cz\/en\/wp-json\/wp\/v2\/media?parent=2084"}],"curies":[{"name":"wp","href":"https:\/\/api.w.org\/{rel}","templated":true}]}}