{"id":2027,"date":"2024-03-04T15:00:40","date_gmt":"2024-03-04T14:00:40","guid":{"rendered":"https:\/\/lfs.cz\/?page_id=2027"},"modified":"2025-05-20T18:25:58","modified_gmt":"2025-05-20T16:25:58","slug":"o-programu","status":"publish","type":"page","link":"https:\/\/lfs.cz\/en\/o-programu\/","title":{"rendered":"About programme"},"content":{"rendered":"<div data-elementor-type=\"wp-page\" data-elementor-id=\"2027\" class=\"elementor elementor-2027\" data-elementor-post-type=\"page\">\n\t\t\t\t<div class=\"elementor-element elementor-element-8c36729 e-flex e-con-boxed e-con e-parent\" data-id=\"8c36729\" data-element_type=\"container\" data-e-type=\"container\">\n\t\t\t\t\t<div class=\"e-con-inner\">\n\t\t<div class=\"elementor-element elementor-element-0d7ef86 e-flex e-con-boxed e-con e-child\" data-id=\"0d7ef86\" data-element_type=\"container\" data-e-type=\"container\" data-settings=\"{&quot;background_background&quot;:&quot;classic&quot;}\">\n\t\t\t\t\t<div class=\"e-con-inner\">\n\t\t\t\t\t<\/div>\n\t\t\t\t<\/div>\n\t\t\t\t\t<\/div>\n\t\t\t\t<\/div>\n\t\t<div class=\"elementor-element elementor-element-0a76445 e-flex e-con-boxed e-con e-parent\" data-id=\"0a76445\" data-element_type=\"container\" data-e-type=\"container\">\n\t\t\t\t\t<div class=\"e-con-inner\">\n\t\t<div class=\"elementor-element elementor-element-9f472dc e-flex e-con-boxed e-con e-child\" data-id=\"9f472dc\" data-element_type=\"container\" data-e-type=\"container\">\n\t\t\t\t\t<div class=\"e-con-inner\">\n\t\t\t\t<div class=\"elementor-element elementor-element-f2f6eec elementor-widget__width-initial elementor-widget elementor-widget-text-editor\" data-id=\"f2f6eec\" data-element_type=\"widget\" data-e-type=\"widget\" data-widget_type=\"text-editor.default\">\n\t\t\t\t<div class=\"elementor-widget-container\">\n\t\t\t\t\t\t\t\t\t<!--\n<h3 style=\"font-weight: 400;\"><span data-mce-type=\"bookmark\" style=\"display: inline-block; width: 0px; overflow: hidden; line-height: 0;\" class=\"mce_SELRES_start\"><\/span><strong>Jednotliv\u00e9 <span style=\"text-decoration: underline;\"><a href=\"https:\/\/lfs.cz\/programove-sekce-2024\/\">programov\u00e9 sekce<\/a><\/span> zve\u0159ej\u0148ujeme postupn\u011b. Dostupn\u00fd je ji\u017e tak\u00e9 podrobn\u00fd <a href=\"https:\/\/program.lfs.cz\"><span style=\"text-decoration: underline;\">denn\u00ed program<\/span><\/a>.<\/strong><\/h3>\n-->\n<h5 style=\"font-weight: 400;\">The film programme is divided into The History, The Present, Czecho\/Slovakia, Guests and ACFC Presents. Each block consists of several sections.<\/h5>\n<h5 style=\"font-weight: 400;\">Summer Film School also offers an expert programme full of talks, lectures, discussions or masterclasses. The New Reality section focuses on current social issues and ways of changing society.<\/h5>\n<h5 style=\"font-weight: 400;\">In collaboration with National Film Museum NaFilm, Summer Film School prepares an industry programme of film and audiovisual education.<\/h5>\n<h5 style=\"font-weight: 400;\" class=\"translation-block\">And there is also an off-programme with a broad variety of concerts, exhibitions, theatre performances, literary events or events for children and playful adults.<\/h5>\t\t\t\t\t\t\t\t<\/div>\n\t\t\t\t<\/div>\n\t\t\t\t\t<\/div>\n\t\t\t\t<\/div>\n\t\t<div class=\"elementor-element elementor-element-e45b511 e-flex e-con-boxed e-con e-child\" data-id=\"e45b511\" data-element_type=\"container\" data-e-type=\"container\">\n\t\t\t\t\t<div class=\"e-con-inner\">\n\t\t\t\t<div class=\"elementor-element elementor-element-a6475b6 elementor-widget elementor-widget-heading\" data-id=\"a6475b6\" data-element_type=\"widget\" data-e-type=\"widget\" data-widget_type=\"heading.default\">\n\t\t\t\t<div class=\"elementor-widget-container\">\n\t\t\t\t\t<h1 class=\"elementor-heading-title elementor-size-default\">About Programme<\/h1>\t\t\t\t<\/div>\n\t\t\t\t<\/div>\n\t\t\t\t\t<\/div>\n\t\t\t\t<\/div>\n\t\t\t\t\t<\/div>\n\t\t\t\t<\/div>\n\t\t\t\t<\/div>","protected":false},"excerpt":{"rendered":"<p>Filmov\u00fd program je tradi\u010dn\u011b rozd\u011blen\u00fd do blok\u016f Historie, Sou\u010dasnost, \u010cesko\/Slovensko, Host\u00e9 a A\u010cFK uv\u00e1d\u00ed. Ka\u017ed\u00fd z\u00a0blok\u016f zahrnuje n\u011bkolik sekc\u00ed. Sou\u010d\u00e1st\u00ed Letn\u00ed filmov\u00e9 \u0161koly bude i odborn\u00fd program v\u00a0podob\u011b besed, p\u0159edn\u00e1\u0161ek, diskuz\u00ed a lekc\u00ed filmu. Sv\u00e9 m\u00edsto na festivalu bude m\u00edt i sekce Nov\u00e1 realita, kter\u00e1 se v\u011bnuje aktu\u00e1ln\u00edm t\u00e9mat\u016fm a cest\u00e1m ke zm\u011bn\u00e1m ve spole\u010dnosti. [&hellip;]<\/p>\n","protected":false},"author":1,"featured_media":0,"parent":0,"menu_order":0,"comment_status":"closed","ping_status":"closed","template":"","meta":{"_seopress_robots_primary_cat":"","_seopress_titles_title":"","_seopress_titles_desc":"","_seopress_robots_index":"","footnotes":""},"class_list":["post-2027","page","type-page","status-publish","hentry"],"_links":{"self":[{"href":"https:\/\/lfs.cz\/en\/wp-json\/wp\/v2\/pages\/2027","targetHints":{"allow":["GET"]}}],"collection":[{"href":"https:\/\/lfs.cz\/en\/wp-json\/wp\/v2\/pages"}],"about":[{"href":"https:\/\/lfs.cz\/en\/wp-json\/wp\/v2\/types\/page"}],"author":[{"embeddable":true,"href":"https:\/\/lfs.cz\/en\/wp-json\/wp\/v2\/users\/1"}],"replies":[{"embeddable":true,"href":"https:\/\/lfs.cz\/en\/wp-json\/wp\/v2\/comments?post=2027"}],"version-history":[{"count":85,"href":"https:\/\/lfs.cz\/en\/wp-json\/wp\/v2\/pages\/2027\/revisions"}],"predecessor-version":[{"id":10356,"href":"https:\/\/lfs.cz\/en\/wp-json\/wp\/v2\/pages\/2027\/revisions\/10356"}],"wp:attachment":[{"href":"https:\/\/lfs.cz\/en\/wp-json\/wp\/v2\/media?parent=2027"}],"curies":[{"name":"wp","href":"https:\/\/api.w.org\/{rel}","templated":true}]}}