{"id":1843,"date":"2024-03-04T12:27:57","date_gmt":"2024-03-04T11:27:57","guid":{"rendered":"https:\/\/lfs.cz\/?page_id=1843"},"modified":"2026-04-09T15:07:30","modified_gmt":"2026-04-09T13:07:30","slug":"jak-lfs-podporit","status":"publish","type":"page","link":"https:\/\/lfs.cz\/en\/jak-lfs-podporit\/","title":{"rendered":"How to support SFS"},"content":{"rendered":"<div data-elementor-type=\"wp-page\" data-elementor-id=\"1843\" class=\"elementor elementor-1843\" data-elementor-post-type=\"page\">\n\t\t\t\t<div class=\"elementor-element elementor-element-b6443f7 e-flex e-con-boxed e-con e-parent\" data-id=\"b6443f7\" data-element_type=\"container\" data-e-type=\"container\">\n\t\t\t\t\t<div class=\"e-con-inner\">\n\t\t<div class=\"elementor-element elementor-element-84c1a75 e-flex e-con-boxed e-con e-child\" data-id=\"84c1a75\" data-element_type=\"container\" data-e-type=\"container\">\n\t\t\t\t\t<div class=\"e-con-inner\">\n\t\t\t\t<div class=\"elementor-element elementor-element-1329964 elementor-widget elementor-widget-text-editor\" data-id=\"1329964\" data-element_type=\"widget\" data-e-type=\"widget\" data-widget_type=\"text-editor.default\">\n\t\t\t\t<div class=\"elementor-widget-container\">\n\t\t\t\t\t\t\t\t\t<h5>Each year, our team tries to arrange the best Summer Film School possible. We make sure every visitor gets quality content in a friendly and tolerant environment. We couldn't do it without our longstanding partnership with the town of Uherske Hradiste and the Zlin region. Without our other partners and of course, without all of our attendees.<\/h5>\n<h5>Ever growing costs across all sectors have made us open up new channels of attaining financial support \u2013 from companies and private donors, all who hold SFS dear. Our heart goes out to all of you!<\/h5>\t\t\t\t\t\t\t\t<\/div>\n\t\t\t\t<\/div>\n\t\t\t\t\t<\/div>\n\t\t\t\t<\/div>\n\t\t<div class=\"elementor-element elementor-element-6f301bf e-flex e-con-boxed e-con e-child\" data-id=\"6f301bf\" data-element_type=\"container\" data-e-type=\"container\">\n\t\t\t\t\t<div class=\"e-con-inner\">\n\t\t\t\t<div class=\"elementor-element elementor-element-a4426fb elementor-widget elementor-widget-heading\" data-id=\"a4426fb\" data-element_type=\"widget\" data-e-type=\"widget\" data-widget_type=\"heading.default\">\n\t\t\t\t<div class=\"elementor-widget-container\">\n\t\t\t\t\t<h1 class=\"elementor-heading-title elementor-size-default\">How to support SFS<\/h1>\t\t\t\t<\/div>\n\t\t\t\t<\/div>\n\t\t\t\t\t<\/div>\n\t\t\t\t<\/div>\n\t\t\t\t\t<\/div>\n\t\t\t\t<\/div>\n\t\t<div class=\"elementor-element elementor-element-75cb956 e-flex e-con-boxed e-con e-parent\" data-id=\"75cb956\" data-element_type=\"container\" data-e-type=\"container\">\n\t\t\t\t\t<div class=\"e-con-inner\">\n\t\t\t\t<div class=\"elementor-element elementor-element-7d0a340 elementor-widget-divider--view-line elementor-widget elementor-widget-divider\" data-id=\"7d0a340\" data-element_type=\"widget\" data-e-type=\"widget\" data-widget_type=\"divider.default\">\n\t\t\t\t<div class=\"elementor-widget-container\">\n\t\t\t\t\t\t\t<div class=\"elementor-divider\">\n\t\t\t<span class=\"elementor-divider-separator\">\n\t\t\t\t\t\t<\/span>\n\t\t<\/div>\n\t\t\t\t\t\t<\/div>\n\t\t\t\t<\/div>\n\t\t\t\t\t<\/div>\n\t\t\t\t<\/div>\n\t\t<div class=\"elementor-element elementor-element-87ab4e9 e-flex e-con-boxed e-con e-parent\" data-id=\"87ab4e9\" data-element_type=\"container\" data-e-type=\"container\">\n\t\t\t\t\t<div class=\"e-con-inner\">\n\t\t<div class=\"elementor-element elementor-element-7926e4b e-flex e-con-boxed e-con e-child\" data-id=\"7926e4b\" data-element_type=\"container\" data-e-type=\"container\">\n\t\t\t\t\t<div class=\"e-con-inner\">\n\t\t\t\t<div class=\"elementor-element elementor-element-cf41108 elementor-widget elementor-widget-image\" data-id=\"cf41108\" data-element_type=\"widget\" data-e-type=\"widget\" data-widget_type=\"image.default\">\n\t\t\t\t<div class=\"elementor-widget-container\">\n\t\t\t\t\t\t\t\t\t\t\t\t\t\t\t<img loading=\"lazy\" decoding=\"async\" width=\"800\" height=\"450\" src=\"https:\/\/lfs.cz\/wp-content\/uploads\/2024\/03\/LFS24_web_jakpodporitLFS_mecenas-1024x576.png\" class=\"attachment-large size-large wp-image-1866\" alt=\"\" srcset=\"https:\/\/lfs.cz\/wp-content\/uploads\/2024\/03\/LFS24_web_jakpodporitLFS_mecenas-1024x576.png 1024w, https:\/\/lfs.cz\/wp-content\/uploads\/2024\/03\/LFS24_web_jakpodporitLFS_mecenas-300x169.png 300w, https:\/\/lfs.cz\/wp-content\/uploads\/2024\/03\/LFS24_web_jakpodporitLFS_mecenas-768x432.png 768w, https:\/\/lfs.cz\/wp-content\/uploads\/2024\/03\/LFS24_web_jakpodporitLFS_mecenas-1536x864.png 1536w, https:\/\/lfs.cz\/wp-content\/uploads\/2024\/03\/LFS24_web_jakpodporitLFS_mecenas-18x10.png 18w, https:\/\/lfs.cz\/wp-content\/uploads\/2024\/03\/LFS24_web_jakpodporitLFS_mecenas.png 1920w\" sizes=\"auto, (max-width: 800px) 100vw, 800px\" \/>\t\t\t\t\t\t\t\t\t\t\t\t\t\t\t<\/div>\n\t\t\t\t<\/div>\n\t\t\t\t\t<\/div>\n\t\t\t\t<\/div>\n\t\t<div class=\"elementor-element elementor-element-6daaddd e-flex e-con-boxed e-con e-child\" data-id=\"6daaddd\" data-element_type=\"container\" data-e-type=\"container\">\n\t\t\t\t\t<div class=\"e-con-inner\">\n\t\t\t\t<div class=\"elementor-element elementor-element-2326736 elementor-widget elementor-widget-heading\" data-id=\"2326736\" data-element_type=\"widget\" data-e-type=\"widget\" data-widget_type=\"heading.default\">\n\t\t\t\t<div class=\"elementor-widget-container\">\n\t\t\t\t\t<h2 class=\"elementor-heading-title elementor-size-default\">Benefactorship<\/h2>\t\t\t\t<\/div>\n\t\t\t\t<\/div>\n\t\t\t\t<div class=\"elementor-element elementor-element-ff2fb00 elementor-widget elementor-widget-text-editor\" data-id=\"ff2fb00\" data-element_type=\"widget\" data-e-type=\"widget\" data-widget_type=\"text-editor.default\">\n\t\t\t\t<div class=\"elementor-widget-container\">\n\t\t\t\t\t\t\t\t\t<h5>For all those who understand that the support of cultural events is an incremental part of maintaining the cultural map of our country, and its values. For true cinefiles.<\/h5><h5>A <span style=\"text-decoration: underline;\"><a href=\"https:\/\/lfs.cz\/en\/mecenasi\/\">benefactor pass<\/a><\/span> automatically gets you a festival pass and a lot of bonuses for the duration of the festival. It is important to note that benefactor passes cannot be gifted.<\/h5>\t\t\t\t\t\t\t\t<\/div>\n\t\t\t\t<\/div>\n\t\t\t\t\t<\/div>\n\t\t\t\t<\/div>\n\t\t\t\t\t<\/div>\n\t\t\t\t<\/div>\n\t\t<div class=\"elementor-element elementor-element-25340e3 e-flex e-con-boxed e-con e-parent\" data-id=\"25340e3\" data-element_type=\"container\" data-e-type=\"container\">\n\t\t\t\t\t<div class=\"e-con-inner\">\n\t\t\t\t<div class=\"elementor-element elementor-element-2d19293 elementor-widget-divider--view-line elementor-widget elementor-widget-divider\" data-id=\"2d19293\" data-element_type=\"widget\" data-e-type=\"widget\" data-widget_type=\"divider.default\">\n\t\t\t\t<div class=\"elementor-widget-container\">\n\t\t\t\t\t\t\t<div class=\"elementor-divider\">\n\t\t\t<span class=\"elementor-divider-separator\">\n\t\t\t\t\t\t<\/span>\n\t\t<\/div>\n\t\t\t\t\t\t<\/div>\n\t\t\t\t<\/div>\n\t\t\t\t\t<\/div>\n\t\t\t\t<\/div>\n\t\t<div class=\"elementor-element elementor-element-eb0a4f1 e-flex e-con-boxed e-con e-parent\" data-id=\"eb0a4f1\" data-element_type=\"container\" data-e-type=\"container\">\n\t\t\t\t\t<div class=\"e-con-inner\">\n\t\t<div class=\"elementor-element elementor-element-8886966 e-flex e-con-boxed e-con e-child\" data-id=\"8886966\" data-element_type=\"container\" data-e-type=\"container\">\n\t\t\t\t\t<div class=\"e-con-inner\">\n\t\t\t\t<div class=\"elementor-element elementor-element-f0dcc12 elementor-widget elementor-widget-image\" data-id=\"f0dcc12\" data-element_type=\"widget\" data-e-type=\"widget\" data-widget_type=\"image.default\">\n\t\t\t\t<div class=\"elementor-widget-container\">\n\t\t\t\t\t\t\t\t\t\t\t\t\t\t\t<img loading=\"lazy\" decoding=\"async\" width=\"800\" height=\"450\" src=\"https:\/\/lfs.cz\/wp-content\/uploads\/2024\/03\/LFS24_web_jakpodporitLFS_darovanicastky-1024x576.png\" class=\"attachment-large size-large wp-image-1873\" alt=\"\" srcset=\"https:\/\/lfs.cz\/wp-content\/uploads\/2024\/03\/LFS24_web_jakpodporitLFS_darovanicastky-1024x576.png 1024w, https:\/\/lfs.cz\/wp-content\/uploads\/2024\/03\/LFS24_web_jakpodporitLFS_darovanicastky-300x169.png 300w, https:\/\/lfs.cz\/wp-content\/uploads\/2024\/03\/LFS24_web_jakpodporitLFS_darovanicastky-768x432.png 768w, https:\/\/lfs.cz\/wp-content\/uploads\/2024\/03\/LFS24_web_jakpodporitLFS_darovanicastky-1536x864.png 1536w, https:\/\/lfs.cz\/wp-content\/uploads\/2024\/03\/LFS24_web_jakpodporitLFS_darovanicastky-18x10.png 18w, https:\/\/lfs.cz\/wp-content\/uploads\/2024\/03\/LFS24_web_jakpodporitLFS_darovanicastky.png 1920w\" sizes=\"auto, (max-width: 800px) 100vw, 800px\" \/>\t\t\t\t\t\t\t\t\t\t\t\t\t\t\t<\/div>\n\t\t\t\t<\/div>\n\t\t\t\t\t<\/div>\n\t\t\t\t<\/div>\n\t\t<div class=\"elementor-element elementor-element-ffd4bd0 e-flex e-con-boxed e-con e-child\" data-id=\"ffd4bd0\" data-element_type=\"container\" data-e-type=\"container\">\n\t\t\t\t\t<div class=\"e-con-inner\">\n\t\t\t\t<div class=\"elementor-element elementor-element-a993374 elementor-widget elementor-widget-heading\" data-id=\"a993374\" data-element_type=\"widget\" data-e-type=\"widget\" data-widget_type=\"heading.default\">\n\t\t\t\t<div class=\"elementor-widget-container\">\n\t\t\t\t\t<h2 class=\"elementor-heading-title elementor-size-default\">Donation of any amount<\/h2>\t\t\t\t<\/div>\n\t\t\t\t<\/div>\n\t\t\t\t<div class=\"elementor-element elementor-element-b3b30fc elementor-widget elementor-widget-text-editor\" data-id=\"b3b30fc\" data-element_type=\"widget\" data-e-type=\"widget\" data-widget_type=\"text-editor.default\">\n\t\t\t\t<div class=\"elementor-widget-container\">\n\t\t\t\t\t\t\t\t\t<h5>For those that still want to support us, be it by a symbolic sum. For those who by chance can't make it to the festival this year but still want to show us their support.<\/h5>\n<h5>From the start of sales (in June), you can use <span style=\"text-decoration: underline;\"><a href=\"https:\/\/my.lfs.cz\">my.lfs.cz<\/a><\/span> to either give us funds by buying a festival pass and other services, or by donating a sum by itself. If you'd like to be issued a donation certificate and lower your base tax, please contact us by e-mail&nbsp;<span style=\"text-decoration-line: underline;\"><a style=\"color: #000000;\" href=\"mailto:platby@lfs.cz\">platby@lfs.cz<\/a><\/span>.&nbsp;<span style=\"color: inherit; letter-spacing: 0px;\">And if you love Summer Film School to death, you can support us by donating 10,000 CZK (~400\u20ac) or more. Please, contact us by e-mail if you wish to do so <span style=\"text-decoration: underline;\"><a href=\"mailto:magdalena.ordeltova@lfs.cz\">magdalena.ordeltova@lfs.cz<\/a><\/span>.&nbsp;<\/span><\/h5>\t\t\t\t\t\t\t\t<\/div>\n\t\t\t\t<\/div>\n\t\t\t\t\t<\/div>\n\t\t\t\t<\/div>\n\t\t\t\t\t<\/div>\n\t\t\t\t<\/div>\n\t\t<div class=\"elementor-element elementor-element-dfff7b3 e-flex e-con-boxed e-con e-parent\" data-id=\"dfff7b3\" data-element_type=\"container\" data-e-type=\"container\">\n\t\t\t\t\t<div class=\"e-con-inner\">\n\t\t\t\t<div class=\"elementor-element elementor-element-4910401 elementor-widget-divider--view-line elementor-widget elementor-widget-divider\" data-id=\"4910401\" data-element_type=\"widget\" data-e-type=\"widget\" data-widget_type=\"divider.default\">\n\t\t\t\t<div class=\"elementor-widget-container\">\n\t\t\t\t\t\t\t<div class=\"elementor-divider\">\n\t\t\t<span class=\"elementor-divider-separator\">\n\t\t\t\t\t\t<\/span>\n\t\t<\/div>\n\t\t\t\t\t\t<\/div>\n\t\t\t\t<\/div>\n\t\t\t\t\t<\/div>\n\t\t\t\t<\/div>\n\t\t<div class=\"elementor-element elementor-element-8b5b643 e-flex e-con-boxed e-con e-parent\" data-id=\"8b5b643\" data-element_type=\"container\" data-e-type=\"container\">\n\t\t\t\t\t<div class=\"e-con-inner\">\n\t\t<div class=\"elementor-element elementor-element-e1da5ed e-flex e-con-boxed e-con e-child\" data-id=\"e1da5ed\" data-element_type=\"container\" data-e-type=\"container\">\n\t\t\t\t\t<div class=\"e-con-inner\">\n\t\t\t\t<div class=\"elementor-element elementor-element-6c4aac0 elementor-widget elementor-widget-image\" data-id=\"6c4aac0\" data-element_type=\"widget\" data-e-type=\"widget\" data-widget_type=\"image.default\">\n\t\t\t\t<div class=\"elementor-widget-container\">\n\t\t\t\t\t\t\t\t\t\t\t\t\t\t\t<img loading=\"lazy\" decoding=\"async\" width=\"800\" height=\"450\" src=\"https:\/\/lfs.cz\/wp-content\/uploads\/2024\/03\/LFS24_web_jakpodporitLFS_partnerstvi-1024x576.png\" class=\"attachment-large size-large wp-image-2280\" alt=\"\" srcset=\"https:\/\/lfs.cz\/wp-content\/uploads\/2024\/03\/LFS24_web_jakpodporitLFS_partnerstvi-1024x576.png 1024w, https:\/\/lfs.cz\/wp-content\/uploads\/2024\/03\/LFS24_web_jakpodporitLFS_partnerstvi-300x169.png 300w, https:\/\/lfs.cz\/wp-content\/uploads\/2024\/03\/LFS24_web_jakpodporitLFS_partnerstvi-768x432.png 768w, https:\/\/lfs.cz\/wp-content\/uploads\/2024\/03\/LFS24_web_jakpodporitLFS_partnerstvi-1536x864.png 1536w, https:\/\/lfs.cz\/wp-content\/uploads\/2024\/03\/LFS24_web_jakpodporitLFS_partnerstvi-18x10.png 18w, https:\/\/lfs.cz\/wp-content\/uploads\/2024\/03\/LFS24_web_jakpodporitLFS_partnerstvi.png 1920w\" sizes=\"auto, (max-width: 800px) 100vw, 800px\" \/>\t\t\t\t\t\t\t\t\t\t\t\t\t\t\t<\/div>\n\t\t\t\t<\/div>\n\t\t\t\t\t<\/div>\n\t\t\t\t<\/div>\n\t\t<div class=\"elementor-element elementor-element-ee04b2c e-flex e-con-boxed e-con e-child\" data-id=\"ee04b2c\" data-element_type=\"container\" data-e-type=\"container\">\n\t\t\t\t\t<div class=\"e-con-inner\">\n\t\t\t\t<div class=\"elementor-element elementor-element-29d3995 elementor-widget elementor-widget-heading\" data-id=\"29d3995\" data-element_type=\"widget\" data-e-type=\"widget\" data-widget_type=\"heading.default\">\n\t\t\t\t<div class=\"elementor-widget-container\">\n\t\t\t\t\t<h2 class=\"elementor-heading-title elementor-size-default\">Partnerships<\/h2>\t\t\t\t<\/div>\n\t\t\t\t<\/div>\n\t\t\t\t<div class=\"elementor-element elementor-element-7607a76 elementor-widget elementor-widget-text-editor\" data-id=\"7607a76\" data-element_type=\"widget\" data-e-type=\"widget\" data-widget_type=\"text-editor.default\">\n\t\t\t\t<div class=\"elementor-widget-container\">\n\t\t\t\t\t\t\t\t\t<h5>For companies and businesses who share our values, and want to join hands with one of the biggest and most trustworthy festivals in Czechia.<\/h5><h5>For more information, contact us through the email below <a href=\"mailto:spoluprace@lfs.cz\"><span style=\"text-decoration: underline;\">spoluprace@lfs.cz<\/span><\/a>.<\/h5>\t\t\t\t\t\t\t\t<\/div>\n\t\t\t\t<\/div>\n\t\t\t\t\t<\/div>\n\t\t\t\t<\/div>\n\t\t\t\t\t<\/div>\n\t\t\t\t<\/div>\n\t\t<div class=\"elementor-element elementor-element-3970163 e-flex e-con-boxed e-con e-parent\" data-id=\"3970163\" data-element_type=\"container\" data-e-type=\"container\">\n\t\t\t\t\t<div class=\"e-con-inner\">\n\t\t\t\t<div class=\"elementor-element elementor-element-686ef22 elementor-widget-divider--view-line elementor-widget elementor-widget-divider\" data-id=\"686ef22\" data-element_type=\"widget\" data-e-type=\"widget\" data-widget_type=\"divider.default\">\n\t\t\t\t<div class=\"elementor-widget-container\">\n\t\t\t\t\t\t\t<div class=\"elementor-divider\">\n\t\t\t<span class=\"elementor-divider-separator\">\n\t\t\t\t\t\t<\/span>\n\t\t<\/div>\n\t\t\t\t\t\t<\/div>\n\t\t\t\t<\/div>\n\t\t\t\t\t<\/div>\n\t\t\t\t<\/div>\n\t\t<div class=\"elementor-element elementor-element-25f6c3c e-flex e-con-boxed e-con e-parent\" data-id=\"25f6c3c\" data-element_type=\"container\" data-e-type=\"container\">\n\t\t\t\t\t<div class=\"e-con-inner\">\n\t\t<div class=\"elementor-element elementor-element-74b03af e-flex e-con-boxed e-con e-child\" data-id=\"74b03af\" data-element_type=\"container\" data-e-type=\"container\">\n\t\t\t\t\t<div class=\"e-con-inner\">\n\t\t\t\t<div class=\"elementor-element elementor-element-f748074 elementor-widget elementor-widget-image\" data-id=\"f748074\" data-element_type=\"widget\" data-e-type=\"widget\" data-widget_type=\"image.default\">\n\t\t\t\t<div class=\"elementor-widget-container\">\n\t\t\t\t\t\t\t\t\t\t\t\t\t\t\t<img loading=\"lazy\" decoding=\"async\" width=\"800\" height=\"450\" src=\"https:\/\/lfs.cz\/wp-content\/uploads\/2024\/03\/LFS24_web_jakpodporitLFS_ucast-1024x576.png\" class=\"attachment-large size-large wp-image-1889\" alt=\"\" srcset=\"https:\/\/lfs.cz\/wp-content\/uploads\/2024\/03\/LFS24_web_jakpodporitLFS_ucast-1024x576.png 1024w, https:\/\/lfs.cz\/wp-content\/uploads\/2024\/03\/LFS24_web_jakpodporitLFS_ucast-300x169.png 300w, https:\/\/lfs.cz\/wp-content\/uploads\/2024\/03\/LFS24_web_jakpodporitLFS_ucast-768x432.png 768w, https:\/\/lfs.cz\/wp-content\/uploads\/2024\/03\/LFS24_web_jakpodporitLFS_ucast-1536x864.png 1536w, https:\/\/lfs.cz\/wp-content\/uploads\/2024\/03\/LFS24_web_jakpodporitLFS_ucast-18x10.png 18w, https:\/\/lfs.cz\/wp-content\/uploads\/2024\/03\/LFS24_web_jakpodporitLFS_ucast.png 1920w\" sizes=\"auto, (max-width: 800px) 100vw, 800px\" \/>\t\t\t\t\t\t\t\t\t\t\t\t\t\t\t<\/div>\n\t\t\t\t<\/div>\n\t\t\t\t\t<\/div>\n\t\t\t\t<\/div>\n\t\t<div class=\"elementor-element elementor-element-e257f6c e-flex e-con-boxed e-con e-child\" data-id=\"e257f6c\" data-element_type=\"container\" data-e-type=\"container\">\n\t\t\t\t\t<div class=\"e-con-inner\">\n\t\t\t\t<div class=\"elementor-element elementor-element-dcc1d79 elementor-widget elementor-widget-heading\" data-id=\"dcc1d79\" data-element_type=\"widget\" data-e-type=\"widget\" data-widget_type=\"heading.default\">\n\t\t\t\t<div class=\"elementor-widget-container\">\n\t\t\t\t\t<h2 class=\"elementor-heading-title elementor-size-default\">\nAttending SFS<\/h2>\t\t\t\t<\/div>\n\t\t\t\t<\/div>\n\t\t\t\t<div class=\"elementor-element elementor-element-c055a9f elementor-widget elementor-widget-text-editor\" data-id=\"c055a9f\" data-element_type=\"widget\" data-e-type=\"widget\" data-widget_type=\"text-editor.default\">\n\t\t\t\t<div class=\"elementor-widget-container\">\n\t\t\t\t\t\t\t\t\t<h5>A warm thanks to those who attend the festival. Whether you bought a festival pass, shared your impressions with other people, or even just went to see a single picture by yourself. Thanks to those  who follow us on social media, share our posts, use @letnifilmovaskola and #letnifilmovaskola. Every one of you creates the unique atmosphere of SFS we love.<\/h5>\t\t\t\t\t\t\t\t<\/div>\n\t\t\t\t<\/div>\n\t\t\t\t\t<\/div>\n\t\t\t\t<\/div>\n\t\t\t\t\t<\/div>\n\t\t\t\t<\/div>\n\t\t\t\t<\/div>","protected":false},"excerpt":{"rendered":"<p>Ka\u017edoro\u010dn\u011b se sna\u017e\u00edme s cel\u00fdm organiza\u010dn\u00edm t\u00fdmem p\u0159ipravit tu nejlep\u0161\u00ed Filmovku tak, aby ka\u017ed\u00fd, kdo k n\u00e1m p\u0159ijede, dostal kvalitn\u00ed obsah v p\u0159\u00e1telsk\u00e9m a respektuj\u00edc\u00edm prost\u0159ed\u00ed. V\u00fdrazn\u011b n\u00e1m k tomu pom\u00e1h\u00e1 z\u00e1zem\u00ed a dlouhodob\u00e9 partnerstv\u00ed s m\u011bstem Uhersk\u00e9 Hradi\u0161t\u011b, ne\u0161lo by to bez podpory st\u00e1tu, Zl\u00ednsk\u00e9ho kraje, v\u0161ech dal\u0161\u00edch partner\u016f a samoz\u0159ejm\u011b v\u00e1s, na\u0161ich n\u00e1v\u0161t\u011bvn\u00edk\u016f. [&hellip;]<\/p>\n","protected":false},"author":1,"featured_media":0,"parent":0,"menu_order":0,"comment_status":"closed","ping_status":"closed","template":"","meta":{"_seopress_robots_primary_cat":"","_seopress_titles_title":"","_seopress_titles_desc":"","_seopress_robots_index":"","footnotes":""},"class_list":["post-1843","page","type-page","status-publish","hentry"],"_links":{"self":[{"href":"https:\/\/lfs.cz\/en\/wp-json\/wp\/v2\/pages\/1843","targetHints":{"allow":["GET"]}}],"collection":[{"href":"https:\/\/lfs.cz\/en\/wp-json\/wp\/v2\/pages"}],"about":[{"href":"https:\/\/lfs.cz\/en\/wp-json\/wp\/v2\/types\/page"}],"author":[{"embeddable":true,"href":"https:\/\/lfs.cz\/en\/wp-json\/wp\/v2\/users\/1"}],"replies":[{"embeddable":true,"href":"https:\/\/lfs.cz\/en\/wp-json\/wp\/v2\/comments?post=1843"}],"version-history":[{"count":82,"href":"https:\/\/lfs.cz\/en\/wp-json\/wp\/v2\/pages\/1843\/revisions"}],"predecessor-version":[{"id":14265,"href":"https:\/\/lfs.cz\/en\/wp-json\/wp\/v2\/pages\/1843\/revisions\/14265"}],"wp:attachment":[{"href":"https:\/\/lfs.cz\/en\/wp-json\/wp\/v2\/media?parent=1843"}],"curies":[{"name":"wp","href":"https:\/\/api.w.org\/{rel}","templated":true}]}}