{"id":14543,"date":"2026-05-04T11:11:17","date_gmt":"2026-05-04T09:11:17","guid":{"rendered":"https:\/\/lfs.cz\/?page_id=14543"},"modified":"2026-05-04T11:14:34","modified_gmt":"2026-05-04T09:14:34","slug":"divadlo-2026","status":"publish","type":"page","link":"https:\/\/lfs.cz\/en\/divadlo-2026\/","title":{"rendered":"Divadlo 2026"},"content":{"rendered":"\t\t<div data-elementor-type=\"wp-page\" data-elementor-id=\"14543\" class=\"elementor elementor-14543\" data-elementor-post-type=\"page\">\n\t\t\t\t<div class=\"elementor-element elementor-element-010021f e-flex e-con-boxed e-con e-parent\" data-id=\"010021f\" data-element_type=\"container\" data-e-type=\"container\">\n\t\t\t\t\t<div class=\"e-con-inner\">\n\t\t\t\t<div class=\"elementor-element elementor-element-1980407 elementor-widget elementor-widget-heading\" data-id=\"1980407\" data-element_type=\"widget\" data-e-type=\"widget\" data-widget_type=\"heading.default\">\n\t\t\t\t<div class=\"elementor-widget-container\">\n\t\t\t\t\t<h1 class=\"elementor-heading-title elementor-size-default\">Divadlo<\/h1>\t\t\t\t<\/div>\n\t\t\t\t<\/div>\n\t\t\t\t<div class=\"elementor-element elementor-element-0489899 elementor-widget__width-initial elementor-widget-widescreen__width-initial elementor-widget elementor-widget-text-editor\" data-id=\"0489899\" data-element_type=\"widget\" data-e-type=\"widget\" data-widget_type=\"text-editor.default\">\n\t\t\t\t<div class=\"elementor-widget-container\">\n\t\t\t\t\t\t\t\t\t<h5>Vstupenky na doprovodn\u00fd program jsou v prodeji v elektronick\u00e9 form\u011b, a to do 60 minut p\u0159ed za\u010d\u00e1tkem akce \u2013 po zaplacen\u00ed v\u00e1m vstupenka s QR k\u00f3dem p\u0159ijde do e-mailu, u vchodu pak uk\u00e1\u017eete vstupenku v pdf, p\u0159\u00edpadn\u011b vyti\u0161t\u011bnou. Hodinu p\u0159ed akc\u00ed bude mo\u017en\u00e9 do vyprod\u00e1n\u00ed kapacit zakoupit vstupenku pouze v hotovosti na m\u00edst\u011b kon\u00e1n\u00ed.<\/h5>\n<h5>Vstupenky lze zakoupit online po rozkliknut\u00ed divadla n\u00ed\u017ee, a to i bez nutnosti registrace do Moje LF\u0160.<\/h5>\t\t\t\t\t\t\t\t<\/div>\n\t\t\t\t<\/div>\n\t\t\t\t\t<\/div>\n\t\t\t\t<\/div>\n\t\t<div class=\"elementor-element elementor-element-aedadc1 e-con-full e-flex e-con e-parent\" data-id=\"aedadc1\" data-element_type=\"container\" data-e-type=\"container\">\n\t\t\t\t<div class=\"elementor-element elementor-element-a35530a elementor-grid-2 elementor-grid-widescreen-2 elementor-grid-tablet-2 elementor-grid-mobile-1 elementor-widget elementor-widget-loop-grid\" data-id=\"a35530a\" data-element_type=\"widget\" data-e-type=\"widget\" data-settings=\"{&quot;template_id&quot;:4147,&quot;columns&quot;:2,&quot;columns_widescreen&quot;:2,&quot;_skin&quot;:&quot;post&quot;,&quot;columns_tablet&quot;:&quot;2&quot;,&quot;columns_mobile&quot;:&quot;1&quot;,&quot;edit_handle_selector&quot;:&quot;[data-elementor-type=\\&quot;loop-item\\&quot;]&quot;,&quot;row_gap&quot;:{&quot;unit&quot;:&quot;px&quot;,&quot;size&quot;:&quot;&quot;,&quot;sizes&quot;:[]},&quot;row_gap_widescreen&quot;:{&quot;unit&quot;:&quot;px&quot;,&quot;size&quot;:&quot;&quot;,&quot;sizes&quot;:[]},&quot;row_gap_laptop&quot;:{&quot;unit&quot;:&quot;px&quot;,&quot;size&quot;:&quot;&quot;,&quot;sizes&quot;:[]},&quot;row_gap_tablet_extra&quot;:{&quot;unit&quot;:&quot;px&quot;,&quot;size&quot;:&quot;&quot;,&quot;sizes&quot;:[]},&quot;row_gap_tablet&quot;:{&quot;unit&quot;:&quot;px&quot;,&quot;size&quot;:&quot;&quot;,&quot;sizes&quot;:[]},&quot;row_gap_mobile&quot;:{&quot;unit&quot;:&quot;px&quot;,&quot;size&quot;:&quot;&quot;,&quot;sizes&quot;:[]}}\" data-widget_type=\"loop-grid.post\">\n\t\t\t\t<div class=\"elementor-widget-container\">\n\t\t\t\t\t\t\t<div class=\"elementor-loop-container elementor-grid\" role=\"list\">\n\t\t<style id=\"loop-4147\">.elementor-4147 .elementor-element.elementor-element-b081944{--display:flex;--flex-direction:column;--container-widget-width:100%;--container-widget-height:initial;--container-widget-flex-grow:0;--container-widget-align-self:initial;--flex-wrap-mobile:wrap;--gap:0px 0px;--row-gap:0px;--column-gap:0px;--padding-top:0px;--padding-bottom:10px;--padding-left:0px;--padding-right:0px;}.elementor-widget-theme-post-featured-image .widget-image-caption{color:var( --e-global-color-text );font-family:var( --e-global-typography-text-font-family ), Sans-serif;}.elementor-4147 .elementor-element.elementor-element-9a4252c img{width:100%;transition-duration:0.3s;border-radius:0px 0px 0px 0px;}.elementor-4147 .elementor-element.elementor-element-9a4252c:hover img{opacity:0.8;}.elementor-4147 .elementor-element.elementor-element-9f50871 .jet-listing-dynamic-field__content{color:var( --e-global-color-primary );font-size:26px;font-weight:500;line-height:1.1em;text-align:left;}.elementor-4147 .elementor-element.elementor-element-9f50871 .jet-listing-dynamic-field .jet-listing-dynamic-field__inline-wrap{width:auto;}.elementor-4147 .elementor-element.elementor-element-9f50871 .jet-listing-dynamic-field .jet-listing-dynamic-field__content{width:auto;}.elementor-4147 .elementor-element.elementor-element-9f50871 .jet-listing-dynamic-field{justify-content:flex-start;}.elementor-4147 .elementor-element.elementor-element-9f50871 > .elementor-widget-container{margin:15px 0px 0px 0px;padding:0px 0px 0px 0px;}.elementor-4147 .elementor-element.elementor-element-6aa6225 .jet-listing-dynamic-field__content{color:var( --e-global-color-63bc38a );font-size:14px;line-height:1.1em;text-align:left;}.elementor-4147 .elementor-element.elementor-element-6aa6225 .jet-listing-dynamic-field .jet-listing-dynamic-field__inline-wrap{width:auto;}.elementor-4147 .elementor-element.elementor-element-6aa6225 .jet-listing-dynamic-field .jet-listing-dynamic-field__content{width:auto;}.elementor-4147 .elementor-element.elementor-element-6aa6225 .jet-listing-dynamic-field{justify-content:flex-start;}.elementor-4147 .elementor-element.elementor-element-6aa6225 > .elementor-widget-container{margin:3px 0px -3px 0px;padding:0px 0px 0px 0px;}.elementor-4147 .elementor-element.elementor-element-eee4201 .jet-listing-dynamic-field__content{color:var( --e-global-color-63bc38a );font-size:13px;text-align:left;}.elementor-4147 .elementor-element.elementor-element-eee4201 .jet-listing-dynamic-field .jet-listing-dynamic-field__inline-wrap{width:auto;}.elementor-4147 .elementor-element.elementor-element-eee4201 .jet-listing-dynamic-field .jet-listing-dynamic-field__content{width:auto;}.elementor-4147 .elementor-element.elementor-element-eee4201 .jet-listing-dynamic-field{justify-content:flex-start;}.elementor-4147 .elementor-element.elementor-element-eee4201 > .elementor-widget-container{padding:0px 0px 0px 0px;}@media(max-width:1366px){.elementor-4147 .elementor-element.elementor-element-9f50871 .jet-listing-dynamic-field__content{font-size:26px;}}@media(max-width:1200px){.elementor-4147 .elementor-element.elementor-element-9f50871 .jet-listing-dynamic-field__content{font-size:22px;}}@media(max-width:1024px){.elementor-4147 .elementor-element.elementor-element-9f50871 .jet-listing-dynamic-field__content{font-size:20px;}}@media(max-width:767px){.elementor-4147 .elementor-element.elementor-element-b081944{--padding-top:0px;--padding-bottom:0px;--padding-left:0px;--padding-right:0px;}.elementor-4147 .elementor-element.elementor-element-9f50871 .jet-listing-dynamic-field__content{font-size:22px;letter-spacing:0px;}.elementor-4147 .elementor-element.elementor-element-6aa6225 > .elementor-widget-container{margin:4px 0px 0px 0px;}}@media(min-width:768px){.elementor-4147 .elementor-element.elementor-element-b081944{--width:100%;}}@media(min-width:1500px){.elementor-4147 .elementor-element.elementor-element-b081944{--gap:0px 0px;--row-gap:0px;--column-gap:0px;}.elementor-4147 .elementor-element.elementor-element-9f50871 .jet-listing-dynamic-field__content{font-size:32px;line-height:1.1em;}.elementor-4147 .elementor-element.elementor-element-9f50871 > .elementor-widget-container{margin:15px 0px 0px 0px;}}<\/style>\t\t<div data-elementor-type=\"loop-item\" data-elementor-id=\"4147\" class=\"elementor elementor-4147 e-loop-item e-loop-item-14510 post-14510 doprovodne-akce type-doprovodne-akce status-publish has-post-thumbnail hentry typ-doprovodne-akce-divadlo rocnik-59\" data-elementor-post-type=\"elementor_library\" data-custom-edit-handle=\"1\">\n\t\t\t<a class=\"elementor-element elementor-element-b081944 e-con-full e-flex e-con e-parent\" data-id=\"b081944\" data-element_type=\"container\" data-e-type=\"container\" href=\"https:\/\/lfs.cz\/en\/doprovodne-akce\/divadlo-spejbla-a-hurvinka-hurvinek-a-nezvany-host\/\">\n\t\t\t\t<div class=\"elementor-element elementor-element-9a4252c elementor-widget elementor-widget-theme-post-featured-image elementor-widget-image\" data-id=\"9a4252c\" data-element_type=\"widget\" data-e-type=\"widget\" data-widget_type=\"theme-post-featured-image.default\">\n\t\t\t\t<div class=\"elementor-widget-container\">\n\t\t\t\t\t\t\t\t\t\t\t\t\t\t\t<img fetchpriority=\"high\" decoding=\"async\" width=\"800\" height=\"450\" src=\"https:\/\/lfs.cz\/wp-content\/uploads\/2026\/05\/lfs-2026-koncert-1600x900-hurvinek-1024x576.jpg\" class=\"attachment-large size-large wp-image-14506\" alt=\"\" srcset=\"https:\/\/lfs.cz\/wp-content\/uploads\/2026\/05\/lfs-2026-koncert-1600x900-hurvinek-1024x576.jpg 1024w, https:\/\/lfs.cz\/wp-content\/uploads\/2026\/05\/lfs-2026-koncert-1600x900-hurvinek-300x169.jpg 300w, https:\/\/lfs.cz\/wp-content\/uploads\/2026\/05\/lfs-2026-koncert-1600x900-hurvinek-768x432.jpg 768w, https:\/\/lfs.cz\/wp-content\/uploads\/2026\/05\/lfs-2026-koncert-1600x900-hurvinek-1536x864.jpg 1536w, https:\/\/lfs.cz\/wp-content\/uploads\/2026\/05\/lfs-2026-koncert-1600x900-hurvinek-18x10.jpg 18w, https:\/\/lfs.cz\/wp-content\/uploads\/2026\/05\/lfs-2026-koncert-1600x900-hurvinek.jpg 1600w\" sizes=\"(max-width: 800px) 100vw, 800px\" \/>\t\t\t\t\t\t\t\t\t\t\t\t\t\t\t<\/div>\n\t\t\t\t<\/div>\n\t\t\t\t<div class=\"elementor-element elementor-element-9f50871 elementor-widget elementor-widget-jet-listing-dynamic-field\" data-id=\"9f50871\" data-element_type=\"widget\" data-e-type=\"widget\" data-widget_type=\"jet-listing-dynamic-field.default\">\n\t\t\t\t<div class=\"elementor-widget-container\">\n\t\t\t\t\t<div class=\"jet-listing jet-listing-dynamic-field display-inline\"><div class=\"jet-listing-dynamic-field__inline-wrap\"><div class=\"jet-listing-dynamic-field__content\" >Divadlo Spejbla a Hurv\u00ednka: Hurv\u00ednek a nezvan\u00fd host<\/div><\/div><\/div>\t\t\t\t<\/div>\n\t\t\t\t<\/div>\n\t\t\t\t<div class=\"elementor-element elementor-element-6aa6225 elementor-widget elementor-widget-jet-listing-dynamic-field\" data-id=\"6aa6225\" data-element_type=\"widget\" data-e-type=\"widget\" data-widget_type=\"jet-listing-dynamic-field.default\">\n\t\t\t\t<div class=\"elementor-widget-container\">\n\t\t\t\t\t<div class=\"jet-listing jet-listing-dynamic-field display-inline\"><div class=\"jet-listing-dynamic-field__inline-wrap\"><div class=\"jet-listing-dynamic-field__content\" >So 25. 7. \/ 14:00 \/ Slov\u00e1ck\u00e9 divadlo \/ 50 minut<\/div><\/div><\/div>\t\t\t\t<\/div>\n\t\t\t\t<\/div>\n\t\t\t\t<div class=\"elementor-element elementor-element-eee4201 elementor-widget elementor-widget-jet-listing-dynamic-field\" data-id=\"eee4201\" data-element_type=\"widget\" data-e-type=\"widget\" data-widget_type=\"jet-listing-dynamic-field.default\">\n\t\t\t\t<div class=\"elementor-widget-container\">\n\t\t\t\t\t<div class=\"jet-listing jet-listing-dynamic-field display-inline\"><div class=\"jet-listing-dynamic-field__inline-wrap\"><div class=\"jet-listing-dynamic-field__content\" >Vstupenky: 290 K\u010d<\/div><\/div><\/div>\t\t\t\t<\/div>\n\t\t\t\t<\/div>\n\t\t\t\t<\/a>\n\t\t\t\t<\/div>\n\t\t\t\t<div data-elementor-type=\"loop-item\" data-elementor-id=\"4147\" class=\"elementor elementor-4147 e-loop-item e-loop-item-14503 post-14503 doprovodne-akce type-doprovodne-akce status-publish has-post-thumbnail hentry typ-doprovodne-akce-divadlo rocnik-59\" data-elementor-post-type=\"elementor_library\" data-custom-edit-handle=\"1\">\n\t\t\t<a class=\"elementor-element elementor-element-b081944 e-con-full e-flex e-con e-parent\" data-id=\"b081944\" data-element_type=\"container\" data-e-type=\"container\" href=\"https:\/\/lfs.cz\/en\/doprovodne-akce\/cirk-la-putyka-splash\/\">\n\t\t\t\t<div class=\"elementor-element elementor-element-9a4252c elementor-widget elementor-widget-theme-post-featured-image elementor-widget-image\" data-id=\"9a4252c\" data-element_type=\"widget\" data-e-type=\"widget\" data-widget_type=\"theme-post-featured-image.default\">\n\t\t\t\t<div class=\"elementor-widget-container\">\n\t\t\t\t\t\t\t\t\t\t\t\t\t\t\t<img decoding=\"async\" width=\"800\" height=\"450\" src=\"https:\/\/lfs.cz\/wp-content\/uploads\/2026\/05\/lfs-2026-koncert-1600x900-la-putyka-1024x576.jpg\" class=\"attachment-large size-large wp-image-14508\" alt=\"\" srcset=\"https:\/\/lfs.cz\/wp-content\/uploads\/2026\/05\/lfs-2026-koncert-1600x900-la-putyka-1024x576.jpg 1024w, https:\/\/lfs.cz\/wp-content\/uploads\/2026\/05\/lfs-2026-koncert-1600x900-la-putyka-300x169.jpg 300w, https:\/\/lfs.cz\/wp-content\/uploads\/2026\/05\/lfs-2026-koncert-1600x900-la-putyka-768x432.jpg 768w, https:\/\/lfs.cz\/wp-content\/uploads\/2026\/05\/lfs-2026-koncert-1600x900-la-putyka-1536x864.jpg 1536w, https:\/\/lfs.cz\/wp-content\/uploads\/2026\/05\/lfs-2026-koncert-1600x900-la-putyka-18x10.jpg 18w, https:\/\/lfs.cz\/wp-content\/uploads\/2026\/05\/lfs-2026-koncert-1600x900-la-putyka.jpg 1600w\" sizes=\"(max-width: 800px) 100vw, 800px\" \/>\t\t\t\t\t\t\t\t\t\t\t\t\t\t\t<\/div>\n\t\t\t\t<\/div>\n\t\t\t\t<div class=\"elementor-element elementor-element-9f50871 elementor-widget elementor-widget-jet-listing-dynamic-field\" data-id=\"9f50871\" data-element_type=\"widget\" data-e-type=\"widget\" data-widget_type=\"jet-listing-dynamic-field.default\">\n\t\t\t\t<div class=\"elementor-widget-container\">\n\t\t\t\t\t<div class=\"jet-listing jet-listing-dynamic-field display-inline\"><div class=\"jet-listing-dynamic-field__inline-wrap\"><div class=\"jet-listing-dynamic-field__content\" >Cirk La Putyka: SPLASH<\/div><\/div><\/div>\t\t\t\t<\/div>\n\t\t\t\t<\/div>\n\t\t\t\t<div class=\"elementor-element elementor-element-6aa6225 elementor-widget elementor-widget-jet-listing-dynamic-field\" data-id=\"6aa6225\" data-element_type=\"widget\" data-e-type=\"widget\" data-widget_type=\"jet-listing-dynamic-field.default\">\n\t\t\t\t<div class=\"elementor-widget-container\">\n\t\t\t\t\t<div class=\"jet-listing jet-listing-dynamic-field display-inline\"><div class=\"jet-listing-dynamic-field__inline-wrap\"><div class=\"jet-listing-dynamic-field__content\" >Po 27. 7. \/ 18:00 \/ Park Rochus \/ 50 minut<\/div><\/div><\/div>\t\t\t\t<\/div>\n\t\t\t\t<\/div>\n\t\t\t\t<div class=\"elementor-element elementor-element-eee4201 elementor-widget elementor-widget-jet-listing-dynamic-field\" data-id=\"eee4201\" data-element_type=\"widget\" data-e-type=\"widget\" data-widget_type=\"jet-listing-dynamic-field.default\">\n\t\t\t\t<div class=\"elementor-widget-container\">\n\t\t\t\t\t<div class=\"jet-listing jet-listing-dynamic-field display-inline\"><div class=\"jet-listing-dynamic-field__inline-wrap\"><div class=\"jet-listing-dynamic-field__content\" >Vstupenky: 290 K\u010d<\/div><\/div><\/div>\t\t\t\t<\/div>\n\t\t\t\t<\/div>\n\t\t\t\t<\/a>\n\t\t\t\t<\/div>\n\t\t\t\t<div data-elementor-type=\"loop-item\" data-elementor-id=\"4147\" class=\"elementor elementor-4147 e-loop-item e-loop-item-14514 post-14514 doprovodne-akce type-doprovodne-akce status-publish has-post-thumbnail hentry typ-doprovodne-akce-divadlo rocnik-59\" data-elementor-post-type=\"elementor_library\" data-custom-edit-handle=\"1\">\n\t\t\t<a class=\"elementor-element elementor-element-b081944 e-con-full e-flex e-con e-parent\" data-id=\"b081944\" data-element_type=\"container\" data-e-type=\"container\" href=\"https:\/\/lfs.cz\/en\/doprovodne-akce\/moving-orchestra\/\">\n\t\t\t\t<div class=\"elementor-element elementor-element-9a4252c elementor-widget elementor-widget-theme-post-featured-image elementor-widget-image\" data-id=\"9a4252c\" data-element_type=\"widget\" data-e-type=\"widget\" data-widget_type=\"theme-post-featured-image.default\">\n\t\t\t\t<div class=\"elementor-widget-container\">\n\t\t\t\t\t\t\t\t\t\t\t\t\t\t\t<img decoding=\"async\" width=\"800\" height=\"450\" src=\"https:\/\/lfs.cz\/wp-content\/uploads\/2026\/05\/lfs-2026-divadlo-1600x900-moving-orchestra-1024x576.jpg\" class=\"attachment-large size-large wp-image-14507\" alt=\"\" srcset=\"https:\/\/lfs.cz\/wp-content\/uploads\/2026\/05\/lfs-2026-divadlo-1600x900-moving-orchestra-1024x576.jpg 1024w, https:\/\/lfs.cz\/wp-content\/uploads\/2026\/05\/lfs-2026-divadlo-1600x900-moving-orchestra-300x169.jpg 300w, https:\/\/lfs.cz\/wp-content\/uploads\/2026\/05\/lfs-2026-divadlo-1600x900-moving-orchestra-768x432.jpg 768w, https:\/\/lfs.cz\/wp-content\/uploads\/2026\/05\/lfs-2026-divadlo-1600x900-moving-orchestra-1536x864.jpg 1536w, https:\/\/lfs.cz\/wp-content\/uploads\/2026\/05\/lfs-2026-divadlo-1600x900-moving-orchestra-18x10.jpg 18w, https:\/\/lfs.cz\/wp-content\/uploads\/2026\/05\/lfs-2026-divadlo-1600x900-moving-orchestra.jpg 1600w\" sizes=\"(max-width: 800px) 100vw, 800px\" \/>\t\t\t\t\t\t\t\t\t\t\t\t\t\t\t<\/div>\n\t\t\t\t<\/div>\n\t\t\t\t<div class=\"elementor-element elementor-element-9f50871 elementor-widget elementor-widget-jet-listing-dynamic-field\" data-id=\"9f50871\" data-element_type=\"widget\" data-e-type=\"widget\" data-widget_type=\"jet-listing-dynamic-field.default\">\n\t\t\t\t<div class=\"elementor-widget-container\">\n\t\t\t\t\t<div class=\"jet-listing jet-listing-dynamic-field display-inline\"><div class=\"jet-listing-dynamic-field__inline-wrap\"><div class=\"jet-listing-dynamic-field__content\" >Moving Orchestra<\/div><\/div><\/div>\t\t\t\t<\/div>\n\t\t\t\t<\/div>\n\t\t\t\t<div class=\"elementor-element elementor-element-6aa6225 elementor-widget elementor-widget-jet-listing-dynamic-field\" data-id=\"6aa6225\" data-element_type=\"widget\" data-e-type=\"widget\" data-widget_type=\"jet-listing-dynamic-field.default\">\n\t\t\t\t<div class=\"elementor-widget-container\">\n\t\t\t\t\t<div class=\"jet-listing jet-listing-dynamic-field display-inline\"><div class=\"jet-listing-dynamic-field__inline-wrap\"><div class=\"jet-listing-dynamic-field__content\" >\u00dat 28. 7.: Klub kultury - Reduta - Masarykovo n\u00e1m\u011bst\u00ed \/ St 29. 7.: Sportovn\u00ed hala - Hv\u011bzda - M\u00edr<\/div><\/div><\/div>\t\t\t\t<\/div>\n\t\t\t\t<\/div>\n\t\t\t\t<div class=\"elementor-element elementor-element-eee4201 elementor-widget elementor-widget-jet-listing-dynamic-field\" data-id=\"eee4201\" data-element_type=\"widget\" data-e-type=\"widget\" data-widget_type=\"jet-listing-dynamic-field.default\">\n\t\t\t\t<div class=\"elementor-widget-container\">\n\t\t\t\t\t<div class=\"jet-listing jet-listing-dynamic-field display-inline\"><div class=\"jet-listing-dynamic-field__inline-wrap\"><div class=\"jet-listing-dynamic-field__content\" >Zdarma<\/div><\/div><\/div>\t\t\t\t<\/div>\n\t\t\t\t<\/div>\n\t\t\t\t<\/a>\n\t\t\t\t<\/div>\n\t\t\t\t<\/div>\n\t\t\n\t\t\t\t\t\t<\/div>\n\t\t\t\t<\/div>\n\t\t<div class=\"elementor-element elementor-element-c1f0ea9 e-con-full e-flex e-con e-child\" data-id=\"c1f0ea9\" data-element_type=\"container\" data-e-type=\"container\">\n\t\t\t\t<\/div>\n\t\t\t\t<\/div>\n\t\t\t\t<\/div>\n\t\t","protected":false},"excerpt":{"rendered":"<p>Divadlo Vstupenky na doprovodn\u00fd program jsou v prodeji v elektronick\u00e9 form\u011b, a to do 60 minut p\u0159ed za\u010d\u00e1tkem akce \u2013 po zaplacen\u00ed v\u00e1m vstupenka s QR k\u00f3dem p\u0159ijde do e-mailu, u vchodu pak uk\u00e1\u017eete vstupenku v pdf, p\u0159\u00edpadn\u011b vyti\u0161t\u011bnou. Hodinu p\u0159ed akc\u00ed bude mo\u017en\u00e9 do vyprod\u00e1n\u00ed kapacit zakoupit vstupenku pouze v hotovosti na m\u00edst\u011b kon\u00e1n\u00ed. [&hellip;]<\/p>\n","protected":false},"author":1,"featured_media":0,"parent":0,"menu_order":0,"comment_status":"closed","ping_status":"closed","template":"","meta":{"_seopress_robots_primary_cat":"","_seopress_titles_title":"","_seopress_titles_desc":"","_seopress_robots_index":"","footnotes":""},"class_list":["post-14543","page","type-page","status-publish","hentry"],"_links":{"self":[{"href":"https:\/\/lfs.cz\/en\/wp-json\/wp\/v2\/pages\/14543","targetHints":{"allow":["GET"]}}],"collection":[{"href":"https:\/\/lfs.cz\/en\/wp-json\/wp\/v2\/pages"}],"about":[{"href":"https:\/\/lfs.cz\/en\/wp-json\/wp\/v2\/types\/page"}],"author":[{"embeddable":true,"href":"https:\/\/lfs.cz\/en\/wp-json\/wp\/v2\/users\/1"}],"replies":[{"embeddable":true,"href":"https:\/\/lfs.cz\/en\/wp-json\/wp\/v2\/comments?post=14543"}],"version-history":[{"count":7,"href":"https:\/\/lfs.cz\/en\/wp-json\/wp\/v2\/pages\/14543\/revisions"}],"predecessor-version":[{"id":14553,"href":"https:\/\/lfs.cz\/en\/wp-json\/wp\/v2\/pages\/14543\/revisions\/14553"}],"wp:attachment":[{"href":"https:\/\/lfs.cz\/en\/wp-json\/wp\/v2\/media?parent=14543"}],"curies":[{"name":"wp","href":"https:\/\/api.w.org\/{rel}","templated":true}]}}