{"id":13474,"date":"2026-02-11T15:52:04","date_gmt":"2026-02-11T14:52:04","guid":{"rendered":"https:\/\/lfs.cz\/?page_id=13474"},"modified":"2026-05-06T18:18:54","modified_gmt":"2026-05-06T16:18:54","slug":"uvod-2026","status":"publish","type":"page","link":"https:\/\/lfs.cz\/en\/","title":{"rendered":"LF\u0160 2026"},"content":{"rendered":"\t\t<div data-elementor-type=\"wp-page\" data-elementor-id=\"13474\" class=\"elementor elementor-13474\" data-elementor-post-type=\"page\">\n\t\t\t\t<div class=\"elementor-element elementor-element-61216a5 elementor-hidden-tablet elementor-hidden-mobile e-flex e-con-boxed e-con e-parent\" data-id=\"61216a5\" data-element_type=\"container\" data-e-type=\"container\" data-settings=\"{&quot;background_background&quot;:&quot;classic&quot;}\">\n\t\t\t\t\t<div class=\"e-con-inner\">\n\t\t<div class=\"elementor-element elementor-element-1387027 e-con-full e-flex e-con e-child\" data-id=\"1387027\" data-element_type=\"container\" data-e-type=\"container\" data-settings=\"{&quot;background_background&quot;:&quot;classic&quot;,&quot;background_motion_fx_motion_fx_scrolling&quot;:&quot;yes&quot;,&quot;background_motion_fx_devices&quot;:[&quot;widescreen&quot;,&quot;desktop&quot;,&quot;laptop&quot;,&quot;tablet_extra&quot;,&quot;tablet&quot;,&quot;mobile&quot;]}\">\n\t\t\t\t<\/div>\n\t\t\t\t\t<\/div>\n\t\t\t\t<\/div>\n\t\t<div class=\"elementor-element elementor-element-0fee8dd elementor-hidden-widescreen elementor-hidden-desktop elementor-hidden-laptop elementor-hidden-tablet_extra e-flex e-con-boxed e-con e-parent\" data-id=\"0fee8dd\" data-element_type=\"container\" data-e-type=\"container\" data-settings=\"{&quot;background_background&quot;:&quot;classic&quot;}\">\n\t\t\t\t\t<div class=\"e-con-inner\">\n\t\t<div class=\"elementor-element elementor-element-a709fef e-con-full e-flex e-con e-child\" data-id=\"a709fef\" data-element_type=\"container\" data-e-type=\"container\" data-settings=\"{&quot;background_background&quot;:&quot;classic&quot;}\">\n\t\t<div class=\"elementor-element elementor-element-75101fc e-con-full e-flex e-con e-child\" data-id=\"75101fc\" data-element_type=\"container\" data-e-type=\"container\" data-settings=\"{&quot;motion_fx_motion_fx_scrolling&quot;:&quot;yes&quot;,&quot;motion_fx_opacity_effect&quot;:&quot;yes&quot;,&quot;motion_fx_opacity_direction&quot;:&quot;in-out&quot;,&quot;motion_fx_opacity_range&quot;:{&quot;unit&quot;:&quot;%&quot;,&quot;size&quot;:&quot;&quot;,&quot;sizes&quot;:{&quot;start&quot;:64,&quot;end&quot;:80}},&quot;motion_fx_opacity_level&quot;:{&quot;unit&quot;:&quot;px&quot;,&quot;size&quot;:10,&quot;sizes&quot;:[]},&quot;motion_fx_devices&quot;:[&quot;widescreen&quot;,&quot;desktop&quot;,&quot;laptop&quot;,&quot;tablet_extra&quot;,&quot;tablet&quot;,&quot;mobile&quot;]}\">\n\t\t\t\t<div class=\"elementor-element elementor-element-8e11cc5 animated-fast elementor-invisible elementor-widget elementor-widget-image\" data-id=\"8e11cc5\" data-element_type=\"widget\" data-e-type=\"widget\" data-settings=\"{&quot;_animation&quot;:&quot;fadeInUp&quot;,&quot;_animation_delay&quot;:1500}\" data-widget_type=\"image.default\">\n\t\t\t\t<div class=\"elementor-widget-container\">\n\t\t\t\t\t\t\t\t\t\t\t\t\t\t\t<img loading=\"lazy\" decoding=\"async\" loading=\"lazy\" width=\"800\" height=\"113\" src=\"https:\/\/lfs.cz\/wp-content\/uploads\/2026\/04\/lfs-2026-napisy-web-stan-1-1024x145.png\" class=\"attachment-large size-large wp-image-14384\" alt=\"\" srcset=\"https:\/\/lfs.cz\/wp-content\/uploads\/2026\/04\/lfs-2026-napisy-web-stan-1-1024x145.png 1024w, https:\/\/lfs.cz\/wp-content\/uploads\/2026\/04\/lfs-2026-napisy-web-stan-1-300x43.png 300w, https:\/\/lfs.cz\/wp-content\/uploads\/2026\/04\/lfs-2026-napisy-web-stan-1-768x109.png 768w, https:\/\/lfs.cz\/wp-content\/uploads\/2026\/04\/lfs-2026-napisy-web-stan-1-1536x218.png 1536w, https:\/\/lfs.cz\/wp-content\/uploads\/2026\/04\/lfs-2026-napisy-web-stan-1-2048x290.png 2048w, https:\/\/lfs.cz\/wp-content\/uploads\/2026\/04\/lfs-2026-napisy-web-stan-1-18x3.png 18w\" sizes=\"auto, (max-width: 800px) 100vw, 800px\" \/>\t\t\t\t\t\t\t\t\t\t\t\t\t\t\t<\/div>\n\t\t\t\t<\/div>\n\t\t\t\t<div class=\"elementor-element elementor-element-a7b17ed animated-fast elementor-invisible elementor-widget elementor-widget-image\" data-id=\"a7b17ed\" data-element_type=\"widget\" data-e-type=\"widget\" data-settings=\"{&quot;_animation&quot;:&quot;fadeInUp&quot;,&quot;_animation_delay&quot;:3000}\" data-widget_type=\"image.default\">\n\t\t\t\t<div class=\"elementor-widget-container\">\n\t\t\t\t\t\t\t\t\t\t\t\t\t\t\t<img loading=\"lazy\" decoding=\"async\" loading=\"lazy\" width=\"800\" height=\"113\" src=\"https:\/\/lfs.cz\/wp-content\/uploads\/2026\/04\/lfs-2026-napisy-web-stan-2-1024x145.png\" class=\"attachment-large size-large wp-image-14383\" alt=\"\" srcset=\"https:\/\/lfs.cz\/wp-content\/uploads\/2026\/04\/lfs-2026-napisy-web-stan-2-1024x145.png 1024w, https:\/\/lfs.cz\/wp-content\/uploads\/2026\/04\/lfs-2026-napisy-web-stan-2-300x43.png 300w, https:\/\/lfs.cz\/wp-content\/uploads\/2026\/04\/lfs-2026-napisy-web-stan-2-768x109.png 768w, https:\/\/lfs.cz\/wp-content\/uploads\/2026\/04\/lfs-2026-napisy-web-stan-2-1536x218.png 1536w, https:\/\/lfs.cz\/wp-content\/uploads\/2026\/04\/lfs-2026-napisy-web-stan-2-2048x290.png 2048w, https:\/\/lfs.cz\/wp-content\/uploads\/2026\/04\/lfs-2026-napisy-web-stan-2-18x3.png 18w\" sizes=\"auto, (max-width: 800px) 100vw, 800px\" \/>\t\t\t\t\t\t\t\t\t\t\t\t\t\t\t<\/div>\n\t\t\t\t<\/div>\n\t\t\t\t<div class=\"elementor-element elementor-element-771c714 animated-fast elementor-invisible elementor-widget elementor-widget-image\" data-id=\"771c714\" data-element_type=\"widget\" data-e-type=\"widget\" data-settings=\"{&quot;_animation&quot;:&quot;fadeInUp&quot;,&quot;_animation_delay&quot;:7500}\" data-widget_type=\"image.default\">\n\t\t\t\t<div class=\"elementor-widget-container\">\n\t\t\t\t\t\t\t\t\t\t\t\t\t\t\t<img loading=\"lazy\" decoding=\"async\" loading=\"lazy\" width=\"800\" height=\"113\" src=\"https:\/\/lfs.cz\/wp-content\/uploads\/2026\/04\/lfs-2026-napisy-web-stan-3-1024x145.png\" class=\"attachment-large size-large wp-image-14382\" alt=\"\" srcset=\"https:\/\/lfs.cz\/wp-content\/uploads\/2026\/04\/lfs-2026-napisy-web-stan-3-1024x145.png 1024w, https:\/\/lfs.cz\/wp-content\/uploads\/2026\/04\/lfs-2026-napisy-web-stan-3-300x43.png 300w, https:\/\/lfs.cz\/wp-content\/uploads\/2026\/04\/lfs-2026-napisy-web-stan-3-768x109.png 768w, https:\/\/lfs.cz\/wp-content\/uploads\/2026\/04\/lfs-2026-napisy-web-stan-3-1536x218.png 1536w, https:\/\/lfs.cz\/wp-content\/uploads\/2026\/04\/lfs-2026-napisy-web-stan-3-2048x290.png 2048w, https:\/\/lfs.cz\/wp-content\/uploads\/2026\/04\/lfs-2026-napisy-web-stan-3-18x3.png 18w\" sizes=\"auto, (max-width: 800px) 100vw, 800px\" \/>\t\t\t\t\t\t\t\t\t\t\t\t\t\t\t<\/div>\n\t\t\t\t<\/div>\n\t\t\t\t<div class=\"elementor-element elementor-element-6ba927b animated-fast elementor-invisible elementor-widget elementor-widget-image\" data-id=\"6ba927b\" data-element_type=\"widget\" data-e-type=\"widget\" data-settings=\"{&quot;_animation&quot;:&quot;fadeInUp&quot;,&quot;_animation_delay&quot;:14500}\" data-widget_type=\"image.default\">\n\t\t\t\t<div class=\"elementor-widget-container\">\n\t\t\t\t\t\t\t\t\t\t\t\t\t\t\t<img loading=\"lazy\" decoding=\"async\" loading=\"lazy\" width=\"800\" height=\"113\" src=\"https:\/\/lfs.cz\/wp-content\/uploads\/2026\/04\/lfs-2026-napisy-web-stan-4-1024x145.png\" class=\"attachment-large size-large wp-image-14381\" alt=\"\" srcset=\"https:\/\/lfs.cz\/wp-content\/uploads\/2026\/04\/lfs-2026-napisy-web-stan-4-1024x145.png 1024w, https:\/\/lfs.cz\/wp-content\/uploads\/2026\/04\/lfs-2026-napisy-web-stan-4-300x43.png 300w, https:\/\/lfs.cz\/wp-content\/uploads\/2026\/04\/lfs-2026-napisy-web-stan-4-768x109.png 768w, https:\/\/lfs.cz\/wp-content\/uploads\/2026\/04\/lfs-2026-napisy-web-stan-4-1536x218.png 1536w, https:\/\/lfs.cz\/wp-content\/uploads\/2026\/04\/lfs-2026-napisy-web-stan-4-2048x290.png 2048w, https:\/\/lfs.cz\/wp-content\/uploads\/2026\/04\/lfs-2026-napisy-web-stan-4-18x3.png 18w\" sizes=\"auto, (max-width: 800px) 100vw, 800px\" \/>\t\t\t\t\t\t\t\t\t\t\t\t\t\t\t<\/div>\n\t\t\t\t<\/div>\n\t\t\t\t<\/div>\n\t\t\t\t<\/div>\n\t\t\t\t\t<\/div>\n\t\t\t\t<\/div>\n\t\t<div class=\"elementor-element elementor-element-6e6c823 e-flex e-con-boxed e-con e-parent\" data-id=\"6e6c823\" data-element_type=\"container\" data-e-type=\"container\" data-settings=\"{&quot;background_background&quot;:&quot;classic&quot;}\">\n\t\t\t\t\t<div class=\"e-con-inner\">\n\t\t<div class=\"elementor-element elementor-element-7c56880 e-flex e-con-boxed e-con e-child\" data-id=\"7c56880\" data-element_type=\"container\" data-e-type=\"container\" data-settings=\"{&quot;background_background&quot;:&quot;classic&quot;}\">\n\t\t\t\t\t<div class=\"e-con-inner\">\n\t\t\t\t<div class=\"elementor-element elementor-element-972cc0e elementor-widget__width-inherit elementor-widget-laptop__width-initial elementor-widget-widescreen__width-inherit elementor-widget elementor-widget-text-editor\" data-id=\"972cc0e\" data-element_type=\"widget\" data-e-type=\"widget\" data-widget_type=\"text-editor.default\">\n\t\t\t\t<div class=\"elementor-widget-container\">\n\t\t\t\t\t\t\t\t\t<p>Prodej<\/p>\t\t\t\t\t\t\t\t<\/div>\n\t\t\t\t<\/div>\n\t\t\t\t<div class=\"elementor-element elementor-element-5f08c90 elementor-widget__width-inherit elementor-widget-laptop__width-initial elementor-widget-widescreen__width-inherit elementor-widget elementor-widget-text-editor\" data-id=\"5f08c90\" data-element_type=\"widget\" data-e-type=\"widget\" data-widget_type=\"text-editor.default\">\n\t\t\t\t<div class=\"elementor-widget-container\">\n\t\t\t\t\t\t\t\t\t<p>Prodej akreditac\u00ed a ubytov\u00e1n\u00ed spust\u00edme 15. kv\u011btna v rann\u00edch hodin\u00e1ch. V\u0161e ostatn\u00ed je ji\u017e v prodeji.<\/p>\t\t\t\t\t\t\t\t<\/div>\n\t\t\t\t<\/div>\n\t\t\t\t<div class=\"elementor-element elementor-element-1d48363 elementor-align-left elementor-widescreen-align-left elementor-widget elementor-widget-button\" data-id=\"1d48363\" data-element_type=\"widget\" data-e-type=\"widget\" data-widget_type=\"button.default\">\n\t\t\t\t<div class=\"elementor-widget-container\">\n\t\t\t\t\t\t\t\t\t<div class=\"elementor-button-wrapper\">\n\t\t\t\t\t<a class=\"elementor-button elementor-button-link elementor-size-md\" href=\"https:\/\/moje.lfs.cz\/\">\n\t\t\t\t\t\t<span class=\"elementor-button-content-wrapper\">\n\t\t\t\t\t\t\t\t\t<span class=\"elementor-button-text\">Moje LF\u0160<\/span>\n\t\t\t\t\t<\/span>\n\t\t\t\t\t<\/a>\n\t\t\t\t<\/div>\n\t\t\t\t\t\t\t\t<\/div>\n\t\t\t\t<\/div>\n\t\t\t\t\t<\/div>\n\t\t\t\t<\/div>\n\t\t<div class=\"elementor-element elementor-element-cc6d195 e-con-full e-flex e-con e-child\" data-id=\"cc6d195\" data-element_type=\"container\" data-e-type=\"container\" data-settings=\"{&quot;background_background&quot;:&quot;classic&quot;}\">\n\t\t\t\t<div class=\"elementor-element elementor-element-009b637 elementor-widget__width-inherit elementor-widget-laptop__width-initial elementor-widget-widescreen__width-inherit elementor-widget elementor-widget-text-editor\" data-id=\"009b637\" data-element_type=\"widget\" data-e-type=\"widget\" data-widget_type=\"text-editor.default\">\n\t\t\t\t<div class=\"elementor-widget-container\">\n\t\t\t\t\t\t\t\t\t<p>Ubytov\u00e1n\u00ed<\/p>\t\t\t\t\t\t\t\t<\/div>\n\t\t\t\t<\/div>\n\t\t\t\t<div class=\"elementor-element elementor-element-12e8f24 elementor-widget__width-inherit elementor-widget-laptop__width-initial elementor-widget-widescreen__width-inherit elementor-widget elementor-widget-text-editor\" data-id=\"12e8f24\" data-element_type=\"widget\" data-e-type=\"widget\" data-widget_type=\"text-editor.default\">\n\t\t\t\t<div class=\"elementor-widget-container\">\n\t\t\t\t\t\t\t\t\t<p>V nab\u00eddce budou v omezen\u00e9m mno\u017estv\u00ed cel\u00e9 pokoje, stanov\u00fd hotel,\u00a0<span style=\"letter-spacing: 0px;\">kemp,<\/span><span style=\"letter-spacing: 0px;\">\u00a0t\u0159\u00eddy a z\u00f3na pro obytn\u00e9 vozy.<\/span><\/p>\t\t\t\t\t\t\t\t<\/div>\n\t\t\t\t<\/div>\n\t\t<div class=\"elementor-element elementor-element-0c6b760 e-con-full elementor-hidden-widescreen elementor-hidden-desktop elementor-hidden-laptop elementor-hidden-tablet_extra elementor-hidden-tablet elementor-hidden-mobile e-flex e-con e-child\" data-id=\"0c6b760\" data-element_type=\"container\" data-e-type=\"container\">\n\t\t\t\t<div class=\"elementor-element elementor-element-695e90d elementor-align-left elementor-widescreen-align-left elementor-widget elementor-widget-button\" data-id=\"695e90d\" data-element_type=\"widget\" data-e-type=\"widget\" data-widget_type=\"button.default\">\n\t\t\t\t<div class=\"elementor-widget-container\">\n\t\t\t\t\t\t\t\t\t<div class=\"elementor-button-wrapper\">\n\t\t\t\t\t<a class=\"elementor-button elementor-button-link elementor-size-md\" href=\"https:\/\/apps.apple.com\/cz\/app\/lf%C5%A1-letn%C3%AD-filmov%C3%A1-%C5%A1kola\/id890474063\" target=\"_blank\" rel=\"nofollow\">\n\t\t\t\t\t\t<span class=\"elementor-button-content-wrapper\">\n\t\t\t\t\t\t\t\t\t<span class=\"elementor-button-text\">App Store<\/span>\n\t\t\t\t\t<\/span>\n\t\t\t\t\t<\/a>\n\t\t\t\t<\/div>\n\t\t\t\t\t\t\t\t<\/div>\n\t\t\t\t<\/div>\n\t\t\t\t<div class=\"elementor-element elementor-element-dbe57cf elementor-align-left elementor-widescreen-align-left elementor-widget elementor-widget-button\" data-id=\"dbe57cf\" data-element_type=\"widget\" data-e-type=\"widget\" data-widget_type=\"button.default\">\n\t\t\t\t<div class=\"elementor-widget-container\">\n\t\t\t\t\t\t\t\t\t<div class=\"elementor-button-wrapper\">\n\t\t\t\t\t<a class=\"elementor-button elementor-button-link elementor-size-md\" href=\"https:\/\/play.google.com\/store\/apps\/details?id=cz.ackee.a4f.LFS&#038;hl=cs\" target=\"_blank\" rel=\"nofollow\">\n\t\t\t\t\t\t<span class=\"elementor-button-content-wrapper\">\n\t\t\t\t\t\t\t\t\t<span class=\"elementor-button-text\">Google Play<\/span>\n\t\t\t\t\t<\/span>\n\t\t\t\t\t<\/a>\n\t\t\t\t<\/div>\n\t\t\t\t\t\t\t\t<\/div>\n\t\t\t\t<\/div>\n\t\t\t\t<\/div>\n\t\t\t\t<\/div>\n\t\t<div class=\"elementor-element elementor-element-978fc0d e-con-full e-flex e-con e-child\" data-id=\"978fc0d\" data-element_type=\"container\" data-e-type=\"container\" data-settings=\"{&quot;background_background&quot;:&quot;classic&quot;}\">\n\t\t\t\t<div class=\"elementor-element elementor-element-8800b86 elementor-widget__width-inherit elementor-widget-laptop__width-initial elementor-widget-widescreen__width-inherit elementor-widget elementor-widget-text-editor\" data-id=\"8800b86\" data-element_type=\"widget\" data-e-type=\"widget\" data-widget_type=\"text-editor.default\">\n\t\t\t\t<div class=\"elementor-widget-container\">\n\t\t\t\t\t\t\t\t\t<p>Program<\/p>\t\t\t\t\t\t\t\t<\/div>\n\t\t\t\t<\/div>\n\t\t\t\t<div class=\"elementor-element elementor-element-37acd39 elementor-widget__width-inherit elementor-widget-laptop__width-initial elementor-widget-widescreen__width-inherit elementor-widget elementor-widget-text-editor\" data-id=\"37acd39\" data-element_type=\"widget\" data-e-type=\"widget\" data-widget_type=\"text-editor.default\">\n\t\t\t\t<div class=\"elementor-widget-container\">\n\t\t\t\t\t\t\t\t\t<p>Postupn\u011b zve\u0159ej\u0148ujeme programov\u00e9 sekce. Denn\u00ed program bude dostupn\u00fd na za\u010d\u00e1tku \u010dervence.\u00a0<\/p>\t\t\t\t\t\t\t\t<\/div>\n\t\t\t\t<\/div>\n\t\t<div class=\"elementor-element elementor-element-28fef8e e-con-full elementor-hidden-widescreen elementor-hidden-desktop elementor-hidden-laptop elementor-hidden-tablet_extra elementor-hidden-tablet elementor-hidden-mobile e-flex e-con e-child\" data-id=\"28fef8e\" data-element_type=\"container\" data-e-type=\"container\">\n\t\t\t\t<div class=\"elementor-element elementor-element-8e78272 elementor-align-left elementor-widescreen-align-left elementor-widget elementor-widget-button\" data-id=\"8e78272\" data-element_type=\"widget\" data-e-type=\"widget\" data-widget_type=\"button.default\">\n\t\t\t\t<div class=\"elementor-widget-container\">\n\t\t\t\t\t\t\t\t\t<div class=\"elementor-button-wrapper\">\n\t\t\t\t\t<a class=\"elementor-button elementor-button-link elementor-size-md\" href=\"https:\/\/program.lfs.cz\/\">\n\t\t\t\t\t\t<span class=\"elementor-button-content-wrapper\">\n\t\t\t\t\t\t\t\t\t<span class=\"elementor-button-text\">Denn\u00ed program<\/span>\n\t\t\t\t\t<\/span>\n\t\t\t\t\t<\/a>\n\t\t\t\t<\/div>\n\t\t\t\t\t\t\t\t<\/div>\n\t\t\t\t<\/div>\n\t\t\t\t<\/div>\n\t\t\t\t<\/div>\n\t\t<div class=\"elementor-element elementor-element-2748f4b e-con-full e-flex e-con e-child\" data-id=\"2748f4b\" data-element_type=\"container\" data-e-type=\"container\" data-settings=\"{&quot;background_background&quot;:&quot;classic&quot;}\">\n\t\t\t\t<div class=\"elementor-element elementor-element-f2b71ad elementor-widget__width-inherit elementor-widget-laptop__width-initial elementor-widget-widescreen__width-inherit elementor-widget elementor-widget-text-editor\" data-id=\"f2b71ad\" data-element_type=\"widget\" data-e-type=\"widget\" data-widget_type=\"text-editor.default\">\n\t\t\t\t<div class=\"elementor-widget-container\">\n\t\t\t\t\t\t\t\t\t<p>Podpora<\/p>\t\t\t\t\t\t\t\t<\/div>\n\t\t\t\t<\/div>\n\t\t\t\t<div class=\"elementor-element elementor-element-82fb225 elementor-widget__width-inherit elementor-widget-laptop__width-initial elementor-widget-widescreen__width-inherit elementor-widget elementor-widget-text-editor\" data-id=\"82fb225\" data-element_type=\"widget\" data-e-type=\"widget\" data-widget_type=\"text-editor.default\">\n\t\t\t\t<div class=\"elementor-widget-container\">\n\t\t\t\t\t\t\t\t\t<p>M\u016f\u017eete a cht\u011bli byste LF\u0160 v\u00edc podpo\u0159it? Sta\u0148te se filmovkov\u00fdmi mecen\u00e1\u0161i, partnery nebo d\u00e1rci. V\u00edce <span style=\"text-decoration: underline;\"><a href=\"https:\/\/lfs.cz\/jak-lfs-podporit\/\">zde<\/a><\/span>.<\/p>\t\t\t\t\t\t\t\t<\/div>\n\t\t\t\t<\/div>\n\t\t<div class=\"elementor-element elementor-element-e955af4 e-con-full elementor-hidden-widescreen elementor-hidden-desktop elementor-hidden-laptop elementor-hidden-tablet_extra elementor-hidden-tablet elementor-hidden-mobile e-flex e-con e-child\" data-id=\"e955af4\" data-element_type=\"container\" data-e-type=\"container\">\n\t\t\t\t<div class=\"elementor-element elementor-element-c24554a elementor-align-left elementor-widescreen-align-left elementor-widget elementor-widget-button\" data-id=\"c24554a\" data-element_type=\"widget\" data-e-type=\"widget\" data-widget_type=\"button.default\">\n\t\t\t\t<div class=\"elementor-widget-container\">\n\t\t\t\t\t\t\t\t\t<div class=\"elementor-button-wrapper\">\n\t\t\t\t\t<a class=\"elementor-button elementor-button-link elementor-size-md\" href=\"https:\/\/program.lfs.cz\/\">\n\t\t\t\t\t\t<span class=\"elementor-button-content-wrapper\">\n\t\t\t\t\t\t\t\t\t<span class=\"elementor-button-text\">Denn\u00ed program<\/span>\n\t\t\t\t\t<\/span>\n\t\t\t\t\t<\/a>\n\t\t\t\t<\/div>\n\t\t\t\t\t\t\t\t<\/div>\n\t\t\t\t<\/div>\n\t\t\t\t<\/div>\n\t\t\t\t<\/div>\n\t\t\t\t\t<\/div>\n\t\t\t\t<\/div>\n\t\t<div class=\"elementor-element elementor-element-0cf7bf5 e-con-full elementor-hidden-widescreen elementor-hidden-desktop elementor-hidden-laptop elementor-hidden-tablet_extra elementor-hidden-tablet elementor-hidden-mobile e-flex e-con e-parent\" data-id=\"0cf7bf5\" data-element_type=\"container\" data-e-type=\"container\" data-settings=\"{&quot;background_background&quot;:&quot;classic&quot;}\">\n\t\t<div class=\"elementor-element elementor-element-62f451c e-con-full e-flex e-con e-child\" data-id=\"62f451c\" data-element_type=\"container\" data-e-type=\"container\" data-settings=\"{&quot;background_background&quot;:&quot;classic&quot;}\">\n\t\t<div class=\"elementor-element elementor-element-2bcbb60 e-con-full e-flex e-con e-child\" data-id=\"2bcbb60\" data-element_type=\"container\" data-e-type=\"container\">\n\t\t\t\t<div class=\"elementor-element elementor-element-dd31357 elementor-widget__width-initial elementor-widget-laptop__width-initial elementor-widget elementor-widget-text-editor\" data-id=\"dd31357\" data-element_type=\"widget\" data-e-type=\"widget\" data-widget_type=\"text-editor.default\">\n\t\t\t\t<div class=\"elementor-widget-container\">\n\t\t\t\t\t\t\t\t\t<h2>O festivalu<\/h2>\t\t\t\t\t\t\t\t<\/div>\n\t\t\t\t<\/div>\n\t\t\t\t<\/div>\n\t\t<div class=\"elementor-element elementor-element-8459b24 e-con-full e-flex e-con e-child\" data-id=\"8459b24\" data-element_type=\"container\" data-e-type=\"container\">\n\t\t\t\t<div class=\"elementor-element elementor-element-09bb2b0 elementor-widget__width-initial elementor-widget-laptop__width-initial elementor-widget elementor-widget-text-editor\" data-id=\"09bb2b0\" data-element_type=\"widget\" data-e-type=\"widget\" data-widget_type=\"text-editor.default\">\n\t\t\t\t<div class=\"elementor-widget-container\">\n\t\t\t\t\t\t\t\t\t<p>Novinky z festival\u016f i sto let star\u00e9 klenoty. Aktu\u00e1ln\u00ed filmov\u00e1 i spole\u010densk\u00e1 t\u00e9mata. Jedine\u010dn\u00ed host\u00e9. Uprost\u0159ed l\u00e9ta, v srdci Slov\u00e1cka.<\/p>\t\t\t\t\t\t\t\t<\/div>\n\t\t\t\t<\/div>\n\t\t\t\t<\/div>\n\t\t\t\t<\/div>\n\t\t\t\t<\/div>\n\t\t<div class=\"elementor-element elementor-element-f280828 elementor-hidden-widescreen elementor-hidden-desktop elementor-hidden-laptop elementor-hidden-tablet_extra elementor-hidden-tablet elementor-hidden-mobile e-flex e-con-boxed e-con e-parent\" data-id=\"f280828\" data-element_type=\"container\" data-e-type=\"container\" data-settings=\"{&quot;background_background&quot;:&quot;classic&quot;}\">\n\t\t\t\t\t<div class=\"e-con-inner\">\n\t\t<div class=\"elementor-element elementor-element-44edd3f e-con-full e-flex e-con e-child\" data-id=\"44edd3f\" data-element_type=\"container\" data-e-type=\"container\" data-settings=\"{&quot;background_background&quot;:&quot;classic&quot;}\">\n\t\t\t\t<div class=\"elementor-element elementor-element-0d33279 elementor-widget elementor-widget-jet-inline-svg\" data-id=\"0d33279\" data-element_type=\"widget\" data-e-type=\"widget\" data-widget_type=\"jet-inline-svg.default\">\n\t\t\t\t<div class=\"elementor-widget-container\">\n\t\t\t\t\t<div class=\"elementor-jet-inline-svg jet-elements\"><div class=\"jet-inline-svg__wrapper\"><div class=\"jet-inline-svg jet-inline-svg--custom-width\"><div class=\"jet-inline-svg__inner\"><?xml version=\"1.0\" encoding=\"UTF-8\"?>\n<svg xmlns=\"http:\/\/www.w3.org\/2000\/svg\" xmlns:xlink=\"http:\/\/www.w3.org\/1999\/xlink\" id=\"uuid-247e2ed4-4b3b-489b-86c8-bc5193470f82\" viewBox=\"0 0 1704 339.43\">\n  <defs>\n    <clipPath id=\"uuid-56c6b65f-6f69-4a7b-bd31-0f87f9d4425b\">\n      <rect y=\"0\" width=\"1704\" height=\"339.43\" style=\"fill:none;\"><\/rect>\n    <\/clipPath>\n  <\/defs>\n  <g style=\"clip-path:url(#uuid-56c6b65f-6f69-4a7b-bd31-0f87f9d4425b);\">\n    <path d=\"M1549.38,260.75c0-19.21,15.55-26.53,37.97-29.73l43-6.4v17.38c0,29.28-20.59,44.83-48.49,44.83-19.67,0-32.48-10.06-32.48-26.08M1612.51,181.61l-38.43,5.03c-49.86,6.4-94.24,25.62-94.24,78.68,0,44.83,36.6,74.11,82.8,74.11,33.39,0,56.72-12.35,69.08-32.02.46,9.15,1.37,18.3,3.2,26.53h69.08c-1.83-16.93-2.74-32.48-2.74-48.03v-106.59c0-54.44-31.11-91.49-101.1-91.49-66.33,0-104.76,37.05-109.79,80.05h71.36c2.29-14.64,13.72-26.99,37.05-26.99,20.59,0,32.48,9.15,32.48,23.33,0,10.98-7.32,15.55-18.76,17.38M1337.58,0h-73.19v333.94h73.19v-70.45l23.33-25.16,53.98,95.61h81.88l-84.63-150.05,84.63-90.58h-88.29l-70.91,83.26V0ZM1174.28,333.94l86-240.62h-73.19l-47.12,150.5-47.58-150.5h-76.39l86,240.62h72.28ZM871.44,213.63c0-39.34,16.47-66.79,47.58-66.79s47.12,27.45,47.12,66.79-16.47,66.79-47.12,66.79-47.58-26.99-47.58-66.79M1039.78,213.63c0-74.11-51.69-125.8-120.77-125.8s-120.77,51.69-120.77,125.8,51.69,125.8,120.77,125.8,120.77-51.69,120.77-125.8M425.43,333.94h73.19v-141.35c0-27.45,16.93-43,37.05-43,24.7,0,34.77,18.3,34.77,42.54v141.81h73.19v-141.35c0-27.45,16.93-43,37.05-43,24.7,0,34.31,18.3,34.31,42.54v141.81h73.19v-157.82c0-52.61-32.48-88.29-82.8-88.29-37.05,0-61.76,18.76-75.94,35.22-13.72-21.04-36.14-35.22-63.59-35.22-31.56,0-55.35,16.93-67.25,35.68v-30.19h-73.19v240.62ZM408.96,0h-73.19v333.94h73.19V0ZM319.3,93.32h-73.19v240.62h73.19V93.32ZM246.1,70.91h73.19V0h-73.19v70.91ZM75.02,333.94v-123.51h145.47v-66.33H75.02v-77.77h156.91V0H0v333.94h75.02Z\" style=\"fill:#fff;\"><\/path>\n  <\/g>\n<\/svg>\n<\/div><\/div><\/div><\/div>\t\t\t\t<\/div>\n\t\t\t\t<\/div>\n\t\t\t\t<\/div>\n\t\t\t\t\t<\/div>\n\t\t\t\t<\/div>\n\t\t\t\t<\/div>\n\t\t","protected":false},"excerpt":{"rendered":"<p>Prodej Prodej akreditac\u00ed a ubytov\u00e1n\u00ed spust\u00edme 15. kv\u011btna v rann\u00edch hodin\u00e1ch. V\u0161e ostatn\u00ed je ji\u017e v prodeji. Moje LF\u0160 Ubytov\u00e1n\u00ed V nab\u00eddce budou v omezen\u00e9m<\/p>","protected":false},"author":1,"featured_media":0,"parent":0,"menu_order":0,"comment_status":"closed","ping_status":"closed","template":"","meta":{"_seopress_robots_primary_cat":"","_seopress_titles_title":"","_seopress_titles_desc":"","_seopress_robots_index":"","_seopress_analysis_target_kw":"","footnotes":""},"class_list":["post-13474","page","type-page","status-publish","hentry"],"_links":{"self":[{"href":"https:\/\/lfs.cz\/en\/wp-json\/wp\/v2\/pages\/13474","targetHints":{"allow":["GET"]}}],"collection":[{"href":"https:\/\/lfs.cz\/en\/wp-json\/wp\/v2\/pages"}],"about":[{"href":"https:\/\/lfs.cz\/en\/wp-json\/wp\/v2\/types\/page"}],"author":[{"embeddable":true,"href":"https:\/\/lfs.cz\/en\/wp-json\/wp\/v2\/users\/1"}],"replies":[{"embeddable":true,"href":"https:\/\/lfs.cz\/en\/wp-json\/wp\/v2\/comments?post=13474"}],"version-history":[{"count":490,"href":"https:\/\/lfs.cz\/en\/wp-json\/wp\/v2\/pages\/13474\/revisions"}],"predecessor-version":[{"id":14629,"href":"https:\/\/lfs.cz\/en\/wp-json\/wp\/v2\/pages\/13474\/revisions\/14629"}],"wp:attachment":[{"href":"https:\/\/lfs.cz\/en\/wp-json\/wp\/v2\/media?parent=13474"}],"curies":[{"name":"wp","href":"https:\/\/api.w.org\/{rel}","templated":true}]}}