{"id":11821,"date":"2025-07-20T10:06:37","date_gmt":"2025-07-20T08:06:37","guid":{"rendered":"https:\/\/lfs.cz\/?page_id=11821"},"modified":"2025-07-20T10:19:33","modified_gmt":"2025-07-20T08:19:33","slug":"odborny-program-2025","status":"publish","type":"page","link":"https:\/\/lfs.cz\/en\/odborny-program-2025\/","title":{"rendered":"Odborn\u00fd program 2025"},"content":{"rendered":"<div data-elementor-type=\"wp-page\" data-elementor-id=\"11821\" class=\"elementor elementor-11821\" data-elementor-post-type=\"page\">\n\t\t\t\t<div class=\"elementor-element elementor-element-e18bac0 e-flex e-con-boxed e-con e-parent\" data-id=\"e18bac0\" data-element_type=\"container\" data-e-type=\"container\">\n\t\t\t\t\t<div class=\"e-con-inner\">\n\t\t\t\t<div class=\"elementor-element elementor-element-396ca3b elementor-widget elementor-widget-heading\" data-id=\"396ca3b\" data-element_type=\"widget\" data-e-type=\"widget\" data-widget_type=\"heading.default\">\n\t\t\t\t<div class=\"elementor-widget-container\">\n\t\t\t\t\t<h1 class=\"elementor-heading-title elementor-size-default\">Odborn\u00fd program 2025<\/h1>\t\t\t\t<\/div>\n\t\t\t\t<\/div>\n\t\t\t\t<div class=\"elementor-element elementor-element-6d40e76 elementor-widget__width-initial elementor-widget-widescreen__width-initial elementor-widget elementor-widget-text-editor\" data-id=\"6d40e76\" data-element_type=\"widget\" data-e-type=\"widget\" data-widget_type=\"text-editor.default\">\n\t\t\t\t<div class=\"elementor-widget-container\">\n\t\t\t\t\t\t\t\t\t<h5>Odborn\u00fd program v Mal\u00e9m s\u00e1le Klubu kultury  je p\u0159\u00edstupn\u00fd pouze s platnou akreditac\u00ed. Program ve stanech ve Smetanov\u00fdch sadech (LF\u0160 stan \/ Respekt stan, Stan \u010cesk\u00e9 televize a Stan \u010cesk\u00e9ho rozhlasu) je p\u0159\u00edstupn\u00fd zdarma i bez akreditace.<\/h5>\t\t\t\t\t\t\t\t<\/div>\n\t\t\t\t<\/div>\n\t\t\t\t\t<\/div>\n\t\t\t\t<\/div>\n\t\t<div class=\"elementor-element elementor-element-adaa706 e-grid e-con-boxed e-con e-parent\" data-id=\"adaa706\" data-element_type=\"container\" data-e-type=\"container\">\n\t\t\t\t\t<div class=\"e-con-inner\">\n\t\t<div class=\"elementor-element elementor-element-9531d07 e-flex e-con-boxed e-con e-child\" data-id=\"9531d07\" data-element_type=\"container\" data-e-type=\"container\" data-settings=\"{&quot;background_background&quot;:&quot;classic&quot;}\">\n\t\t\t\t\t<div class=\"e-con-inner\">\n\t\t\t\t<div class=\"elementor-element elementor-element-158e485 pointer elementor-widget elementor-widget-image\" data-id=\"158e485\" data-element_type=\"widget\" data-e-type=\"widget\" data-widget_type=\"image.default\">\n\t\t\t\t<div class=\"elementor-widget-container\">\n\t\t\t\t\t\t\t\t\t\t\t\t\t\t\t<img fetchpriority=\"high\" decoding=\"async\" width=\"650\" height=\"870\" src=\"https:\/\/lfs.cz\/wp-content\/uploads\/2025\/07\/lfs-2025-uvodni-foto-odborny-program.jpg\" class=\"attachment-medium_large size-medium_large wp-image-11843\" alt=\"\" srcset=\"https:\/\/lfs.cz\/wp-content\/uploads\/2025\/07\/lfs-2025-uvodni-foto-odborny-program.jpg 650w, https:\/\/lfs.cz\/wp-content\/uploads\/2025\/07\/lfs-2025-uvodni-foto-odborny-program-224x300.jpg 224w, https:\/\/lfs.cz\/wp-content\/uploads\/2025\/07\/lfs-2025-uvodni-foto-odborny-program-9x12.jpg 9w\" sizes=\"(max-width: 650px) 100vw, 650px\" \/>\t\t\t\t\t\t\t\t\t\t\t\t\t\t\t<\/div>\n\t\t\t\t<\/div>\n\t\t\t\t<div class=\"elementor-element elementor-element-8155fe0 elementor-absolute elementor-widget elementor-widget-heading\" data-id=\"8155fe0\" data-element_type=\"widget\" data-e-type=\"widget\" data-settings=\"{&quot;_position&quot;:&quot;absolute&quot;}\" data-widget_type=\"heading.default\">\n\t\t\t\t<div class=\"elementor-widget-container\">\n\t\t\t\t\t<h3 class=\"elementor-heading-title elementor-size-default\">Odborn\u00fd program<\/h3>\t\t\t\t<\/div>\n\t\t\t\t<\/div>\n\t\t\t\t<div class=\"elementor-element elementor-element-70df0cf elementor-absolute elementor-widget elementor-widget-button\" data-id=\"70df0cf\" data-element_type=\"widget\" data-e-type=\"widget\" data-settings=\"{&quot;_position&quot;:&quot;absolute&quot;}\" data-widget_type=\"button.default\">\n\t\t\t\t<div class=\"elementor-widget-container\">\n\t\t\t\t\t\t\t\t\t<div class=\"elementor-button-wrapper\">\n\t\t\t\t\t<a class=\"elementor-button elementor-button-link elementor-size-sm\" href=\"https:\/\/program.lfs.cz\/?&#038;alldates=1&#038;section=364\">\n\t\t\t\t\t\t<span class=\"elementor-button-content-wrapper\">\n\t\t\t\t\t\t\t\t\t<span class=\"elementor-button-text\">More<\/span>\n\t\t\t\t\t<\/span>\n\t\t\t\t\t<\/a>\n\t\t\t\t<\/div>\n\t\t\t\t\t\t\t\t<\/div>\n\t\t\t\t<\/div>\n\t\t\t\t\t<\/div>\n\t\t\t\t<\/div>\n\t\t<div class=\"elementor-element elementor-element-7af1de4 e-flex e-con-boxed e-con e-child\" data-id=\"7af1de4\" data-element_type=\"container\" data-e-type=\"container\" data-settings=\"{&quot;background_background&quot;:&quot;classic&quot;}\">\n\t\t\t\t\t<div class=\"e-con-inner\">\n\t\t\t\t<div class=\"elementor-element elementor-element-0939635 pointer elementor-widget elementor-widget-image\" data-id=\"0939635\" data-element_type=\"widget\" data-e-type=\"widget\" data-widget_type=\"image.default\">\n\t\t\t\t<div class=\"elementor-widget-container\">\n\t\t\t\t\t\t\t\t\t\t\t\t\t\t\t<img decoding=\"async\" width=\"650\" height=\"870\" src=\"https:\/\/lfs.cz\/wp-content\/uploads\/2024\/07\/lfs24-program-ct-vyska-650x870-1.jpg\" class=\"attachment-medium_large size-medium_large wp-image-5558\" alt=\"\" srcset=\"https:\/\/lfs.cz\/wp-content\/uploads\/2024\/07\/lfs24-program-ct-vyska-650x870-1.jpg 650w, https:\/\/lfs.cz\/wp-content\/uploads\/2024\/07\/lfs24-program-ct-vyska-650x870-1-224x300.jpg 224w, https:\/\/lfs.cz\/wp-content\/uploads\/2024\/07\/lfs24-program-ct-vyska-650x870-1-9x12.jpg 9w\" sizes=\"(max-width: 650px) 100vw, 650px\" \/>\t\t\t\t\t\t\t\t\t\t\t\t\t\t\t<\/div>\n\t\t\t\t<\/div>\n\t\t\t\t<div class=\"elementor-element elementor-element-b4e2f58 elementor-absolute elementor-widget elementor-widget-heading\" data-id=\"b4e2f58\" data-element_type=\"widget\" data-e-type=\"widget\" data-settings=\"{&quot;_position&quot;:&quot;absolute&quot;}\" data-widget_type=\"heading.default\">\n\t\t\t\t<div class=\"elementor-widget-container\">\n\t\t\t\t\t<h3 class=\"elementor-heading-title elementor-size-default\">Program \u010cesk\u00e9 televize<\/h3>\t\t\t\t<\/div>\n\t\t\t\t<\/div>\n\t\t\t\t<div class=\"elementor-element elementor-element-30cd96c elementor-absolute elementor-widget elementor-widget-button\" data-id=\"30cd96c\" data-element_type=\"widget\" data-e-type=\"widget\" data-settings=\"{&quot;_position&quot;:&quot;absolute&quot;}\" data-widget_type=\"button.default\">\n\t\t\t\t<div class=\"elementor-widget-container\">\n\t\t\t\t\t\t\t\t\t<div class=\"elementor-button-wrapper\">\n\t\t\t\t\t<a class=\"elementor-button elementor-button-link elementor-size-sm\" href=\"https:\/\/program.lfs.cz\/?&#038;alldates=1&#038;section=365\">\n\t\t\t\t\t\t<span class=\"elementor-button-content-wrapper\">\n\t\t\t\t\t\t\t\t\t<span class=\"elementor-button-text\">More<\/span>\n\t\t\t\t\t<\/span>\n\t\t\t\t\t<\/a>\n\t\t\t\t<\/div>\n\t\t\t\t\t\t\t\t<\/div>\n\t\t\t\t<\/div>\n\t\t\t\t\t<\/div>\n\t\t\t\t<\/div>\n\t\t<div class=\"elementor-element elementor-element-68f125b e-flex e-con-boxed e-con e-child\" data-id=\"68f125b\" data-element_type=\"container\" data-e-type=\"container\" data-settings=\"{&quot;background_background&quot;:&quot;classic&quot;}\">\n\t\t\t\t\t<div class=\"e-con-inner\">\n\t\t\t\t<div class=\"elementor-element elementor-element-f1082f3 pointer elementor-widget elementor-widget-image\" data-id=\"f1082f3\" data-element_type=\"widget\" data-e-type=\"widget\" data-widget_type=\"image.default\">\n\t\t\t\t<div class=\"elementor-widget-container\">\n\t\t\t\t\t\t\t\t\t\t\t\t\t\t\t<img decoding=\"async\" width=\"650\" height=\"870\" src=\"https:\/\/lfs.cz\/wp-content\/uploads\/2024\/07\/lfs24-program-cro-650x870-1.jpg\" class=\"attachment-medium_large size-medium_large wp-image-5559\" alt=\"\" srcset=\"https:\/\/lfs.cz\/wp-content\/uploads\/2024\/07\/lfs24-program-cro-650x870-1.jpg 650w, https:\/\/lfs.cz\/wp-content\/uploads\/2024\/07\/lfs24-program-cro-650x870-1-224x300.jpg 224w, https:\/\/lfs.cz\/wp-content\/uploads\/2024\/07\/lfs24-program-cro-650x870-1-9x12.jpg 9w\" sizes=\"(max-width: 650px) 100vw, 650px\" \/>\t\t\t\t\t\t\t\t\t\t\t\t\t\t\t<\/div>\n\t\t\t\t<\/div>\n\t\t\t\t<div class=\"elementor-element elementor-element-7fbfa5c elementor-absolute elementor-widget elementor-widget-heading\" data-id=\"7fbfa5c\" data-element_type=\"widget\" data-e-type=\"widget\" data-settings=\"{&quot;_position&quot;:&quot;absolute&quot;}\" data-widget_type=\"heading.default\">\n\t\t\t\t<div class=\"elementor-widget-container\">\n\t\t\t\t\t<h3 class=\"elementor-heading-title elementor-size-default\">Program \u010cesk\u00e9ho rozhlasu<\/h3>\t\t\t\t<\/div>\n\t\t\t\t<\/div>\n\t\t\t\t<div class=\"elementor-element elementor-element-53065cd elementor-absolute elementor-widget elementor-widget-button\" data-id=\"53065cd\" data-element_type=\"widget\" data-e-type=\"widget\" data-settings=\"{&quot;_position&quot;:&quot;absolute&quot;}\" data-widget_type=\"button.default\">\n\t\t\t\t<div class=\"elementor-widget-container\">\n\t\t\t\t\t\t\t\t\t<div class=\"elementor-button-wrapper\">\n\t\t\t\t\t<a class=\"elementor-button elementor-button-link elementor-size-sm\" href=\"https:\/\/program.lfs.cz\/?&#038;alldates=1&#038;section=366\">\n\t\t\t\t\t\t<span class=\"elementor-button-content-wrapper\">\n\t\t\t\t\t\t\t\t\t<span class=\"elementor-button-text\">More<\/span>\n\t\t\t\t\t<\/span>\n\t\t\t\t\t<\/a>\n\t\t\t\t<\/div>\n\t\t\t\t\t\t\t\t<\/div>\n\t\t\t\t<\/div>\n\t\t\t\t\t<\/div>\n\t\t\t\t<\/div>\n\t\t<div class=\"elementor-element elementor-element-8dd04f3 e-flex e-con-boxed e-con e-child\" data-id=\"8dd04f3\" data-element_type=\"container\" data-e-type=\"container\" data-settings=\"{&quot;background_background&quot;:&quot;classic&quot;}\">\n\t\t\t\t\t<div class=\"e-con-inner\">\n\t\t\t\t<div class=\"elementor-element elementor-element-33b7b3a pointer elementor-widget elementor-widget-image\" data-id=\"33b7b3a\" data-element_type=\"widget\" data-e-type=\"widget\" data-widget_type=\"image.default\">\n\t\t\t\t<div class=\"elementor-widget-container\">\n\t\t\t\t\t\t\t\t\t\t\t\t\t\t\t<img loading=\"lazy\" decoding=\"async\" width=\"650\" height=\"870\" src=\"https:\/\/lfs.cz\/wp-content\/uploads\/2024\/07\/lfs24-program-respekt-650x870-1.jpg\" class=\"attachment-medium_large size-medium_large wp-image-5557\" alt=\"\" srcset=\"https:\/\/lfs.cz\/wp-content\/uploads\/2024\/07\/lfs24-program-respekt-650x870-1.jpg 650w, https:\/\/lfs.cz\/wp-content\/uploads\/2024\/07\/lfs24-program-respekt-650x870-1-224x300.jpg 224w, https:\/\/lfs.cz\/wp-content\/uploads\/2024\/07\/lfs24-program-respekt-650x870-1-9x12.jpg 9w\" sizes=\"(max-width: 650px) 100vw, 650px\" \/>\t\t\t\t\t\t\t\t\t\t\t\t\t\t\t<\/div>\n\t\t\t\t<\/div>\n\t\t\t\t<div class=\"elementor-element elementor-element-067cd37 elementor-absolute elementor-widget elementor-widget-heading\" data-id=\"067cd37\" data-element_type=\"widget\" data-e-type=\"widget\" data-settings=\"{&quot;_position&quot;:&quot;absolute&quot;}\" data-widget_type=\"heading.default\">\n\t\t\t\t<div class=\"elementor-widget-container\">\n\t\t\t\t\t<h3 class=\"elementor-heading-title elementor-size-default\">Program Respektu<\/h3>\t\t\t\t<\/div>\n\t\t\t\t<\/div>\n\t\t\t\t<div class=\"elementor-element elementor-element-e6674b8 elementor-absolute elementor-widget elementor-widget-button\" data-id=\"e6674b8\" data-element_type=\"widget\" data-e-type=\"widget\" data-settings=\"{&quot;_position&quot;:&quot;absolute&quot;}\" data-widget_type=\"button.default\">\n\t\t\t\t<div class=\"elementor-widget-container\">\n\t\t\t\t\t\t\t\t\t<div class=\"elementor-button-wrapper\">\n\t\t\t\t\t<a class=\"elementor-button elementor-button-link elementor-size-sm\" href=\"https:\/\/program.lfs.cz\/?&#038;alldates=1&#038;section=367\">\n\t\t\t\t\t\t<span class=\"elementor-button-content-wrapper\">\n\t\t\t\t\t\t\t\t\t<span class=\"elementor-button-text\">More<\/span>\n\t\t\t\t\t<\/span>\n\t\t\t\t\t<\/a>\n\t\t\t\t<\/div>\n\t\t\t\t\t\t\t\t<\/div>\n\t\t\t\t<\/div>\n\t\t\t\t\t<\/div>\n\t\t\t\t<\/div>\n\t\t\t\t\t<\/div>\n\t\t\t\t<\/div>\n\t\t\t\t<\/div>","protected":false},"excerpt":{"rendered":"<p>Odborn\u00fd program 2025 Odborn\u00fd program v Mal\u00e9m s\u00e1le Klubu kultury je p\u0159\u00edstupn\u00fd pouze s platnou akreditac\u00ed. Program ve stanech ve Smetanov\u00fdch sadech (LF\u0160 stan \/ Respekt stan, Stan \u010cesk\u00e9 televize a Stan \u010cesk\u00e9ho rozhlasu) je p\u0159\u00edstupn\u00fd zdarma i bez akreditace. Odborn\u00fd program V\u00edce Program \u010cesk\u00e9 televize V\u00edce Program \u010cesk\u00e9ho rozhlasu V\u00edce Program Respektu V\u00edce<\/p>","protected":false},"author":1,"featured_media":0,"parent":0,"menu_order":0,"comment_status":"closed","ping_status":"closed","template":"","meta":{"_seopress_robots_primary_cat":"","_seopress_titles_title":"","_seopress_titles_desc":"","_seopress_robots_index":"","_seopress_analysis_target_kw":"","footnotes":""},"class_list":["post-11821","page","type-page","status-publish","hentry"],"_links":{"self":[{"href":"https:\/\/lfs.cz\/en\/wp-json\/wp\/v2\/pages\/11821","targetHints":{"allow":["GET"]}}],"collection":[{"href":"https:\/\/lfs.cz\/en\/wp-json\/wp\/v2\/pages"}],"about":[{"href":"https:\/\/lfs.cz\/en\/wp-json\/wp\/v2\/types\/page"}],"author":[{"embeddable":true,"href":"https:\/\/lfs.cz\/en\/wp-json\/wp\/v2\/users\/1"}],"replies":[{"embeddable":true,"href":"https:\/\/lfs.cz\/en\/wp-json\/wp\/v2\/comments?post=11821"}],"version-history":[{"count":19,"href":"https:\/\/lfs.cz\/en\/wp-json\/wp\/v2\/pages\/11821\/revisions"}],"predecessor-version":[{"id":11846,"href":"https:\/\/lfs.cz\/en\/wp-json\/wp\/v2\/pages\/11821\/revisions\/11846"}],"wp:attachment":[{"href":"https:\/\/lfs.cz\/en\/wp-json\/wp\/v2\/media?parent=11821"}],"curies":[{"name":"wp","href":"https:\/\/api.w.org\/{rel}","templated":true}]}}