{"id":11734,"date":"2025-07-14T12:29:48","date_gmt":"2025-07-14T10:29:48","guid":{"rendered":"https:\/\/lfs.cz\/?page_id=11734"},"modified":"2025-07-27T12:17:03","modified_gmt":"2025-07-27T10:17:03","slug":"nova-realita-2025","status":"publish","type":"page","link":"https:\/\/lfs.cz\/en\/nova-realita-2025\/","title":{"rendered":"Nov\u00e1 realita 2025"},"content":{"rendered":"\t\t<div data-elementor-type=\"wp-page\" data-elementor-id=\"11734\" class=\"elementor elementor-11734\" data-elementor-post-type=\"page\">\n\t\t\t\t<div class=\"elementor-element elementor-element-04dc7e9 e-flex e-con-boxed e-con e-parent\" data-id=\"04dc7e9\" data-element_type=\"container\" data-e-type=\"container\">\n\t\t\t\t\t<div class=\"e-con-inner\">\n\t\t\t\t<div class=\"elementor-element elementor-element-723baeb elementor-widget elementor-widget-heading\" data-id=\"723baeb\" data-element_type=\"widget\" data-e-type=\"widget\" data-widget_type=\"heading.default\">\n\t\t\t\t<div class=\"elementor-widget-container\">\n\t\t\t\t\t<h1 class=\"elementor-heading-title elementor-size-default\">Nov\u00e1 realita 2025<\/h1>\t\t\t\t<\/div>\n\t\t\t\t<\/div>\n\t\t\t\t<div class=\"elementor-element elementor-element-b2cc298 elementor-widget__width-initial elementor-widget-widescreen__width-initial elementor-widget elementor-widget-text-editor\" data-id=\"b2cc298\" data-element_type=\"widget\" data-e-type=\"widget\" data-widget_type=\"text-editor.default\">\n\t\t\t\t<div class=\"elementor-widget-container\">\n\t\t\t\t\t\t\t\t\t<h5>Nov\u00e1 realita je inspira\u010dn\u00ed diskusn\u00ed f\u00f3rum p\u0159edstavuj\u00edc\u00ed projekty a t\u00e9mata, kter\u00e9 zviditel\u0148uj\u00ed d\u016fle\u017eit\u00e9 oblasti na\u0161\u00ed spole\u010dnosti. V leto\u0161n\u00edm roce otev\u0159eme d\u016fle\u017eit\u00e1 t\u00e9mata jako Inkluze ve \u0161kolstv\u00ed, Udr\u017eitelnost a to nejen v audiovizi, \u017div\u00e1 voda 2.0 aneb jak vr\u00e1tit vod\u011b jej\u00ed vit\u00e1ln\u00ed s\u00edlu a mo\u017enosti jej\u00edho vyu\u017eit\u00ed, co sebou p\u0159in\u00e1\u0161\u00ed p\u00e9\u010de o st\u00e1rnouc\u00ed rodi\u010de nebo psychiatrick\u00fd v\u00fdzkum psychedelik v Amazonii. Sekci jsme letos doplnili tak\u00e9 o dva filmy &#8222;Doktor na tripu&#8220; a &#8222;Moudrost \u0161t\u011bst\u00ed&#8220; a tak\u00e9 jsme ke v\u0161em t\u00e9mat\u016fm pozvali velice inspirativn\u00ed hosty, s nimi\u017e budou m\u00edt n\u00e1v\u0161t\u011bvn\u00edci mo\u017enost v r\u00e1mci sekce besedovat.<\/h5>\t\t\t\t\t\t\t\t<\/div>\n\t\t\t\t<\/div>\n\t\t\t\t\t<\/div>\n\t\t\t\t<\/div>\n\t\t<div class=\"elementor-element elementor-element-2ed6931 e-con-full e-flex e-con e-parent\" data-id=\"2ed6931\" data-element_type=\"container\" data-e-type=\"container\">\n\t\t\t\t<div class=\"elementor-element elementor-element-a1d707a elementor-grid-3 elementor-grid-tablet-2 elementor-grid-mobile-1 elementor-widget elementor-widget-loop-grid\" data-id=\"a1d707a\" data-element_type=\"widget\" data-e-type=\"widget\" data-settings=\"{&quot;template_id&quot;:&quot;5526&quot;,&quot;columns&quot;:3,&quot;row_gap&quot;:{&quot;unit&quot;:&quot;px&quot;,&quot;size&quot;:25,&quot;sizes&quot;:[]},&quot;row_gap_widescreen&quot;:{&quot;unit&quot;:&quot;px&quot;,&quot;size&quot;:25,&quot;sizes&quot;:[]},&quot;_skin&quot;:&quot;post&quot;,&quot;columns_tablet&quot;:&quot;2&quot;,&quot;columns_mobile&quot;:&quot;1&quot;,&quot;edit_handle_selector&quot;:&quot;[data-elementor-type=\\&quot;loop-item\\&quot;]&quot;,&quot;row_gap_laptop&quot;:{&quot;unit&quot;:&quot;px&quot;,&quot;size&quot;:&quot;&quot;,&quot;sizes&quot;:[]},&quot;row_gap_tablet_extra&quot;:{&quot;unit&quot;:&quot;px&quot;,&quot;size&quot;:&quot;&quot;,&quot;sizes&quot;:[]},&quot;row_gap_tablet&quot;:{&quot;unit&quot;:&quot;px&quot;,&quot;size&quot;:&quot;&quot;,&quot;sizes&quot;:[]},&quot;row_gap_mobile&quot;:{&quot;unit&quot;:&quot;px&quot;,&quot;size&quot;:&quot;&quot;,&quot;sizes&quot;:[]}}\" data-widget_type=\"loop-grid.post\">\n\t\t\t\t<div class=\"elementor-widget-container\">\n\t\t\t\t\t\t\t<div class=\"elementor-loop-container elementor-grid\" role=\"list\">\n\t\t<style id=\"loop-5526\">.elementor-5526 .elementor-element.elementor-element-2e4bd7fd{--display:flex;--flex-direction:column;--container-widget-width:calc( ( 1 - var( --container-widget-flex-grow ) ) * 100% );--container-widget-height:initial;--container-widget-flex-grow:0;--container-widget-align-self:initial;--flex-wrap-mobile:wrap;--justify-content:flex-start;--align-items:flex-start;--gap:0px 0px;--row-gap:0px;--column-gap:0px;--padding-top:0px;--padding-bottom:10px;--padding-left:0px;--padding-right:0px;}.elementor-widget-theme-post-featured-image .widget-image-caption{color:var( --e-global-color-text );font-family:var( --e-global-typography-text-font-family ), Sans-serif;}.elementor-5526 .elementor-element.elementor-element-4b546c44:hover img{opacity:0.8;}.elementor-5526 .elementor-element.elementor-element-4b546c44 img{transition-duration:0.3s;border-radius:0px 0px 0px 0px;}.elementor-5526 .elementor-element.elementor-element-c1aeb23 .jet-listing-dynamic-field__content{color:var( --e-global-color-primary );font-size:26px;font-weight:500;line-height:1.1em;text-align:left;}.elementor-5526 .elementor-element.elementor-element-c1aeb23 .jet-listing-dynamic-field .jet-listing-dynamic-field__inline-wrap{width:auto;}.elementor-5526 .elementor-element.elementor-element-c1aeb23 .jet-listing-dynamic-field .jet-listing-dynamic-field__content{width:auto;}.elementor-5526 .elementor-element.elementor-element-c1aeb23 .jet-listing-dynamic-field{justify-content:flex-start;}.elementor-5526 .elementor-element.elementor-element-c1aeb23 > .elementor-widget-container{margin:15px 0px 0px 0px;padding:0px 0px 0px 0px;}.elementor-5526 .elementor-element.elementor-element-fac523 .jet-listing-dynamic-field__content{color:var( --e-global-color-63bc38a );font-size:14px;line-height:1.1em;text-align:left;}.elementor-5526 .elementor-element.elementor-element-fac523 .jet-listing-dynamic-field .jet-listing-dynamic-field__inline-wrap{width:auto;}.elementor-5526 .elementor-element.elementor-element-fac523 .jet-listing-dynamic-field .jet-listing-dynamic-field__content{width:auto;}.elementor-5526 .elementor-element.elementor-element-fac523 .jet-listing-dynamic-field{justify-content:flex-start;}.elementor-5526 .elementor-element.elementor-element-fac523 > .elementor-widget-container{margin:7px 0px -3px 0px;padding:0px 0px 0px 0px;}.elementor-5526 .elementor-element.elementor-element-fac523{width:100%;max-width:100%;}@media(max-width:1366px){.elementor-5526 .elementor-element.elementor-element-c1aeb23 .jet-listing-dynamic-field__content{font-size:26px;}}@media(max-width:1200px){.elementor-5526 .elementor-element.elementor-element-c1aeb23 .jet-listing-dynamic-field__content{font-size:22px;}}@media(max-width:1024px){.elementor-5526 .elementor-element.elementor-element-c1aeb23 .jet-listing-dynamic-field__content{font-size:20px;}}@media(max-width:767px){.elementor-5526 .elementor-element.elementor-element-2e4bd7fd{--padding-top:0px;--padding-bottom:0px;--padding-left:0px;--padding-right:0px;}.elementor-5526 .elementor-element.elementor-element-c1aeb23 .jet-listing-dynamic-field__content{font-size:22px;letter-spacing:0px;}.elementor-5526 .elementor-element.elementor-element-fac523 > .elementor-widget-container{margin:4px 0px 0px 0px;}}@media(min-width:768px){.elementor-5526 .elementor-element.elementor-element-2e4bd7fd{--width:100%;}}@media(min-width:1500px){.elementor-5526 .elementor-element.elementor-element-2e4bd7fd{--gap:0px 0px;--row-gap:0px;--column-gap:0px;}.elementor-5526 .elementor-element.elementor-element-2e4bd7fd.e-con{--align-self:flex-start;}.elementor-5526 .elementor-element.elementor-element-c1aeb23 .jet-listing-dynamic-field__content{font-size:32px;line-height:1.1em;}.elementor-5526 .elementor-element.elementor-element-c1aeb23 > .elementor-widget-container{margin:15px 0px 0px 0px;}}<\/style>\t\t<div data-elementor-type=\"loop-item\" data-elementor-id=\"5526\" class=\"elementor elementor-5526 e-loop-item e-loop-item-11770 post-11770 nova-realita type-nova-realita status-publish has-post-thumbnail hentry rocnik-56\" data-elementor-post-type=\"elementor_library\" data-custom-edit-handle=\"1\">\n\t\t\t<a class=\"elementor-element elementor-element-2e4bd7fd e-con-full e-flex e-con e-parent\" data-id=\"2e4bd7fd\" data-element_type=\"container\" data-e-type=\"container\" href=\"https:\/\/lfs.cz\/en\/nova-realita\/inkluze-jako-dar\/\">\n\t\t\t\t<div class=\"elementor-element elementor-element-4b546c44 elementor-widget elementor-widget-theme-post-featured-image elementor-widget-image\" data-id=\"4b546c44\" data-element_type=\"widget\" data-e-type=\"widget\" data-widget_type=\"theme-post-featured-image.default\">\n\t\t\t\t<div class=\"elementor-widget-container\">\n\t\t\t\t\t\t\t\t\t\t\t\t\t\t\t<img fetchpriority=\"high\" decoding=\"async\" width=\"800\" height=\"534\" src=\"https:\/\/lfs.cz\/wp-content\/uploads\/2025\/07\/5582-1024x683.webp\" class=\"attachment-large size-large wp-image-11773\" alt=\"\" srcset=\"https:\/\/lfs.cz\/wp-content\/uploads\/2025\/07\/5582-1024x683.webp 1024w, https:\/\/lfs.cz\/wp-content\/uploads\/2025\/07\/5582-300x200.webp 300w, https:\/\/lfs.cz\/wp-content\/uploads\/2025\/07\/5582-768x512.webp 768w, https:\/\/lfs.cz\/wp-content\/uploads\/2025\/07\/5582-1536x1024.webp 1536w, https:\/\/lfs.cz\/wp-content\/uploads\/2025\/07\/5582-18x12.webp 18w, https:\/\/lfs.cz\/wp-content\/uploads\/2025\/07\/5582.webp 1920w\" sizes=\"(max-width: 800px) 100vw, 800px\" \/>\t\t\t\t\t\t\t\t\t\t\t\t\t\t\t<\/div>\n\t\t\t\t<\/div>\n\t\t\t\t<div class=\"elementor-element elementor-element-c1aeb23 elementor-widget elementor-widget-jet-listing-dynamic-field\" data-id=\"c1aeb23\" data-element_type=\"widget\" data-e-type=\"widget\" data-widget_type=\"jet-listing-dynamic-field.default\">\n\t\t\t\t<div class=\"elementor-widget-container\">\n\t\t\t\t\t<div class=\"jet-listing jet-listing-dynamic-field display-inline\"><div class=\"jet-listing-dynamic-field__inline-wrap\"><div class=\"jet-listing-dynamic-field__content\" >Inkluze jako dar<\/div><\/div><\/div>\t\t\t\t<\/div>\n\t\t\t\t<\/div>\n\t\t\t\t<div class=\"elementor-element elementor-element-fac523 elementor-widget__width-inherit elementor-widget elementor-widget-jet-listing-dynamic-field\" data-id=\"fac523\" data-element_type=\"widget\" data-e-type=\"widget\" data-widget_type=\"jet-listing-dynamic-field.default\">\n\t\t\t\t<div class=\"elementor-widget-container\">\n\t\t\t\t\t<div class=\"jet-listing jet-listing-dynamic-field display-inline\"><div class=\"jet-listing-dynamic-field__inline-wrap\"><div class=\"jet-listing-dynamic-field__content\" > So 26.07.2025 \/ 11:00 - 13:00 \/ Stan literatury\/Nov\u00e9 reality<\/div><\/div><\/div>\t\t\t\t<\/div>\n\t\t\t\t<\/div>\n\t\t\t\t<\/a>\n\t\t\t\t<\/div>\n\t\t\t\t<div data-elementor-type=\"loop-item\" data-elementor-id=\"5526\" class=\"elementor elementor-5526 e-loop-item e-loop-item-11774 post-11774 nova-realita type-nova-realita status-publish has-post-thumbnail hentry rocnik-56\" data-elementor-post-type=\"elementor_library\" data-custom-edit-handle=\"1\">\n\t\t\t<a class=\"elementor-element elementor-element-2e4bd7fd e-con-full e-flex e-con e-parent\" data-id=\"2e4bd7fd\" data-element_type=\"container\" data-e-type=\"container\" href=\"https:\/\/lfs.cz\/en\/nova-realita\/udrzitelnost-jako-cesta\/\">\n\t\t\t\t<div class=\"elementor-element elementor-element-4b546c44 elementor-widget elementor-widget-theme-post-featured-image elementor-widget-image\" data-id=\"4b546c44\" data-element_type=\"widget\" data-e-type=\"widget\" data-widget_type=\"theme-post-featured-image.default\">\n\t\t\t\t<div class=\"elementor-widget-container\">\n\t\t\t\t\t\t\t\t\t\t\t\t\t\t\t<img decoding=\"async\" width=\"800\" height=\"534\" src=\"https:\/\/lfs.cz\/wp-content\/uploads\/2025\/07\/5584-1024x683.webp\" class=\"attachment-large size-large wp-image-11777\" alt=\"\" srcset=\"https:\/\/lfs.cz\/wp-content\/uploads\/2025\/07\/5584-1024x683.webp 1024w, https:\/\/lfs.cz\/wp-content\/uploads\/2025\/07\/5584-300x200.webp 300w, https:\/\/lfs.cz\/wp-content\/uploads\/2025\/07\/5584-768x512.webp 768w, https:\/\/lfs.cz\/wp-content\/uploads\/2025\/07\/5584-1536x1024.webp 1536w, https:\/\/lfs.cz\/wp-content\/uploads\/2025\/07\/5584-18x12.webp 18w, https:\/\/lfs.cz\/wp-content\/uploads\/2025\/07\/5584.webp 1920w\" sizes=\"(max-width: 800px) 100vw, 800px\" \/>\t\t\t\t\t\t\t\t\t\t\t\t\t\t\t<\/div>\n\t\t\t\t<\/div>\n\t\t\t\t<div class=\"elementor-element elementor-element-c1aeb23 elementor-widget elementor-widget-jet-listing-dynamic-field\" data-id=\"c1aeb23\" data-element_type=\"widget\" data-e-type=\"widget\" data-widget_type=\"jet-listing-dynamic-field.default\">\n\t\t\t\t<div class=\"elementor-widget-container\">\n\t\t\t\t\t<div class=\"jet-listing jet-listing-dynamic-field display-inline\"><div class=\"jet-listing-dynamic-field__inline-wrap\"><div class=\"jet-listing-dynamic-field__content\" >Udr\u017eitelnost jako cesta<\/div><\/div><\/div>\t\t\t\t<\/div>\n\t\t\t\t<\/div>\n\t\t\t\t<div class=\"elementor-element elementor-element-fac523 elementor-widget__width-inherit elementor-widget elementor-widget-jet-listing-dynamic-field\" data-id=\"fac523\" data-element_type=\"widget\" data-e-type=\"widget\" data-widget_type=\"jet-listing-dynamic-field.default\">\n\t\t\t\t<div class=\"elementor-widget-container\">\n\t\t\t\t\t<div class=\"jet-listing jet-listing-dynamic-field display-inline\"><div class=\"jet-listing-dynamic-field__inline-wrap\"><div class=\"jet-listing-dynamic-field__content\" > Ne 27.07.2025 \/ 11:00 - 13:00 \/ Stan literatury\/Nov\u00e9 reality<\/div><\/div><\/div>\t\t\t\t<\/div>\n\t\t\t\t<\/div>\n\t\t\t\t<\/a>\n\t\t\t\t<\/div>\n\t\t\t\t<div data-elementor-type=\"loop-item\" data-elementor-id=\"5526\" class=\"elementor elementor-5526 e-loop-item e-loop-item-11778 post-11778 nova-realita type-nova-realita status-publish has-post-thumbnail hentry rocnik-56\" data-elementor-post-type=\"elementor_library\" data-custom-edit-handle=\"1\">\n\t\t\t<a class=\"elementor-element elementor-element-2e4bd7fd e-con-full e-flex e-con e-parent\" data-id=\"2e4bd7fd\" data-element_type=\"container\" data-e-type=\"container\" href=\"https:\/\/lfs.cz\/en\/nova-realita\/ziva-voda-2-0\/\">\n\t\t\t\t<div class=\"elementor-element elementor-element-4b546c44 elementor-widget elementor-widget-theme-post-featured-image elementor-widget-image\" data-id=\"4b546c44\" data-element_type=\"widget\" data-e-type=\"widget\" data-widget_type=\"theme-post-featured-image.default\">\n\t\t\t\t<div class=\"elementor-widget-container\">\n\t\t\t\t\t\t\t\t\t\t\t\t\t\t\t<img decoding=\"async\" width=\"800\" height=\"534\" src=\"https:\/\/lfs.cz\/wp-content\/uploads\/2025\/07\/5585-1024x683.webp\" class=\"attachment-large size-large wp-image-11785\" alt=\"\" srcset=\"https:\/\/lfs.cz\/wp-content\/uploads\/2025\/07\/5585-1024x683.webp 1024w, https:\/\/lfs.cz\/wp-content\/uploads\/2025\/07\/5585-300x200.webp 300w, https:\/\/lfs.cz\/wp-content\/uploads\/2025\/07\/5585-768x512.webp 768w, https:\/\/lfs.cz\/wp-content\/uploads\/2025\/07\/5585-1536x1024.webp 1536w, https:\/\/lfs.cz\/wp-content\/uploads\/2025\/07\/5585-18x12.webp 18w, https:\/\/lfs.cz\/wp-content\/uploads\/2025\/07\/5585.webp 1920w\" sizes=\"(max-width: 800px) 100vw, 800px\" \/>\t\t\t\t\t\t\t\t\t\t\t\t\t\t\t<\/div>\n\t\t\t\t<\/div>\n\t\t\t\t<div class=\"elementor-element elementor-element-c1aeb23 elementor-widget elementor-widget-jet-listing-dynamic-field\" data-id=\"c1aeb23\" data-element_type=\"widget\" data-e-type=\"widget\" data-widget_type=\"jet-listing-dynamic-field.default\">\n\t\t\t\t<div class=\"elementor-widget-container\">\n\t\t\t\t\t<div class=\"jet-listing jet-listing-dynamic-field display-inline\"><div class=\"jet-listing-dynamic-field__inline-wrap\"><div class=\"jet-listing-dynamic-field__content\" >\u017div\u00e1 voda 2.0<\/div><\/div><\/div>\t\t\t\t<\/div>\n\t\t\t\t<\/div>\n\t\t\t\t<div class=\"elementor-element elementor-element-fac523 elementor-widget__width-inherit elementor-widget elementor-widget-jet-listing-dynamic-field\" data-id=\"fac523\" data-element_type=\"widget\" data-e-type=\"widget\" data-widget_type=\"jet-listing-dynamic-field.default\">\n\t\t\t\t<div class=\"elementor-widget-container\">\n\t\t\t\t\t<div class=\"jet-listing jet-listing-dynamic-field display-inline\"><div class=\"jet-listing-dynamic-field__inline-wrap\"><div class=\"jet-listing-dynamic-field__content\" > Po 28.07.2025 \/ 11:00 - 13:00 \/ Stan literatury\/Nov\u00e9 reality<\/div><\/div><\/div>\t\t\t\t<\/div>\n\t\t\t\t<\/div>\n\t\t\t\t<\/a>\n\t\t\t\t<\/div>\n\t\t\t\t<div data-elementor-type=\"loop-item\" data-elementor-id=\"5526\" class=\"elementor elementor-5526 e-loop-item e-loop-item-11786 post-11786 nova-realita type-nova-realita status-publish has-post-thumbnail hentry rocnik-56\" data-elementor-post-type=\"elementor_library\" data-custom-edit-handle=\"1\">\n\t\t\t<a class=\"elementor-element elementor-element-2e4bd7fd e-con-full e-flex e-con e-parent\" data-id=\"2e4bd7fd\" data-element_type=\"container\" data-e-type=\"container\" href=\"https:\/\/lfs.cz\/en\/nova-realita\/kdyz-se-role-obrati-rodice-starnou-blizci-pecuji\/\">\n\t\t\t\t<div class=\"elementor-element elementor-element-4b546c44 elementor-widget elementor-widget-theme-post-featured-image elementor-widget-image\" data-id=\"4b546c44\" data-element_type=\"widget\" data-e-type=\"widget\" data-widget_type=\"theme-post-featured-image.default\">\n\t\t\t\t<div class=\"elementor-widget-container\">\n\t\t\t\t\t\t\t\t\t\t\t\t\t\t\t<img loading=\"lazy\" decoding=\"async\" width=\"800\" height=\"534\" src=\"https:\/\/lfs.cz\/wp-content\/uploads\/2025\/07\/5586-1024x683.webp\" class=\"attachment-large size-large wp-image-11789\" alt=\"\" srcset=\"https:\/\/lfs.cz\/wp-content\/uploads\/2025\/07\/5586-1024x683.webp 1024w, https:\/\/lfs.cz\/wp-content\/uploads\/2025\/07\/5586-300x200.webp 300w, https:\/\/lfs.cz\/wp-content\/uploads\/2025\/07\/5586-768x512.webp 768w, https:\/\/lfs.cz\/wp-content\/uploads\/2025\/07\/5586-1536x1024.webp 1536w, https:\/\/lfs.cz\/wp-content\/uploads\/2025\/07\/5586-18x12.webp 18w, https:\/\/lfs.cz\/wp-content\/uploads\/2025\/07\/5586.webp 1920w\" sizes=\"(max-width: 800px) 100vw, 800px\" \/>\t\t\t\t\t\t\t\t\t\t\t\t\t\t\t<\/div>\n\t\t\t\t<\/div>\n\t\t\t\t<div class=\"elementor-element elementor-element-c1aeb23 elementor-widget elementor-widget-jet-listing-dynamic-field\" data-id=\"c1aeb23\" data-element_type=\"widget\" data-e-type=\"widget\" data-widget_type=\"jet-listing-dynamic-field.default\">\n\t\t\t\t<div class=\"elementor-widget-container\">\n\t\t\t\t\t<div class=\"jet-listing jet-listing-dynamic-field display-inline\"><div class=\"jet-listing-dynamic-field__inline-wrap\"><div class=\"jet-listing-dynamic-field__content\" >Kdy\u017e se role obr\u00e1t\u00ed: Rodi\u010de st\u00e1rnou, bl\u00edzc\u00ed pe\u010duj\u00ed<\/div><\/div><\/div>\t\t\t\t<\/div>\n\t\t\t\t<\/div>\n\t\t\t\t<div class=\"elementor-element elementor-element-fac523 elementor-widget__width-inherit elementor-widget elementor-widget-jet-listing-dynamic-field\" data-id=\"fac523\" data-element_type=\"widget\" data-e-type=\"widget\" data-widget_type=\"jet-listing-dynamic-field.default\">\n\t\t\t\t<div class=\"elementor-widget-container\">\n\t\t\t\t\t<div class=\"jet-listing jet-listing-dynamic-field display-inline\"><div class=\"jet-listing-dynamic-field__inline-wrap\"><div class=\"jet-listing-dynamic-field__content\" > \u00dat 29.07.2025 \/ 11:00 - 13:00 \/ Stan literatury\/Nov\u00e9 reality<\/div><\/div><\/div>\t\t\t\t<\/div>\n\t\t\t\t<\/div>\n\t\t\t\t<\/a>\n\t\t\t\t<\/div>\n\t\t\t\t<div data-elementor-type=\"loop-item\" data-elementor-id=\"5526\" class=\"elementor elementor-5526 e-loop-item e-loop-item-11790 post-11790 nova-realita type-nova-realita status-publish has-post-thumbnail hentry rocnik-56\" data-elementor-post-type=\"elementor_library\" data-custom-edit-handle=\"1\">\n\t\t\t<a class=\"elementor-element elementor-element-2e4bd7fd e-con-full e-flex e-con e-parent\" data-id=\"2e4bd7fd\" data-element_type=\"container\" data-e-type=\"container\" href=\"https:\/\/lfs.cz\/en\/nova-realita\/psychedelicky-vyzkum-v-amazonii\/\">\n\t\t\t\t<div class=\"elementor-element elementor-element-4b546c44 elementor-widget elementor-widget-theme-post-featured-image elementor-widget-image\" data-id=\"4b546c44\" data-element_type=\"widget\" data-e-type=\"widget\" data-widget_type=\"theme-post-featured-image.default\">\n\t\t\t\t<div class=\"elementor-widget-container\">\n\t\t\t\t\t\t\t\t\t\t\t\t\t\t\t<img loading=\"lazy\" decoding=\"async\" width=\"800\" height=\"534\" src=\"https:\/\/lfs.cz\/wp-content\/uploads\/2025\/07\/5587-1024x683.webp\" class=\"attachment-large size-large wp-image-11793\" alt=\"\" srcset=\"https:\/\/lfs.cz\/wp-content\/uploads\/2025\/07\/5587-1024x683.webp 1024w, https:\/\/lfs.cz\/wp-content\/uploads\/2025\/07\/5587-300x200.webp 300w, https:\/\/lfs.cz\/wp-content\/uploads\/2025\/07\/5587-768x512.webp 768w, https:\/\/lfs.cz\/wp-content\/uploads\/2025\/07\/5587-1536x1024.webp 1536w, https:\/\/lfs.cz\/wp-content\/uploads\/2025\/07\/5587-18x12.webp 18w, https:\/\/lfs.cz\/wp-content\/uploads\/2025\/07\/5587.webp 1920w\" sizes=\"(max-width: 800px) 100vw, 800px\" \/>\t\t\t\t\t\t\t\t\t\t\t\t\t\t\t<\/div>\n\t\t\t\t<\/div>\n\t\t\t\t<div class=\"elementor-element elementor-element-c1aeb23 elementor-widget elementor-widget-jet-listing-dynamic-field\" data-id=\"c1aeb23\" data-element_type=\"widget\" data-e-type=\"widget\" data-widget_type=\"jet-listing-dynamic-field.default\">\n\t\t\t\t<div class=\"elementor-widget-container\">\n\t\t\t\t\t<div class=\"jet-listing jet-listing-dynamic-field display-inline\"><div class=\"jet-listing-dynamic-field__inline-wrap\"><div class=\"jet-listing-dynamic-field__content\" >Psychedelick\u00fd v\u00fdzkum v Amazonii<\/div><\/div><\/div>\t\t\t\t<\/div>\n\t\t\t\t<\/div>\n\t\t\t\t<div class=\"elementor-element elementor-element-fac523 elementor-widget__width-inherit elementor-widget elementor-widget-jet-listing-dynamic-field\" data-id=\"fac523\" data-element_type=\"widget\" data-e-type=\"widget\" data-widget_type=\"jet-listing-dynamic-field.default\">\n\t\t\t\t<div class=\"elementor-widget-container\">\n\t\t\t\t\t<div class=\"jet-listing jet-listing-dynamic-field display-inline\"><div class=\"jet-listing-dynamic-field__inline-wrap\"><div class=\"jet-listing-dynamic-field__content\" > St 30.07.2025 \/ 11:00 - 13:00 \/ Stan literatury\/Nov\u00e9 reality<\/div><\/div><\/div>\t\t\t\t<\/div>\n\t\t\t\t<\/div>\n\t\t\t\t<\/a>\n\t\t\t\t<\/div>\n\t\t\t\t<\/div>\n\t\t\n\t\t\t\t\t\t<\/div>\n\t\t\t\t<\/div>\n\t\t<div class=\"elementor-element elementor-element-bf858a6 e-con-full e-flex e-con e-child\" data-id=\"bf858a6\" data-element_type=\"container\" data-e-type=\"container\">\n\t\t\t\t<\/div>\n\t\t\t\t<\/div>\n\t\t\t\t<\/div>\n\t\t","protected":false},"excerpt":{"rendered":"<p>Nov\u00e1 realita 2025 Nov\u00e1 realita je inspira\u010dn\u00ed diskusn\u00ed f\u00f3rum p\u0159edstavuj\u00edc\u00ed projekty a t\u00e9mata, kter\u00e9 zviditel\u0148uj\u00ed d\u016fle\u017eit\u00e9 oblasti na\u0161\u00ed spole\u010dnosti. V leto\u0161n\u00edm roce otev\u0159eme d\u016fle\u017eit\u00e1 t\u00e9mata jako Inkluze ve \u0161kolstv\u00ed, Udr\u017eitelnost a to nejen v audiovizi, \u017div\u00e1 voda 2.0 aneb jak vr\u00e1tit vod\u011b jej\u00ed vit\u00e1ln\u00ed s\u00edlu a mo\u017enosti jej\u00edho vyu\u017eit\u00ed, co sebou p\u0159in\u00e1\u0161\u00ed p\u00e9\u010de o st\u00e1rnouc\u00ed [&hellip;]<\/p>\n","protected":false},"author":1,"featured_media":0,"parent":0,"menu_order":0,"comment_status":"closed","ping_status":"closed","template":"","meta":{"_seopress_robots_primary_cat":"","_seopress_titles_title":"","_seopress_titles_desc":"","_seopress_robots_index":"","footnotes":""},"class_list":["post-11734","page","type-page","status-publish","hentry"],"_links":{"self":[{"href":"https:\/\/lfs.cz\/en\/wp-json\/wp\/v2\/pages\/11734","targetHints":{"allow":["GET"]}}],"collection":[{"href":"https:\/\/lfs.cz\/en\/wp-json\/wp\/v2\/pages"}],"about":[{"href":"https:\/\/lfs.cz\/en\/wp-json\/wp\/v2\/types\/page"}],"author":[{"embeddable":true,"href":"https:\/\/lfs.cz\/en\/wp-json\/wp\/v2\/users\/1"}],"replies":[{"embeddable":true,"href":"https:\/\/lfs.cz\/en\/wp-json\/wp\/v2\/comments?post=11734"}],"version-history":[{"count":10,"href":"https:\/\/lfs.cz\/en\/wp-json\/wp\/v2\/pages\/11734\/revisions"}],"predecessor-version":[{"id":12496,"href":"https:\/\/lfs.cz\/en\/wp-json\/wp\/v2\/pages\/11734\/revisions\/12496"}],"wp:attachment":[{"href":"https:\/\/lfs.cz\/en\/wp-json\/wp\/v2\/media?parent=11734"}],"curies":[{"name":"wp","href":"https:\/\/api.w.org\/{rel}","templated":true}]}}